{"id":9741,"date":"2024-10-25T10:03:04","date_gmt":"2024-10-25T08:03:04","guid":{"rendered":"https:\/\/www.gigacer.it\/gamma\/non%20class\u00e9\/tosca\/"},"modified":"2025-11-04T12:38:52","modified_gmt":"2025-11-04T11:38:52","slug":"tosca","status":"publish","type":"product","link":"https:\/\/www.gigacer.it\/fr\/gamme\/gigacer\/tosca\/","title":{"rendered":"Tosca"},"content":{"rendered":"<p>Dans la collection Tosca, la beaut\u00e9 intemporelle de la pierre d\u2019Orcia se fond avec le savoir-faire de l\u2019art c\u00e9ramique. Inspir\u00e9e par la robustesse et le calme des paysages toscans, cette collection incarne l\u2019essence m\u00eame de la nature et de l\u2019histoire. Les quatre nuances de terre et les motifs naturels rendent chaque environnement chaleureux et accueillant. Le d\u00e9cor D-Line offre la possibilit\u00e9 d\u2019une d\u00e9coration d\u00e9licate, capable de ne pas sortir du th\u00e8me des effets neutres et relaxants de la terre toscane.<\/p>\n","protected":false},"excerpt":{"rendered":"<p>Dans la collection Tosca, la beaut\u00e9 intemporelle de la pierre d\u2019Orcia se fond avec le savoir-faire de l\u2019art c\u00e9ramique. Inspir\u00e9e par la robustesse et le calme des paysages toscans, cette collection incarne l\u2019essence m\u00eame de la nature et de l\u2019histoire. Les quatre nuances de terre et les motifs naturels rendent chaque environnement chaleureux et accueillant. [&hellip;]<\/p>\n","protected":false},"featured_media":9729,"template":"","meta":{"_relevanssi_hide_post":"","_relevanssi_hide_content":"","_relevanssi_pin_for_all":"","_relevanssi_pin_keywords":"","_relevanssi_unpin_keywords":"","_relevanssi_related_keywords":"","_relevanssi_related_include_ids":"","_relevanssi_related_exclude_ids":"","_relevanssi_related_no_append":"","_relevanssi_related_not_related":"","_relevanssi_related_posts":"","_relevanssi_noindex_reason":""},"product_cat":[161],"product_tag":[],"acf":[],"yoast_head":"<!-- This site is optimized with the Yoast SEO plugin v20.10 - https:\/\/yoast.com\/wordpress\/plugins\/seo\/ -->\n<title>Tosca - GIGACER S.p.A.<\/title>\n<meta name=\"robots\" content=\"index, follow, max-snippet:-1, max-image-preview:large, max-video-preview:-1\" \/>\n<link rel=\"canonical\" href=\"https:\/\/www.gigacer.it\/fr\/gamme\/gigacer\/tosca\/\" \/>\n<meta property=\"og:locale\" content=\"fr_FR\" \/>\n<meta property=\"og:type\" content=\"article\" \/>\n<meta property=\"og:title\" content=\"Tosca - GIGACER S.p.A.\" \/>\n<meta property=\"og:description\" content=\"Dans la collection Tosca, la beaut\u00e9 intemporelle de la pierre d\u2019Orcia se fond avec le savoir-faire de l\u2019art c\u00e9ramique. Inspir\u00e9e par la robustesse et le calme des paysages toscans, cette collection incarne l\u2019essence m\u00eame de la nature et de l\u2019histoire. Les quatre nuances de terre et les motifs naturels rendent chaque environnement chaleureux et accueillant. [&hellip;]\" \/>\n<meta property=\"og:url\" content=\"https:\/\/www.gigacer.it\/fr\/gamme\/gigacer\/tosca\/\" \/>\n<meta property=\"og:site_name\" content=\"GIGACER S.p.A.\" \/>\n<meta property=\"article:modified_time\" content=\"2025-11-04T11:38:52+00:00\" \/>\n<meta property=\"og:image\" content=\"https:\/\/www.gigacer.it\/wp-content\/uploads\/Copertina-Tosca.webp\" \/>\n\t<meta property=\"og:image:width\" content=\"1280\" \/>\n\t<meta property=\"og:image:height\" content=\"1920\" \/>\n\t<meta property=\"og:image:type\" content=\"image\/webp\" \/>\n<meta name=\"twitter:card\" content=\"summary_large_image\" \/>\n<meta name=\"twitter:label1\" content=\"Dur\u00e9e de lecture estim\u00e9e\" \/>\n\t<meta name=\"twitter:data1\" content=\"1 minute\" \/>\n<script type=\"application\/ld+json\" class=\"yoast-schema-graph\">{\"@context\":\"https:\/\/schema.org\",\"@graph\":[{\"@type\":\"WebPage\",\"@id\":\"https:\/\/www.gigacer.it\/fr\/gamme\/gigacer\/tosca\/\",\"url\":\"https:\/\/www.gigacer.it\/fr\/gamme\/gigacer\/tosca\/\",\"name\":\"Tosca - GIGACER S.p.A.\",\"isPartOf\":{\"@id\":\"https:\/\/www.gigacer.it\/fr\/#website\"},\"datePublished\":\"2024-10-25T08:03:04+00:00\",\"dateModified\":\"2025-11-04T11:38:52+00:00\",\"breadcrumb\":{\"@id\":\"https:\/\/www.gigacer.it\/fr\/gamme\/gigacer\/tosca\/#breadcrumb\"},\"inLanguage\":\"fr-FR\",\"potentialAction\":[{\"@type\":\"ReadAction\",\"target\":[\"https:\/\/www.gigacer.it\/fr\/gamme\/gigacer\/tosca\/\"]}]},{\"@type\":\"BreadcrumbList\",\"@id\":\"https:\/\/www.gigacer.it\/fr\/gamme\/gigacer\/tosca\/#breadcrumb\",\"itemListElement\":[{\"@type\":\"ListItem\",\"position\":1,\"name\":\"Home\",\"item\":\"https:\/\/www.gigacer.it\/fr\/\"},{\"@type\":\"ListItem\",\"position\":2,\"name\":\"Pleine gamme\",\"item\":\"https:\/\/www.gigacer.it\/gamma-completa\/\"},{\"@type\":\"ListItem\",\"position\":3,\"name\":\"Tosca\"}]},{\"@type\":\"WebSite\",\"@id\":\"https:\/\/www.gigacer.it\/fr\/#website\",\"url\":\"https:\/\/www.gigacer.it\/fr\/\",\"name\":\"GIGACER S.p.A.\",\"description\":\"Lastre in gres porcellanato Made in Italy\",\"potentialAction\":[{\"@type\":\"SearchAction\",\"target\":{\"@type\":\"EntryPoint\",\"urlTemplate\":\"https:\/\/www.gigacer.it\/fr\/?s={search_term_string}\"},\"query-input\":\"required name=search_term_string\"}],\"inLanguage\":\"fr-FR\"}]}<\/script>\n<!-- \/ Yoast SEO plugin. -->","yoast_head_json":{"title":"Tosca - GIGACER S.p.A.","robots":{"index":"index","follow":"follow","max-snippet":"max-snippet:-1","max-image-preview":"max-image-preview:large","max-video-preview":"max-video-preview:-1"},"canonical":"https:\/\/www.gigacer.it\/fr\/gamme\/gigacer\/tosca\/","og_locale":"fr_FR","og_type":"article","og_title":"Tosca - GIGACER S.p.A.","og_description":"Dans la collection Tosca, la beaut\u00e9 intemporelle de la pierre d\u2019Orcia se fond avec le savoir-faire de l\u2019art c\u00e9ramique. Inspir\u00e9e par la robustesse et le calme des paysages toscans, cette collection incarne l\u2019essence m\u00eame de la nature et de l\u2019histoire. Les quatre nuances de terre et les motifs naturels rendent chaque environnement chaleureux et accueillant. [&hellip;]","og_url":"https:\/\/www.gigacer.it\/fr\/gamme\/gigacer\/tosca\/","og_site_name":"GIGACER S.p.A.","article_modified_time":"2025-11-04T11:38:52+00:00","og_image":[{"width":1280,"height":1920,"url":"https:\/\/www.gigacer.it\/wp-content\/uploads\/Copertina-Tosca.webp","type":"image\/webp"}],"twitter_card":"summary_large_image","twitter_misc":{"Dur\u00e9e de lecture estim\u00e9e":"1 minute"},"schema":{"@context":"https:\/\/schema.org","@graph":[{"@type":"WebPage","@id":"https:\/\/www.gigacer.it\/fr\/gamme\/gigacer\/tosca\/","url":"https:\/\/www.gigacer.it\/fr\/gamme\/gigacer\/tosca\/","name":"Tosca - GIGACER S.p.A.","isPartOf":{"@id":"https:\/\/www.gigacer.it\/fr\/#website"},"datePublished":"2024-10-25T08:03:04+00:00","dateModified":"2025-11-04T11:38:52+00:00","breadcrumb":{"@id":"https:\/\/www.gigacer.it\/fr\/gamme\/gigacer\/tosca\/#breadcrumb"},"inLanguage":"fr-FR","potentialAction":[{"@type":"ReadAction","target":["https:\/\/www.gigacer.it\/fr\/gamme\/gigacer\/tosca\/"]}]},{"@type":"BreadcrumbList","@id":"https:\/\/www.gigacer.it\/fr\/gamme\/gigacer\/tosca\/#breadcrumb","itemListElement":[{"@type":"ListItem","position":1,"name":"Home","item":"https:\/\/www.gigacer.it\/fr\/"},{"@type":"ListItem","position":2,"name":"Pleine gamme","item":"https:\/\/www.gigacer.it\/gamma-completa\/"},{"@type":"ListItem","position":3,"name":"Tosca"}]},{"@type":"WebSite","@id":"https:\/\/www.gigacer.it\/fr\/#website","url":"https:\/\/www.gigacer.it\/fr\/","name":"GIGACER S.p.A.","description":"Lastre in gres porcellanato Made in Italy","potentialAction":[{"@type":"SearchAction","target":{"@type":"EntryPoint","urlTemplate":"https:\/\/www.gigacer.it\/fr\/?s={search_term_string}"},"query-input":"required name=search_term_string"}],"inLanguage":"fr-FR"}]}},"_links":{"self":[{"href":"https:\/\/www.gigacer.it\/fr\/wp-json\/wp\/v2\/product\/9741"}],"collection":[{"href":"https:\/\/www.gigacer.it\/fr\/wp-json\/wp\/v2\/product"}],"about":[{"href":"https:\/\/www.gigacer.it\/fr\/wp-json\/wp\/v2\/types\/product"}],"version-history":[{"count":3,"href":"https:\/\/www.gigacer.it\/fr\/wp-json\/wp\/v2\/product\/9741\/revisions"}],"predecessor-version":[{"id":10997,"href":"https:\/\/www.gigacer.it\/fr\/wp-json\/wp\/v2\/product\/9741\/revisions\/10997"}],"wp:featuredmedia":[{"embeddable":true,"href":"https:\/\/www.gigacer.it\/fr\/wp-json\/wp\/v2\/media\/9729"}],"wp:attachment":[{"href":"https:\/\/www.gigacer.it\/fr\/wp-json\/wp\/v2\/media?parent=9741"}],"wp:term":[{"taxonomy":"product_cat","embeddable":true,"href":"https:\/\/www.gigacer.it\/fr\/wp-json\/wp\/v2\/product_cat?post=9741"},{"taxonomy":"product_tag","embeddable":true,"href":"https:\/\/www.gigacer.it\/fr\/wp-json\/wp\/v2\/product_tag?post=9741"}],"curies":[{"name":"wp","href":"https:\/\/api.w.org\/{rel}","templated":true}]}}