{"id":9666,"date":"2024-10-25T09:37:54","date_gmt":"2024-10-25T07:37:54","guid":{"rendered":"https:\/\/www.gigacer.it\/gamma\/non%20class\u00e9\/materica\/"},"modified":"2025-08-08T16:28:54","modified_gmt":"2025-08-08T14:28:54","slug":"materica","status":"publish","type":"product","link":"https:\/\/www.gigacer.it\/fr\/gamme\/gigacer\/materica\/","title":{"rendered":"Materica"},"content":{"rendered":"<p>Design &amp; durabilit\u00e9 sont \u00e0 l\u2019origine de Materica, enti\u00e8rement r\u00e9alis\u00e9e en gr\u00e8s c\u00e9rame non d\u00e9cor\u00e9. Materica part de Pure, le gr\u00e8s nu et vrai, la \u00ab\u00a0mati\u00e8re m\u00e2le\u00a0\u00bb qui a tant exalt\u00e9 le sculpteur Galileo Chini quand il en d\u00e9couvrit la force et la capacit\u00e9 d\u2019expression. Pure est la couleur du gr\u00e8s tel qu\u2019il se pr\u00e9sente, sans variations. Il s\u2019agit du v\u00e9ritable corps de la plaque en gr\u00e8s c\u00e9rame, auquel on m\u00e9lange des poudres de recyclage pour donner vie aux autres nuances de la gamme, inspir\u00e9s par la simplicit\u00e9 de la nature : Magnolia, Chia, Miglio, Papavero, Fiordaliso, Salvia et Lavanda.<\/p>\n","protected":false},"excerpt":{"rendered":"<p>Design &amp; durabilit\u00e9 sont \u00e0 l\u2019origine de Materica, enti\u00e8rement r\u00e9alis\u00e9e en gr\u00e8s c\u00e9rame non d\u00e9cor\u00e9. Materica part de Pure, le gr\u00e8s nu et vrai, la \u00ab\u00a0mati\u00e8re m\u00e2le\u00a0\u00bb qui a tant exalt\u00e9 le sculpteur Galileo Chini quand il en d\u00e9couvrit la force et la capacit\u00e9 d\u2019expression. Pure est la couleur du gr\u00e8s tel qu\u2019il se pr\u00e9sente, [&hellip;]<\/p>\n","protected":false},"featured_media":10416,"template":"","meta":{"_relevanssi_hide_post":"","_relevanssi_hide_content":"","_relevanssi_pin_for_all":"","_relevanssi_pin_keywords":"","_relevanssi_unpin_keywords":"","_relevanssi_related_keywords":"","_relevanssi_related_include_ids":"","_relevanssi_related_exclude_ids":"","_relevanssi_related_no_append":"","_relevanssi_related_not_related":"","_relevanssi_related_posts":"","_relevanssi_noindex_reason":""},"product_cat":[161],"product_tag":[],"acf":[],"yoast_head":"<!-- This site is optimized with the Yoast SEO plugin v20.10 - https:\/\/yoast.com\/wordpress\/plugins\/seo\/ -->\n<title>Materica - GIGACER S.p.A.<\/title>\n<meta name=\"robots\" content=\"index, follow, max-snippet:-1, max-image-preview:large, max-video-preview:-1\" \/>\n<link rel=\"canonical\" href=\"https:\/\/www.gigacer.it\/fr\/gamme\/gigacer\/materica\/\" \/>\n<meta property=\"og:locale\" content=\"fr_FR\" \/>\n<meta property=\"og:type\" content=\"article\" \/>\n<meta property=\"og:title\" content=\"Materica - GIGACER S.p.A.\" \/>\n<meta property=\"og:description\" content=\"Design &amp; durabilit\u00e9 sont \u00e0 l\u2019origine de Materica, enti\u00e8rement r\u00e9alis\u00e9e en gr\u00e8s c\u00e9rame non d\u00e9cor\u00e9. Materica part de Pure, le gr\u00e8s nu et vrai, la \u00ab\u00a0mati\u00e8re m\u00e2le\u00a0\u00bb qui a tant exalt\u00e9 le sculpteur Galileo Chini quand il en d\u00e9couvrit la force et la capacit\u00e9 d\u2019expression. Pure est la couleur du gr\u00e8s tel qu\u2019il se pr\u00e9sente, [&hellip;]\" \/>\n<meta property=\"og:url\" content=\"https:\/\/www.gigacer.it\/fr\/gamme\/gigacer\/materica\/\" \/>\n<meta property=\"og:site_name\" content=\"GIGACER S.p.A.\" \/>\n<meta property=\"article:modified_time\" content=\"2025-08-08T14:28:54+00:00\" \/>\n<meta property=\"og:image\" content=\"https:\/\/www.gigacer.it\/wp-content\/uploads\/MATERICA-PAPAVERO.webp\" \/>\n\t<meta property=\"og:image:width\" content=\"1600\" \/>\n\t<meta property=\"og:image:height\" content=\"1067\" \/>\n\t<meta property=\"og:image:type\" content=\"image\/webp\" \/>\n<meta name=\"twitter:card\" content=\"summary_large_image\" \/>\n<meta name=\"twitter:label1\" content=\"Dur\u00e9e de lecture estim\u00e9e\" \/>\n\t<meta name=\"twitter:data1\" content=\"1 minute\" \/>\n<script type=\"application\/ld+json\" class=\"yoast-schema-graph\">{\"@context\":\"https:\/\/schema.org\",\"@graph\":[{\"@type\":\"WebPage\",\"@id\":\"https:\/\/www.gigacer.it\/fr\/gamme\/gigacer\/materica\/\",\"url\":\"https:\/\/www.gigacer.it\/fr\/gamme\/gigacer\/materica\/\",\"name\":\"Materica - GIGACER S.p.A.\",\"isPartOf\":{\"@id\":\"https:\/\/www.gigacer.it\/fr\/#website\"},\"datePublished\":\"2024-10-25T07:37:54+00:00\",\"dateModified\":\"2025-08-08T14:28:54+00:00\",\"breadcrumb\":{\"@id\":\"https:\/\/www.gigacer.it\/fr\/gamme\/gigacer\/materica\/#breadcrumb\"},\"inLanguage\":\"fr-FR\",\"potentialAction\":[{\"@type\":\"ReadAction\",\"target\":[\"https:\/\/www.gigacer.it\/fr\/gamme\/gigacer\/materica\/\"]}]},{\"@type\":\"BreadcrumbList\",\"@id\":\"https:\/\/www.gigacer.it\/fr\/gamme\/gigacer\/materica\/#breadcrumb\",\"itemListElement\":[{\"@type\":\"ListItem\",\"position\":1,\"name\":\"Home\",\"item\":\"https:\/\/www.gigacer.it\/fr\/\"},{\"@type\":\"ListItem\",\"position\":2,\"name\":\"Pleine gamme\",\"item\":\"https:\/\/www.gigacer.it\/gamma-completa\/\"},{\"@type\":\"ListItem\",\"position\":3,\"name\":\"Materica\"}]},{\"@type\":\"WebSite\",\"@id\":\"https:\/\/www.gigacer.it\/fr\/#website\",\"url\":\"https:\/\/www.gigacer.it\/fr\/\",\"name\":\"GIGACER S.p.A.\",\"description\":\"Lastre in gres porcellanato Made in Italy\",\"potentialAction\":[{\"@type\":\"SearchAction\",\"target\":{\"@type\":\"EntryPoint\",\"urlTemplate\":\"https:\/\/www.gigacer.it\/fr\/?s={search_term_string}\"},\"query-input\":\"required name=search_term_string\"}],\"inLanguage\":\"fr-FR\"}]}<\/script>\n<!-- \/ Yoast SEO plugin. -->","yoast_head_json":{"title":"Materica - GIGACER S.p.A.","robots":{"index":"index","follow":"follow","max-snippet":"max-snippet:-1","max-image-preview":"max-image-preview:large","max-video-preview":"max-video-preview:-1"},"canonical":"https:\/\/www.gigacer.it\/fr\/gamme\/gigacer\/materica\/","og_locale":"fr_FR","og_type":"article","og_title":"Materica - GIGACER S.p.A.","og_description":"Design &amp; durabilit\u00e9 sont \u00e0 l\u2019origine de Materica, enti\u00e8rement r\u00e9alis\u00e9e en gr\u00e8s c\u00e9rame non d\u00e9cor\u00e9. Materica part de Pure, le gr\u00e8s nu et vrai, la \u00ab\u00a0mati\u00e8re m\u00e2le\u00a0\u00bb qui a tant exalt\u00e9 le sculpteur Galileo Chini quand il en d\u00e9couvrit la force et la capacit\u00e9 d\u2019expression. Pure est la couleur du gr\u00e8s tel qu\u2019il se pr\u00e9sente, [&hellip;]","og_url":"https:\/\/www.gigacer.it\/fr\/gamme\/gigacer\/materica\/","og_site_name":"GIGACER S.p.A.","article_modified_time":"2025-08-08T14:28:54+00:00","og_image":[{"width":1600,"height":1067,"url":"https:\/\/www.gigacer.it\/wp-content\/uploads\/MATERICA-PAPAVERO.webp","type":"image\/webp"}],"twitter_card":"summary_large_image","twitter_misc":{"Dur\u00e9e de lecture estim\u00e9e":"1 minute"},"schema":{"@context":"https:\/\/schema.org","@graph":[{"@type":"WebPage","@id":"https:\/\/www.gigacer.it\/fr\/gamme\/gigacer\/materica\/","url":"https:\/\/www.gigacer.it\/fr\/gamme\/gigacer\/materica\/","name":"Materica - GIGACER S.p.A.","isPartOf":{"@id":"https:\/\/www.gigacer.it\/fr\/#website"},"datePublished":"2024-10-25T07:37:54+00:00","dateModified":"2025-08-08T14:28:54+00:00","breadcrumb":{"@id":"https:\/\/www.gigacer.it\/fr\/gamme\/gigacer\/materica\/#breadcrumb"},"inLanguage":"fr-FR","potentialAction":[{"@type":"ReadAction","target":["https:\/\/www.gigacer.it\/fr\/gamme\/gigacer\/materica\/"]}]},{"@type":"BreadcrumbList","@id":"https:\/\/www.gigacer.it\/fr\/gamme\/gigacer\/materica\/#breadcrumb","itemListElement":[{"@type":"ListItem","position":1,"name":"Home","item":"https:\/\/www.gigacer.it\/fr\/"},{"@type":"ListItem","position":2,"name":"Pleine gamme","item":"https:\/\/www.gigacer.it\/gamma-completa\/"},{"@type":"ListItem","position":3,"name":"Materica"}]},{"@type":"WebSite","@id":"https:\/\/www.gigacer.it\/fr\/#website","url":"https:\/\/www.gigacer.it\/fr\/","name":"GIGACER S.p.A.","description":"Lastre in gres porcellanato Made in Italy","potentialAction":[{"@type":"SearchAction","target":{"@type":"EntryPoint","urlTemplate":"https:\/\/www.gigacer.it\/fr\/?s={search_term_string}"},"query-input":"required name=search_term_string"}],"inLanguage":"fr-FR"}]}},"_links":{"self":[{"href":"https:\/\/www.gigacer.it\/fr\/wp-json\/wp\/v2\/product\/9666"}],"collection":[{"href":"https:\/\/www.gigacer.it\/fr\/wp-json\/wp\/v2\/product"}],"about":[{"href":"https:\/\/www.gigacer.it\/fr\/wp-json\/wp\/v2\/types\/product"}],"version-history":[{"count":4,"href":"https:\/\/www.gigacer.it\/fr\/wp-json\/wp\/v2\/product\/9666\/revisions"}],"predecessor-version":[{"id":10559,"href":"https:\/\/www.gigacer.it\/fr\/wp-json\/wp\/v2\/product\/9666\/revisions\/10559"}],"wp:featuredmedia":[{"embeddable":true,"href":"https:\/\/www.gigacer.it\/fr\/wp-json\/wp\/v2\/media\/10416"}],"wp:attachment":[{"href":"https:\/\/www.gigacer.it\/fr\/wp-json\/wp\/v2\/media?parent=9666"}],"wp:term":[{"taxonomy":"product_cat","embeddable":true,"href":"https:\/\/www.gigacer.it\/fr\/wp-json\/wp\/v2\/product_cat?post=9666"},{"taxonomy":"product_tag","embeddable":true,"href":"https:\/\/www.gigacer.it\/fr\/wp-json\/wp\/v2\/product_tag?post=9666"}],"curies":[{"name":"wp","href":"https:\/\/api.w.org\/{rel}","templated":true}]}}