{"id":9600,"date":"2024-10-24T16:32:08","date_gmt":"2024-10-24T14:32:08","guid":{"rendered":"https:\/\/www.gigacer.it\/gamma\/non%20class\u00e9\/genesis\/"},"modified":"2025-11-04T12:38:49","modified_gmt":"2025-11-04T11:38:49","slug":"genesis","status":"publish","type":"product","link":"https:\/\/www.gigacer.it\/fr\/gamme\/gigacer\/genesis\/","title":{"rendered":"Genesis"},"content":{"rendered":"<p>Genesis r\u00e9interpr\u00e8te la pierre calcaire ancestrale du Dorset, la pierre de Portland, qui traverse les \u00e2ges g\u00e9ologiques et conserve son caract\u00e8re intact, cr\u00e9ant des environnements au aspect chaleureux et \u00e9l\u00e9gant. Buckingham Palace, l\u2019Abbaye de Westminster et le si\u00e8ge des Nations Unies \u00e0 New York portent cette mati\u00e8re. Quatre couleurs, du blanc au gris, pr\u00e9sent\u00e9es dans les deux sens de coupe des blocs de carri\u00e8re : Cross, un effet nuageux riche en d\u00e9tails et Vein, stri\u00e9 et d\u00e9cisif. \u00c0 cela s\u2019ajoute le d\u00e9cor D-Line, qui accentue la veine et compl\u00e8te la gamme. Trois finitions, Soft, Mat et Outdoor r\u00e9pondent \u00e0 chaque exigence de conception.<\/p>\n","protected":false},"excerpt":{"rendered":"<p>Genesis r\u00e9interpr\u00e8te la pierre calcaire ancestrale du Dorset, la pierre de Portland, qui traverse les \u00e2ges g\u00e9ologiques et conserve son caract\u00e8re intact, cr\u00e9ant des environnements au aspect chaleureux et \u00e9l\u00e9gant. Buckingham Palace, l\u2019Abbaye de Westminster et le si\u00e8ge des Nations Unies \u00e0 New York portent cette mati\u00e8re. Quatre couleurs, du blanc au gris, pr\u00e9sent\u00e9es dans [&hellip;]<\/p>\n","protected":false},"featured_media":9586,"template":"","meta":{"_relevanssi_hide_post":"","_relevanssi_hide_content":"","_relevanssi_pin_for_all":"","_relevanssi_pin_keywords":"","_relevanssi_unpin_keywords":"","_relevanssi_related_keywords":"","_relevanssi_related_include_ids":"","_relevanssi_related_exclude_ids":"","_relevanssi_related_no_append":"","_relevanssi_related_not_related":"","_relevanssi_related_posts":"","_relevanssi_noindex_reason":""},"product_cat":[161],"product_tag":[],"acf":[],"yoast_head":"<!-- This site is optimized with the Yoast SEO plugin v20.10 - https:\/\/yoast.com\/wordpress\/plugins\/seo\/ -->\n<title>Genesis - GIGACER S.p.A.<\/title>\n<meta name=\"robots\" content=\"index, follow, max-snippet:-1, max-image-preview:large, max-video-preview:-1\" \/>\n<link rel=\"canonical\" href=\"https:\/\/www.gigacer.it\/fr\/gamme\/gigacer\/genesis\/\" \/>\n<meta property=\"og:locale\" content=\"fr_FR\" \/>\n<meta property=\"og:type\" content=\"article\" \/>\n<meta property=\"og:title\" content=\"Genesis - GIGACER S.p.A.\" \/>\n<meta property=\"og:description\" content=\"Genesis r\u00e9interpr\u00e8te la pierre calcaire ancestrale du Dorset, la pierre de Portland, qui traverse les \u00e2ges g\u00e9ologiques et conserve son caract\u00e8re intact, cr\u00e9ant des environnements au aspect chaleureux et \u00e9l\u00e9gant. Buckingham Palace, l\u2019Abbaye de Westminster et le si\u00e8ge des Nations Unies \u00e0 New York portent cette mati\u00e8re. Quatre couleurs, du blanc au gris, pr\u00e9sent\u00e9es dans [&hellip;]\" \/>\n<meta property=\"og:url\" content=\"https:\/\/www.gigacer.it\/fr\/gamme\/gigacer\/genesis\/\" \/>\n<meta property=\"og:site_name\" content=\"GIGACER S.p.A.\" \/>\n<meta property=\"article:modified_time\" content=\"2025-11-04T11:38:49+00:00\" \/>\n<meta property=\"og:image\" content=\"https:\/\/www.gigacer.it\/wp-content\/uploads\/Copertina-Genesis.webp\" \/>\n\t<meta property=\"og:image:width\" content=\"1280\" \/>\n\t<meta property=\"og:image:height\" content=\"1920\" \/>\n\t<meta property=\"og:image:type\" content=\"image\/webp\" \/>\n<meta name=\"twitter:card\" content=\"summary_large_image\" \/>\n<meta name=\"twitter:label1\" content=\"Dur\u00e9e de lecture estim\u00e9e\" \/>\n\t<meta name=\"twitter:data1\" content=\"1 minute\" \/>\n<script type=\"application\/ld+json\" class=\"yoast-schema-graph\">{\"@context\":\"https:\/\/schema.org\",\"@graph\":[{\"@type\":\"WebPage\",\"@id\":\"https:\/\/www.gigacer.it\/fr\/gamme\/gigacer\/genesis\/\",\"url\":\"https:\/\/www.gigacer.it\/fr\/gamme\/gigacer\/genesis\/\",\"name\":\"Genesis - GIGACER S.p.A.\",\"isPartOf\":{\"@id\":\"https:\/\/www.gigacer.it\/fr\/#website\"},\"datePublished\":\"2024-10-24T14:32:08+00:00\",\"dateModified\":\"2025-11-04T11:38:49+00:00\",\"breadcrumb\":{\"@id\":\"https:\/\/www.gigacer.it\/fr\/gamme\/gigacer\/genesis\/#breadcrumb\"},\"inLanguage\":\"fr-FR\",\"potentialAction\":[{\"@type\":\"ReadAction\",\"target\":[\"https:\/\/www.gigacer.it\/fr\/gamme\/gigacer\/genesis\/\"]}]},{\"@type\":\"BreadcrumbList\",\"@id\":\"https:\/\/www.gigacer.it\/fr\/gamme\/gigacer\/genesis\/#breadcrumb\",\"itemListElement\":[{\"@type\":\"ListItem\",\"position\":1,\"name\":\"Home\",\"item\":\"https:\/\/www.gigacer.it\/fr\/\"},{\"@type\":\"ListItem\",\"position\":2,\"name\":\"Pleine gamme\",\"item\":\"https:\/\/www.gigacer.it\/gamma-completa\/\"},{\"@type\":\"ListItem\",\"position\":3,\"name\":\"Genesis\"}]},{\"@type\":\"WebSite\",\"@id\":\"https:\/\/www.gigacer.it\/fr\/#website\",\"url\":\"https:\/\/www.gigacer.it\/fr\/\",\"name\":\"GIGACER S.p.A.\",\"description\":\"Lastre in gres porcellanato Made in Italy\",\"potentialAction\":[{\"@type\":\"SearchAction\",\"target\":{\"@type\":\"EntryPoint\",\"urlTemplate\":\"https:\/\/www.gigacer.it\/fr\/?s={search_term_string}\"},\"query-input\":\"required name=search_term_string\"}],\"inLanguage\":\"fr-FR\"}]}<\/script>\n<!-- \/ Yoast SEO plugin. -->","yoast_head_json":{"title":"Genesis - GIGACER S.p.A.","robots":{"index":"index","follow":"follow","max-snippet":"max-snippet:-1","max-image-preview":"max-image-preview:large","max-video-preview":"max-video-preview:-1"},"canonical":"https:\/\/www.gigacer.it\/fr\/gamme\/gigacer\/genesis\/","og_locale":"fr_FR","og_type":"article","og_title":"Genesis - GIGACER S.p.A.","og_description":"Genesis r\u00e9interpr\u00e8te la pierre calcaire ancestrale du Dorset, la pierre de Portland, qui traverse les \u00e2ges g\u00e9ologiques et conserve son caract\u00e8re intact, cr\u00e9ant des environnements au aspect chaleureux et \u00e9l\u00e9gant. Buckingham Palace, l\u2019Abbaye de Westminster et le si\u00e8ge des Nations Unies \u00e0 New York portent cette mati\u00e8re. Quatre couleurs, du blanc au gris, pr\u00e9sent\u00e9es dans [&hellip;]","og_url":"https:\/\/www.gigacer.it\/fr\/gamme\/gigacer\/genesis\/","og_site_name":"GIGACER S.p.A.","article_modified_time":"2025-11-04T11:38:49+00:00","og_image":[{"width":1280,"height":1920,"url":"https:\/\/www.gigacer.it\/wp-content\/uploads\/Copertina-Genesis.webp","type":"image\/webp"}],"twitter_card":"summary_large_image","twitter_misc":{"Dur\u00e9e de lecture estim\u00e9e":"1 minute"},"schema":{"@context":"https:\/\/schema.org","@graph":[{"@type":"WebPage","@id":"https:\/\/www.gigacer.it\/fr\/gamme\/gigacer\/genesis\/","url":"https:\/\/www.gigacer.it\/fr\/gamme\/gigacer\/genesis\/","name":"Genesis - GIGACER S.p.A.","isPartOf":{"@id":"https:\/\/www.gigacer.it\/fr\/#website"},"datePublished":"2024-10-24T14:32:08+00:00","dateModified":"2025-11-04T11:38:49+00:00","breadcrumb":{"@id":"https:\/\/www.gigacer.it\/fr\/gamme\/gigacer\/genesis\/#breadcrumb"},"inLanguage":"fr-FR","potentialAction":[{"@type":"ReadAction","target":["https:\/\/www.gigacer.it\/fr\/gamme\/gigacer\/genesis\/"]}]},{"@type":"BreadcrumbList","@id":"https:\/\/www.gigacer.it\/fr\/gamme\/gigacer\/genesis\/#breadcrumb","itemListElement":[{"@type":"ListItem","position":1,"name":"Home","item":"https:\/\/www.gigacer.it\/fr\/"},{"@type":"ListItem","position":2,"name":"Pleine gamme","item":"https:\/\/www.gigacer.it\/gamma-completa\/"},{"@type":"ListItem","position":3,"name":"Genesis"}]},{"@type":"WebSite","@id":"https:\/\/www.gigacer.it\/fr\/#website","url":"https:\/\/www.gigacer.it\/fr\/","name":"GIGACER S.p.A.","description":"Lastre in gres porcellanato Made in Italy","potentialAction":[{"@type":"SearchAction","target":{"@type":"EntryPoint","urlTemplate":"https:\/\/www.gigacer.it\/fr\/?s={search_term_string}"},"query-input":"required name=search_term_string"}],"inLanguage":"fr-FR"}]}},"_links":{"self":[{"href":"https:\/\/www.gigacer.it\/fr\/wp-json\/wp\/v2\/product\/9600"}],"collection":[{"href":"https:\/\/www.gigacer.it\/fr\/wp-json\/wp\/v2\/product"}],"about":[{"href":"https:\/\/www.gigacer.it\/fr\/wp-json\/wp\/v2\/types\/product"}],"version-history":[{"count":4,"href":"https:\/\/www.gigacer.it\/fr\/wp-json\/wp\/v2\/product\/9600\/revisions"}],"predecessor-version":[{"id":10996,"href":"https:\/\/www.gigacer.it\/fr\/wp-json\/wp\/v2\/product\/9600\/revisions\/10996"}],"wp:featuredmedia":[{"embeddable":true,"href":"https:\/\/www.gigacer.it\/fr\/wp-json\/wp\/v2\/media\/9586"}],"wp:attachment":[{"href":"https:\/\/www.gigacer.it\/fr\/wp-json\/wp\/v2\/media?parent=9600"}],"wp:term":[{"taxonomy":"product_cat","embeddable":true,"href":"https:\/\/www.gigacer.it\/fr\/wp-json\/wp\/v2\/product_cat?post=9600"},{"taxonomy":"product_tag","embeddable":true,"href":"https:\/\/www.gigacer.it\/fr\/wp-json\/wp\/v2\/product_tag?post=9600"}],"curies":[{"name":"wp","href":"https:\/\/api.w.org\/{rel}","templated":true}]}}