{"id":8260,"date":"2023-09-22T16:16:25","date_gmt":"2023-09-22T14:16:25","guid":{"rendered":"https:\/\/www.gigacer.it\/gamma\/non%20class\u00e9\/aromas\/"},"modified":"2025-03-17T17:34:52","modified_gmt":"2025-03-17T16:34:52","slug":"aromas","status":"publish","type":"product","link":"https:\/\/www.gigacer.it\/fr\/gamme\/gigacer\/aromas\/","title":{"rendered":"Aromas"},"content":{"rendered":"<p>Aromas est une collection aux couleurs chauds avec des formes contemporaines et des surfaces agr\u00e9ables. Il peut contribuer \u00e0 cr\u00e9er des atmosph\u00e8res \u00e9l\u00e9gantes, un habitat confortable et d\u2019un design raffin\u00e9. L\u2019esprit des sols en terre cuite, typiquement m\u00e9diterran\u00e9en et accueillant, est propos\u00e9 sur des surfaces modernes, pour s&rsquo;adapter \u00e0 un style de vie contemporain. Des grands formats surprenants, qui cr\u00e9ent une atmosph\u00e8re originale, sont une des caract\u00e9ristiques de cette collection, qui se d\u00e9cline avec des couleurs douces et tr\u00e8s naturelles, dans un crescendo d&rsquo;intensit\u00e9 allant de la douce Vanille au puissant Chili. Aromas renvoie \u00e0 des souvenirs et \u00e0 des atmosph\u00e8res famili\u00e8res, sans s&rsquo;attarder sur la tradition : la chaleur insouciante de la maison est simplement \u00e9voqu\u00e9e dans un mat\u00e9riel a\u00e9rien, \u00e0 l&rsquo;aspect informel. C&rsquo;est la combinaison de la chaleur et de la lin\u00e9arit\u00e9 qui fait d&rsquo;Aromas la collection qui correspond au nouveau r\u00f4le de la maison : l&rsquo;espace qui accueille l&rsquo;affection et le confort, les habitudes, mais aussi capable de se transformer en espace d\u00e9di\u00e9 au travail et \u00e0 la profession. Les nuances de la terrecuite r\u00e9interpr\u00e9t\u00e9e dans les tonalit\u00e9s contemporaines sont la solution id\u00e9ale pour les rev\u00eatements de sol et de mur ; elles s\u2019adaptent \u00e0 des projets d&rsquo;int\u00e9rieur qui se prolongent \u00e0 l&rsquo;ext\u00e9rieur, en offrant pour la premi\u00e8re fois aussi un tr\u00e8s grand format qui r\u00e9pond \u00e0 toutes les caract\u00e9ristiques techniques requises pour les surfaces antid\u00e9rapantes. La gamme s&rsquo;enrichit d&rsquo;une proposition innovante de formats non standard (surface d&rsquo;environ 1 m\u00e8tre carr\u00e9), non conventionnels : Grand Pentagone, Giga Hexagone, Gem Hexagone, Tangram et Origami, pour permettre des poses sans pr\u00e9c\u00e8dent avec un effet inhabituel. Une texture brillante et fascinante fais aussi partie de cette collection, pour offrir des surfaces plus d\u00e9coratives dans la continuit\u00e9 des couleurs, adapt\u00e9es aux rev\u00eatements de sol et de mur.<\/p>\n","protected":false},"excerpt":{"rendered":"<p>Aromas est une collection aux couleurs chauds avec des formes contemporaines et des surfaces agr\u00e9ables. Il peut contribuer \u00e0 cr\u00e9er des atmosph\u00e8res \u00e9l\u00e9gantes, un habitat confortable et d\u2019un design raffin\u00e9. L\u2019esprit des sols en terre cuite, typiquement m\u00e9diterran\u00e9en et accueillant, est propos\u00e9 sur des surfaces modernes, pour s&rsquo;adapter \u00e0 un style de vie contemporain. Des [&hellip;]<\/p>\n","protected":false},"featured_media":8136,"template":"","meta":{"_relevanssi_hide_post":"","_relevanssi_hide_content":"","_relevanssi_pin_for_all":"","_relevanssi_pin_keywords":"","_relevanssi_unpin_keywords":"","_relevanssi_related_keywords":"","_relevanssi_related_include_ids":"","_relevanssi_related_exclude_ids":"","_relevanssi_related_no_append":"","_relevanssi_related_not_related":"","_relevanssi_related_posts":"","_relevanssi_noindex_reason":""},"product_cat":[161],"product_tag":[],"acf":[],"yoast_head":"<!-- This site is optimized with the Yoast SEO plugin v20.10 - https:\/\/yoast.com\/wordpress\/plugins\/seo\/ -->\n<title>Aromas - GIGACER S.p.A.<\/title>\n<meta name=\"robots\" content=\"index, follow, max-snippet:-1, max-image-preview:large, max-video-preview:-1\" \/>\n<link rel=\"canonical\" href=\"https:\/\/www.gigacer.it\/fr\/gamme\/gigacer\/aromas\/\" \/>\n<meta property=\"og:locale\" content=\"fr_FR\" \/>\n<meta property=\"og:type\" content=\"article\" \/>\n<meta property=\"og:title\" content=\"Aromas - GIGACER S.p.A.\" \/>\n<meta property=\"og:description\" content=\"Aromas est une collection aux couleurs chauds avec des formes contemporaines et des surfaces agr\u00e9ables. Il peut contribuer \u00e0 cr\u00e9er des atmosph\u00e8res \u00e9l\u00e9gantes, un habitat confortable et d\u2019un design raffin\u00e9. L\u2019esprit des sols en terre cuite, typiquement m\u00e9diterran\u00e9en et accueillant, est propos\u00e9 sur des surfaces modernes, pour s&rsquo;adapter \u00e0 un style de vie contemporain. Des [&hellip;]\" \/>\n<meta property=\"og:url\" content=\"https:\/\/www.gigacer.it\/fr\/gamme\/gigacer\/aromas\/\" \/>\n<meta property=\"og:site_name\" content=\"GIGACER S.p.A.\" \/>\n<meta property=\"article:modified_time\" content=\"2025-03-17T16:34:52+00:00\" \/>\n<meta property=\"og:image\" content=\"https:\/\/www.gigacer.it\/wp-content\/uploads\/Aromas-Copertina.jpg\" \/>\n\t<meta property=\"og:image:width\" content=\"1920\" \/>\n\t<meta property=\"og:image:height\" content=\"1280\" \/>\n\t<meta property=\"og:image:type\" content=\"image\/jpeg\" \/>\n<meta name=\"twitter:card\" content=\"summary_large_image\" \/>\n<meta name=\"twitter:label1\" content=\"Dur\u00e9e de lecture estim\u00e9e\" \/>\n\t<meta name=\"twitter:data1\" content=\"2 minutes\" \/>\n<script type=\"application\/ld+json\" class=\"yoast-schema-graph\">{\"@context\":\"https:\/\/schema.org\",\"@graph\":[{\"@type\":\"WebPage\",\"@id\":\"https:\/\/www.gigacer.it\/fr\/gamme\/gigacer\/aromas\/\",\"url\":\"https:\/\/www.gigacer.it\/fr\/gamme\/gigacer\/aromas\/\",\"name\":\"Aromas - GIGACER S.p.A.\",\"isPartOf\":{\"@id\":\"https:\/\/www.gigacer.it\/fr\/#website\"},\"datePublished\":\"2023-09-22T14:16:25+00:00\",\"dateModified\":\"2025-03-17T16:34:52+00:00\",\"breadcrumb\":{\"@id\":\"https:\/\/www.gigacer.it\/fr\/gamme\/gigacer\/aromas\/#breadcrumb\"},\"inLanguage\":\"fr-FR\",\"potentialAction\":[{\"@type\":\"ReadAction\",\"target\":[\"https:\/\/www.gigacer.it\/fr\/gamme\/gigacer\/aromas\/\"]}]},{\"@type\":\"BreadcrumbList\",\"@id\":\"https:\/\/www.gigacer.it\/fr\/gamme\/gigacer\/aromas\/#breadcrumb\",\"itemListElement\":[{\"@type\":\"ListItem\",\"position\":1,\"name\":\"Home\",\"item\":\"https:\/\/www.gigacer.it\/fr\/\"},{\"@type\":\"ListItem\",\"position\":2,\"name\":\"Pleine gamme\",\"item\":\"https:\/\/www.gigacer.it\/gamma-completa\/\"},{\"@type\":\"ListItem\",\"position\":3,\"name\":\"Aromas\"}]},{\"@type\":\"WebSite\",\"@id\":\"https:\/\/www.gigacer.it\/fr\/#website\",\"url\":\"https:\/\/www.gigacer.it\/fr\/\",\"name\":\"GIGACER S.p.A.\",\"description\":\"Lastre in gres porcellanato Made in Italy\",\"potentialAction\":[{\"@type\":\"SearchAction\",\"target\":{\"@type\":\"EntryPoint\",\"urlTemplate\":\"https:\/\/www.gigacer.it\/fr\/?s={search_term_string}\"},\"query-input\":\"required name=search_term_string\"}],\"inLanguage\":\"fr-FR\"}]}<\/script>\n<!-- \/ Yoast SEO plugin. -->","yoast_head_json":{"title":"Aromas - GIGACER S.p.A.","robots":{"index":"index","follow":"follow","max-snippet":"max-snippet:-1","max-image-preview":"max-image-preview:large","max-video-preview":"max-video-preview:-1"},"canonical":"https:\/\/www.gigacer.it\/fr\/gamme\/gigacer\/aromas\/","og_locale":"fr_FR","og_type":"article","og_title":"Aromas - GIGACER S.p.A.","og_description":"Aromas est une collection aux couleurs chauds avec des formes contemporaines et des surfaces agr\u00e9ables. Il peut contribuer \u00e0 cr\u00e9er des atmosph\u00e8res \u00e9l\u00e9gantes, un habitat confortable et d\u2019un design raffin\u00e9. L\u2019esprit des sols en terre cuite, typiquement m\u00e9diterran\u00e9en et accueillant, est propos\u00e9 sur des surfaces modernes, pour s&rsquo;adapter \u00e0 un style de vie contemporain. Des [&hellip;]","og_url":"https:\/\/www.gigacer.it\/fr\/gamme\/gigacer\/aromas\/","og_site_name":"GIGACER S.p.A.","article_modified_time":"2025-03-17T16:34:52+00:00","og_image":[{"width":1920,"height":1280,"url":"https:\/\/www.gigacer.it\/wp-content\/uploads\/Aromas-Copertina.jpg","type":"image\/jpeg"}],"twitter_card":"summary_large_image","twitter_misc":{"Dur\u00e9e de lecture estim\u00e9e":"2 minutes"},"schema":{"@context":"https:\/\/schema.org","@graph":[{"@type":"WebPage","@id":"https:\/\/www.gigacer.it\/fr\/gamme\/gigacer\/aromas\/","url":"https:\/\/www.gigacer.it\/fr\/gamme\/gigacer\/aromas\/","name":"Aromas - GIGACER S.p.A.","isPartOf":{"@id":"https:\/\/www.gigacer.it\/fr\/#website"},"datePublished":"2023-09-22T14:16:25+00:00","dateModified":"2025-03-17T16:34:52+00:00","breadcrumb":{"@id":"https:\/\/www.gigacer.it\/fr\/gamme\/gigacer\/aromas\/#breadcrumb"},"inLanguage":"fr-FR","potentialAction":[{"@type":"ReadAction","target":["https:\/\/www.gigacer.it\/fr\/gamme\/gigacer\/aromas\/"]}]},{"@type":"BreadcrumbList","@id":"https:\/\/www.gigacer.it\/fr\/gamme\/gigacer\/aromas\/#breadcrumb","itemListElement":[{"@type":"ListItem","position":1,"name":"Home","item":"https:\/\/www.gigacer.it\/fr\/"},{"@type":"ListItem","position":2,"name":"Pleine gamme","item":"https:\/\/www.gigacer.it\/gamma-completa\/"},{"@type":"ListItem","position":3,"name":"Aromas"}]},{"@type":"WebSite","@id":"https:\/\/www.gigacer.it\/fr\/#website","url":"https:\/\/www.gigacer.it\/fr\/","name":"GIGACER S.p.A.","description":"Lastre in gres porcellanato Made in Italy","potentialAction":[{"@type":"SearchAction","target":{"@type":"EntryPoint","urlTemplate":"https:\/\/www.gigacer.it\/fr\/?s={search_term_string}"},"query-input":"required name=search_term_string"}],"inLanguage":"fr-FR"}]}},"_links":{"self":[{"href":"https:\/\/www.gigacer.it\/fr\/wp-json\/wp\/v2\/product\/8260"}],"collection":[{"href":"https:\/\/www.gigacer.it\/fr\/wp-json\/wp\/v2\/product"}],"about":[{"href":"https:\/\/www.gigacer.it\/fr\/wp-json\/wp\/v2\/types\/product"}],"version-history":[{"count":11,"href":"https:\/\/www.gigacer.it\/fr\/wp-json\/wp\/v2\/product\/8260\/revisions"}],"predecessor-version":[{"id":9958,"href":"https:\/\/www.gigacer.it\/fr\/wp-json\/wp\/v2\/product\/8260\/revisions\/9958"}],"wp:featuredmedia":[{"embeddable":true,"href":"https:\/\/www.gigacer.it\/fr\/wp-json\/wp\/v2\/media\/8136"}],"wp:attachment":[{"href":"https:\/\/www.gigacer.it\/fr\/wp-json\/wp\/v2\/media?parent=8260"}],"wp:term":[{"taxonomy":"product_cat","embeddable":true,"href":"https:\/\/www.gigacer.it\/fr\/wp-json\/wp\/v2\/product_cat?post=8260"},{"taxonomy":"product_tag","embeddable":true,"href":"https:\/\/www.gigacer.it\/fr\/wp-json\/wp\/v2\/product_tag?post=8260"}],"curies":[{"name":"wp","href":"https:\/\/api.w.org\/{rel}","templated":true}]}}