{"id":6193,"date":"2023-06-04T08:42:21","date_gmt":"2023-06-04T06:42:21","guid":{"rendered":"http:\/\/www.gigacer.it\/gamma\/non%20class\u00e9\/beton\/"},"modified":"2025-03-19T16:04:13","modified_gmt":"2025-03-19T15:04:13","slug":"beton","status":"publish","type":"product","link":"https:\/\/www.gigacer.it\/fr\/gamme\/le-corbusier-lcs-ceramics\/beton\/","title":{"rendered":"B\u00e9ton"},"content":{"rendered":"<p>En s\u2019inspirant aux nombreux b\u00e2timents de Le Corbusier ou on a utilis\u00e9 du b\u00e9ton, Gigacer a cr\u00e9\u00e9 B\u00e9ton Blanc. Surface en gr\u00e8s au ton neutre qui reprend le caract\u00e8re minimaliste inh\u00e9rent au c\u00e9l\u00e8bre B\u00e9ton Brut. La gamme est id\u00e9ale pour une utilisation aux sols et aux murs dans des espaces r\u00e9sidentielles et publics et peut \u00eatre combin\u00e9e avec les couleurs de LCS Ceramics Le Corbusier.<\/p>\n","protected":false},"excerpt":{"rendered":"<p>En s\u2019inspirant aux nombreux b\u00e2timents de Le Corbusier ou on a utilis\u00e9 du b\u00e9ton, Gigacer a cr\u00e9\u00e9 B\u00e9ton Blanc. Surface en gr\u00e8s au ton neutre qui reprend le caract\u00e8re minimaliste inh\u00e9rent au c\u00e9l\u00e8bre B\u00e9ton Brut. La gamme est id\u00e9ale pour une utilisation aux sols et aux murs dans des espaces r\u00e9sidentielles et publics et peut [&hellip;]<\/p>\n","protected":false},"featured_media":4603,"template":"","meta":{"_relevanssi_hide_post":"","_relevanssi_hide_content":"","_relevanssi_pin_for_all":"","_relevanssi_pin_keywords":"","_relevanssi_unpin_keywords":"","_relevanssi_related_keywords":"","_relevanssi_related_include_ids":"","_relevanssi_related_exclude_ids":"","_relevanssi_related_no_append":"","_relevanssi_related_not_related":"","_relevanssi_related_posts":"","_relevanssi_noindex_reason":""},"product_cat":[162],"product_tag":[],"acf":[],"yoast_head":"<!-- This site is optimized with the Yoast SEO plugin v20.10 - https:\/\/yoast.com\/wordpress\/plugins\/seo\/ -->\n<title>B\u00e9ton - GIGACER S.p.A.<\/title>\n<meta name=\"robots\" content=\"index, follow, max-snippet:-1, max-image-preview:large, max-video-preview:-1\" \/>\n<link rel=\"canonical\" href=\"https:\/\/www.gigacer.it\/fr\/gamme\/le-corbusier-lcs-ceramics\/beton\/\" \/>\n<meta property=\"og:locale\" content=\"fr_FR\" \/>\n<meta property=\"og:type\" content=\"article\" \/>\n<meta property=\"og:title\" content=\"B\u00e9ton - GIGACER S.p.A.\" \/>\n<meta property=\"og:description\" content=\"En s\u2019inspirant aux nombreux b\u00e2timents de Le Corbusier ou on a utilis\u00e9 du b\u00e9ton, Gigacer a cr\u00e9\u00e9 B\u00e9ton Blanc. Surface en gr\u00e8s au ton neutre qui reprend le caract\u00e8re minimaliste inh\u00e9rent au c\u00e9l\u00e8bre B\u00e9ton Brut. La gamme est id\u00e9ale pour une utilisation aux sols et aux murs dans des espaces r\u00e9sidentielles et publics et peut [&hellip;]\" \/>\n<meta property=\"og:url\" content=\"https:\/\/www.gigacer.it\/fr\/gamme\/le-corbusier-lcs-ceramics\/beton\/\" \/>\n<meta property=\"og:site_name\" content=\"GIGACER S.p.A.\" \/>\n<meta property=\"article:modified_time\" content=\"2025-03-19T15:04:13+00:00\" \/>\n<meta property=\"og:image\" content=\"https:\/\/www.gigacer.it\/wp-content\/uploads\/Beton-Le-Corbusier-Gigacer-3.jpeg\" \/>\n\t<meta property=\"og:image:width\" content=\"1000\" \/>\n\t<meta property=\"og:image:height\" content=\"1500\" \/>\n\t<meta property=\"og:image:type\" content=\"image\/jpeg\" \/>\n<meta name=\"twitter:card\" content=\"summary_large_image\" \/>\n<meta name=\"twitter:label1\" content=\"Dur\u00e9e de lecture estim\u00e9e\" \/>\n\t<meta name=\"twitter:data1\" content=\"1 minute\" \/>\n<script type=\"application\/ld+json\" class=\"yoast-schema-graph\">{\"@context\":\"https:\/\/schema.org\",\"@graph\":[{\"@type\":\"WebPage\",\"@id\":\"https:\/\/www.gigacer.it\/fr\/gamme\/le-corbusier-lcs-ceramics\/beton\/\",\"url\":\"https:\/\/www.gigacer.it\/fr\/gamme\/le-corbusier-lcs-ceramics\/beton\/\",\"name\":\"B\u00e9ton - GIGACER S.p.A.\",\"isPartOf\":{\"@id\":\"https:\/\/www.gigacer.it\/fr\/#website\"},\"datePublished\":\"2023-06-04T06:42:21+00:00\",\"dateModified\":\"2025-03-19T15:04:13+00:00\",\"breadcrumb\":{\"@id\":\"https:\/\/www.gigacer.it\/fr\/gamme\/le-corbusier-lcs-ceramics\/beton\/#breadcrumb\"},\"inLanguage\":\"fr-FR\",\"potentialAction\":[{\"@type\":\"ReadAction\",\"target\":[\"https:\/\/www.gigacer.it\/fr\/gamme\/le-corbusier-lcs-ceramics\/beton\/\"]}]},{\"@type\":\"BreadcrumbList\",\"@id\":\"https:\/\/www.gigacer.it\/fr\/gamme\/le-corbusier-lcs-ceramics\/beton\/#breadcrumb\",\"itemListElement\":[{\"@type\":\"ListItem\",\"position\":1,\"name\":\"Home\",\"item\":\"https:\/\/www.gigacer.it\/fr\/\"},{\"@type\":\"ListItem\",\"position\":2,\"name\":\"Pleine gamme\",\"item\":\"https:\/\/www.gigacer.it\/gamma-completa\/\"},{\"@type\":\"ListItem\",\"position\":3,\"name\":\"B\u00e9ton\"}]},{\"@type\":\"WebSite\",\"@id\":\"https:\/\/www.gigacer.it\/fr\/#website\",\"url\":\"https:\/\/www.gigacer.it\/fr\/\",\"name\":\"GIGACER S.p.A.\",\"description\":\"Lastre in gres porcellanato Made in Italy\",\"potentialAction\":[{\"@type\":\"SearchAction\",\"target\":{\"@type\":\"EntryPoint\",\"urlTemplate\":\"https:\/\/www.gigacer.it\/fr\/?s={search_term_string}\"},\"query-input\":\"required name=search_term_string\"}],\"inLanguage\":\"fr-FR\"}]}<\/script>\n<!-- \/ Yoast SEO plugin. -->","yoast_head_json":{"title":"B\u00e9ton - GIGACER S.p.A.","robots":{"index":"index","follow":"follow","max-snippet":"max-snippet:-1","max-image-preview":"max-image-preview:large","max-video-preview":"max-video-preview:-1"},"canonical":"https:\/\/www.gigacer.it\/fr\/gamme\/le-corbusier-lcs-ceramics\/beton\/","og_locale":"fr_FR","og_type":"article","og_title":"B\u00e9ton - GIGACER S.p.A.","og_description":"En s\u2019inspirant aux nombreux b\u00e2timents de Le Corbusier ou on a utilis\u00e9 du b\u00e9ton, Gigacer a cr\u00e9\u00e9 B\u00e9ton Blanc. Surface en gr\u00e8s au ton neutre qui reprend le caract\u00e8re minimaliste inh\u00e9rent au c\u00e9l\u00e8bre B\u00e9ton Brut. La gamme est id\u00e9ale pour une utilisation aux sols et aux murs dans des espaces r\u00e9sidentielles et publics et peut [&hellip;]","og_url":"https:\/\/www.gigacer.it\/fr\/gamme\/le-corbusier-lcs-ceramics\/beton\/","og_site_name":"GIGACER S.p.A.","article_modified_time":"2025-03-19T15:04:13+00:00","og_image":[{"width":1000,"height":1500,"url":"https:\/\/www.gigacer.it\/wp-content\/uploads\/Beton-Le-Corbusier-Gigacer-3.jpeg","type":"image\/jpeg"}],"twitter_card":"summary_large_image","twitter_misc":{"Dur\u00e9e de lecture estim\u00e9e":"1 minute"},"schema":{"@context":"https:\/\/schema.org","@graph":[{"@type":"WebPage","@id":"https:\/\/www.gigacer.it\/fr\/gamme\/le-corbusier-lcs-ceramics\/beton\/","url":"https:\/\/www.gigacer.it\/fr\/gamme\/le-corbusier-lcs-ceramics\/beton\/","name":"B\u00e9ton - GIGACER S.p.A.","isPartOf":{"@id":"https:\/\/www.gigacer.it\/fr\/#website"},"datePublished":"2023-06-04T06:42:21+00:00","dateModified":"2025-03-19T15:04:13+00:00","breadcrumb":{"@id":"https:\/\/www.gigacer.it\/fr\/gamme\/le-corbusier-lcs-ceramics\/beton\/#breadcrumb"},"inLanguage":"fr-FR","potentialAction":[{"@type":"ReadAction","target":["https:\/\/www.gigacer.it\/fr\/gamme\/le-corbusier-lcs-ceramics\/beton\/"]}]},{"@type":"BreadcrumbList","@id":"https:\/\/www.gigacer.it\/fr\/gamme\/le-corbusier-lcs-ceramics\/beton\/#breadcrumb","itemListElement":[{"@type":"ListItem","position":1,"name":"Home","item":"https:\/\/www.gigacer.it\/fr\/"},{"@type":"ListItem","position":2,"name":"Pleine gamme","item":"https:\/\/www.gigacer.it\/gamma-completa\/"},{"@type":"ListItem","position":3,"name":"B\u00e9ton"}]},{"@type":"WebSite","@id":"https:\/\/www.gigacer.it\/fr\/#website","url":"https:\/\/www.gigacer.it\/fr\/","name":"GIGACER S.p.A.","description":"Lastre in gres porcellanato Made in Italy","potentialAction":[{"@type":"SearchAction","target":{"@type":"EntryPoint","urlTemplate":"https:\/\/www.gigacer.it\/fr\/?s={search_term_string}"},"query-input":"required name=search_term_string"}],"inLanguage":"fr-FR"}]}},"_links":{"self":[{"href":"https:\/\/www.gigacer.it\/fr\/wp-json\/wp\/v2\/product\/6193"}],"collection":[{"href":"https:\/\/www.gigacer.it\/fr\/wp-json\/wp\/v2\/product"}],"about":[{"href":"https:\/\/www.gigacer.it\/fr\/wp-json\/wp\/v2\/types\/product"}],"version-history":[{"count":5,"href":"https:\/\/www.gigacer.it\/fr\/wp-json\/wp\/v2\/product\/6193\/revisions"}],"predecessor-version":[{"id":10107,"href":"https:\/\/www.gigacer.it\/fr\/wp-json\/wp\/v2\/product\/6193\/revisions\/10107"}],"wp:featuredmedia":[{"embeddable":true,"href":"https:\/\/www.gigacer.it\/fr\/wp-json\/wp\/v2\/media\/4603"}],"wp:attachment":[{"href":"https:\/\/www.gigacer.it\/fr\/wp-json\/wp\/v2\/media?parent=6193"}],"wp:term":[{"taxonomy":"product_cat","embeddable":true,"href":"https:\/\/www.gigacer.it\/fr\/wp-json\/wp\/v2\/product_cat?post=6193"},{"taxonomy":"product_tag","embeddable":true,"href":"https:\/\/www.gigacer.it\/fr\/wp-json\/wp\/v2\/product_tag?post=6193"}],"curies":[{"name":"wp","href":"https:\/\/api.w.org\/{rel}","templated":true}]}}