{"id":6189,"date":"2023-06-02T16:58:51","date_gmt":"2023-06-02T14:58:51","guid":{"rendered":"http:\/\/www.gigacer.it\/gamma\/non%20class\u00e9\/concrete-signs\/"},"modified":"2025-03-18T12:24:25","modified_gmt":"2025-03-18T11:24:25","slug":"concrete-signs","status":"publish","type":"product","link":"https:\/\/www.gigacer.it\/fr\/gamme\/gigacer\/concrete-signs\/","title":{"rendered":"Concrete Signs"},"content":{"rendered":"<p>Avec le nouveau d\u00e9cor Signs, la ligne Concrete \u00e9largit sa gamme en ajoutant un produit \u00e0 l\u2019aspect raffin\u00e9 et \u00e9l\u00e9gant. Quatre textures d\u00e9licates enrichissent le mat\u00e9riau d\u2019origine en renfor\u00e7ant sa valeur esth\u00e9tique et d\u00e9corative.<\/p>\n","protected":false},"excerpt":{"rendered":"<p>Avec le nouveau d\u00e9cor Signs, la ligne Concrete \u00e9largit sa gamme en ajoutant un produit \u00e0 l\u2019aspect raffin\u00e9 et \u00e9l\u00e9gant. Quatre textures d\u00e9licates enrichissent le mat\u00e9riau d\u2019origine en renfor\u00e7ant sa valeur esth\u00e9tique et d\u00e9corative.<\/p>\n","protected":false},"featured_media":4147,"template":"","meta":{"_relevanssi_hide_post":"","_relevanssi_hide_content":"","_relevanssi_pin_for_all":"","_relevanssi_pin_keywords":"","_relevanssi_unpin_keywords":"","_relevanssi_related_keywords":"","_relevanssi_related_include_ids":"","_relevanssi_related_exclude_ids":"","_relevanssi_related_no_append":"","_relevanssi_related_not_related":"","_relevanssi_related_posts":"","_relevanssi_noindex_reason":""},"product_cat":[161],"product_tag":[],"acf":[],"yoast_head":"<!-- This site is optimized with the Yoast SEO plugin v20.10 - https:\/\/yoast.com\/wordpress\/plugins\/seo\/ -->\n<title>Concrete Signs - GIGACER S.p.A.<\/title>\n<meta name=\"robots\" content=\"index, follow, max-snippet:-1, max-image-preview:large, max-video-preview:-1\" \/>\n<link rel=\"canonical\" href=\"https:\/\/www.gigacer.it\/fr\/gamme\/gigacer\/concrete-signs\/\" \/>\n<meta property=\"og:locale\" content=\"fr_FR\" \/>\n<meta property=\"og:type\" content=\"article\" \/>\n<meta property=\"og:title\" content=\"Concrete Signs - GIGACER S.p.A.\" \/>\n<meta property=\"og:description\" content=\"Avec le nouveau d\u00e9cor Signs, la ligne Concrete \u00e9largit sa gamme en ajoutant un produit \u00e0 l\u2019aspect raffin\u00e9 et \u00e9l\u00e9gant. Quatre textures d\u00e9licates enrichissent le mat\u00e9riau d\u2019origine en renfor\u00e7ant sa valeur esth\u00e9tique et d\u00e9corative.\" \/>\n<meta property=\"og:url\" content=\"https:\/\/www.gigacer.it\/fr\/gamme\/gigacer\/concrete-signs\/\" \/>\n<meta property=\"og:site_name\" content=\"GIGACER S.p.A.\" \/>\n<meta property=\"article:modified_time\" content=\"2025-03-18T11:24:25+00:00\" \/>\n<meta property=\"og:image\" content=\"https:\/\/www.gigacer.it\/wp-content\/uploads\/Concrete-Gigacer-7.jpeg\" \/>\n\t<meta property=\"og:image:width\" content=\"1500\" \/>\n\t<meta property=\"og:image:height\" content=\"1000\" \/>\n\t<meta property=\"og:image:type\" content=\"image\/jpeg\" \/>\n<meta name=\"twitter:card\" content=\"summary_large_image\" \/>\n<meta name=\"twitter:label1\" content=\"Dur\u00e9e de lecture estim\u00e9e\" \/>\n\t<meta name=\"twitter:data1\" content=\"1 minute\" \/>\n<script type=\"application\/ld+json\" class=\"yoast-schema-graph\">{\"@context\":\"https:\/\/schema.org\",\"@graph\":[{\"@type\":\"WebPage\",\"@id\":\"https:\/\/www.gigacer.it\/fr\/gamme\/gigacer\/concrete-signs\/\",\"url\":\"https:\/\/www.gigacer.it\/fr\/gamme\/gigacer\/concrete-signs\/\",\"name\":\"Concrete Signs - GIGACER S.p.A.\",\"isPartOf\":{\"@id\":\"https:\/\/www.gigacer.it\/fr\/#website\"},\"datePublished\":\"2023-06-02T14:58:51+00:00\",\"dateModified\":\"2025-03-18T11:24:25+00:00\",\"breadcrumb\":{\"@id\":\"https:\/\/www.gigacer.it\/fr\/gamme\/gigacer\/concrete-signs\/#breadcrumb\"},\"inLanguage\":\"fr-FR\",\"potentialAction\":[{\"@type\":\"ReadAction\",\"target\":[\"https:\/\/www.gigacer.it\/fr\/gamme\/gigacer\/concrete-signs\/\"]}]},{\"@type\":\"BreadcrumbList\",\"@id\":\"https:\/\/www.gigacer.it\/fr\/gamme\/gigacer\/concrete-signs\/#breadcrumb\",\"itemListElement\":[{\"@type\":\"ListItem\",\"position\":1,\"name\":\"Home\",\"item\":\"https:\/\/www.gigacer.it\/fr\/\"},{\"@type\":\"ListItem\",\"position\":2,\"name\":\"Pleine gamme\",\"item\":\"https:\/\/www.gigacer.it\/gamma-completa\/\"},{\"@type\":\"ListItem\",\"position\":3,\"name\":\"Concrete Signs\"}]},{\"@type\":\"WebSite\",\"@id\":\"https:\/\/www.gigacer.it\/fr\/#website\",\"url\":\"https:\/\/www.gigacer.it\/fr\/\",\"name\":\"GIGACER S.p.A.\",\"description\":\"Lastre in gres porcellanato Made in Italy\",\"potentialAction\":[{\"@type\":\"SearchAction\",\"target\":{\"@type\":\"EntryPoint\",\"urlTemplate\":\"https:\/\/www.gigacer.it\/fr\/?s={search_term_string}\"},\"query-input\":\"required name=search_term_string\"}],\"inLanguage\":\"fr-FR\"}]}<\/script>\n<!-- \/ Yoast SEO plugin. -->","yoast_head_json":{"title":"Concrete Signs - GIGACER S.p.A.","robots":{"index":"index","follow":"follow","max-snippet":"max-snippet:-1","max-image-preview":"max-image-preview:large","max-video-preview":"max-video-preview:-1"},"canonical":"https:\/\/www.gigacer.it\/fr\/gamme\/gigacer\/concrete-signs\/","og_locale":"fr_FR","og_type":"article","og_title":"Concrete Signs - GIGACER S.p.A.","og_description":"Avec le nouveau d\u00e9cor Signs, la ligne Concrete \u00e9largit sa gamme en ajoutant un produit \u00e0 l\u2019aspect raffin\u00e9 et \u00e9l\u00e9gant. Quatre textures d\u00e9licates enrichissent le mat\u00e9riau d\u2019origine en renfor\u00e7ant sa valeur esth\u00e9tique et d\u00e9corative.","og_url":"https:\/\/www.gigacer.it\/fr\/gamme\/gigacer\/concrete-signs\/","og_site_name":"GIGACER S.p.A.","article_modified_time":"2025-03-18T11:24:25+00:00","og_image":[{"width":1500,"height":1000,"url":"https:\/\/www.gigacer.it\/wp-content\/uploads\/Concrete-Gigacer-7.jpeg","type":"image\/jpeg"}],"twitter_card":"summary_large_image","twitter_misc":{"Dur\u00e9e de lecture estim\u00e9e":"1 minute"},"schema":{"@context":"https:\/\/schema.org","@graph":[{"@type":"WebPage","@id":"https:\/\/www.gigacer.it\/fr\/gamme\/gigacer\/concrete-signs\/","url":"https:\/\/www.gigacer.it\/fr\/gamme\/gigacer\/concrete-signs\/","name":"Concrete Signs - GIGACER S.p.A.","isPartOf":{"@id":"https:\/\/www.gigacer.it\/fr\/#website"},"datePublished":"2023-06-02T14:58:51+00:00","dateModified":"2025-03-18T11:24:25+00:00","breadcrumb":{"@id":"https:\/\/www.gigacer.it\/fr\/gamme\/gigacer\/concrete-signs\/#breadcrumb"},"inLanguage":"fr-FR","potentialAction":[{"@type":"ReadAction","target":["https:\/\/www.gigacer.it\/fr\/gamme\/gigacer\/concrete-signs\/"]}]},{"@type":"BreadcrumbList","@id":"https:\/\/www.gigacer.it\/fr\/gamme\/gigacer\/concrete-signs\/#breadcrumb","itemListElement":[{"@type":"ListItem","position":1,"name":"Home","item":"https:\/\/www.gigacer.it\/fr\/"},{"@type":"ListItem","position":2,"name":"Pleine gamme","item":"https:\/\/www.gigacer.it\/gamma-completa\/"},{"@type":"ListItem","position":3,"name":"Concrete Signs"}]},{"@type":"WebSite","@id":"https:\/\/www.gigacer.it\/fr\/#website","url":"https:\/\/www.gigacer.it\/fr\/","name":"GIGACER S.p.A.","description":"Lastre in gres porcellanato Made in Italy","potentialAction":[{"@type":"SearchAction","target":{"@type":"EntryPoint","urlTemplate":"https:\/\/www.gigacer.it\/fr\/?s={search_term_string}"},"query-input":"required name=search_term_string"}],"inLanguage":"fr-FR"}]}},"_links":{"self":[{"href":"https:\/\/www.gigacer.it\/fr\/wp-json\/wp\/v2\/product\/6189"}],"collection":[{"href":"https:\/\/www.gigacer.it\/fr\/wp-json\/wp\/v2\/product"}],"about":[{"href":"https:\/\/www.gigacer.it\/fr\/wp-json\/wp\/v2\/types\/product"}],"version-history":[{"count":2,"href":"https:\/\/www.gigacer.it\/fr\/wp-json\/wp\/v2\/product\/6189\/revisions"}],"predecessor-version":[{"id":9987,"href":"https:\/\/www.gigacer.it\/fr\/wp-json\/wp\/v2\/product\/6189\/revisions\/9987"}],"wp:featuredmedia":[{"embeddable":true,"href":"https:\/\/www.gigacer.it\/fr\/wp-json\/wp\/v2\/media\/4147"}],"wp:attachment":[{"href":"https:\/\/www.gigacer.it\/fr\/wp-json\/wp\/v2\/media?parent=6189"}],"wp:term":[{"taxonomy":"product_cat","embeddable":true,"href":"https:\/\/www.gigacer.it\/fr\/wp-json\/wp\/v2\/product_cat?post=6189"},{"taxonomy":"product_tag","embeddable":true,"href":"https:\/\/www.gigacer.it\/fr\/wp-json\/wp\/v2\/product_tag?post=6189"}],"curies":[{"name":"wp","href":"https:\/\/api.w.org\/{rel}","templated":true}]}}