{"id":6188,"date":"2023-03-13T08:45:32","date_gmt":"2023-03-13T07:45:32","guid":{"rendered":"http:\/\/www.gigacer.it\/gamma\/non%20class\u00e9\/terra\/"},"modified":"2025-03-19T15:34:52","modified_gmt":"2025-03-19T14:34:52","slug":"terra","status":"publish","type":"product","link":"https:\/\/www.gigacer.it\/fr\/gamme\/gigacer\/terra\/","title":{"rendered":"Terra"},"content":{"rendered":"<p>Un produit d\u2019une esth\u00e9tique \u00e9pur\u00e9e, primitive, qui porte en soi les caract\u00e9ristiques intrins\u00e8ques de la nature, sa r\u00e9sistance, son irr\u00e9gularit\u00e9 et son unicit\u00e9. Mati\u00e8re s\u00e9ch\u00e9e au soleil, transform\u00e9e par des agents naturels lui conf\u00e9rant cet aspect v\u00e9cu qui raconte le passage du temps, avec sa charge de souvenirs et de suggestions.<\/p>\n","protected":false},"excerpt":{"rendered":"<p>Un produit d\u2019une esth\u00e9tique \u00e9pur\u00e9e, primitive, qui porte en soi les caract\u00e9ristiques intrins\u00e8ques de la nature, sa r\u00e9sistance, son irr\u00e9gularit\u00e9 et son unicit\u00e9. Mati\u00e8re s\u00e9ch\u00e9e au soleil, transform\u00e9e par des agents naturels lui conf\u00e9rant cet aspect v\u00e9cu qui raconte le passage du temps, avec sa charge de souvenirs et de suggestions.<\/p>\n","protected":false},"featured_media":4567,"template":"","meta":{"_relevanssi_hide_post":"","_relevanssi_hide_content":"","_relevanssi_pin_for_all":"","_relevanssi_pin_keywords":"","_relevanssi_unpin_keywords":"","_relevanssi_related_keywords":"","_relevanssi_related_include_ids":"","_relevanssi_related_exclude_ids":"","_relevanssi_related_no_append":"","_relevanssi_related_not_related":"","_relevanssi_related_posts":"","_relevanssi_noindex_reason":""},"product_cat":[161],"product_tag":[],"acf":[],"yoast_head":"<!-- This site is optimized with the Yoast SEO plugin v20.10 - https:\/\/yoast.com\/wordpress\/plugins\/seo\/ -->\n<title>Terra - GIGACER S.p.A.<\/title>\n<meta name=\"robots\" content=\"index, follow, max-snippet:-1, max-image-preview:large, max-video-preview:-1\" \/>\n<link rel=\"canonical\" href=\"https:\/\/www.gigacer.it\/fr\/gamme\/gigacer\/terra\/\" \/>\n<meta property=\"og:locale\" content=\"fr_FR\" \/>\n<meta property=\"og:type\" content=\"article\" \/>\n<meta property=\"og:title\" content=\"Terra - GIGACER S.p.A.\" \/>\n<meta property=\"og:description\" content=\"Un produit d\u2019une esth\u00e9tique \u00e9pur\u00e9e, primitive, qui porte en soi les caract\u00e9ristiques intrins\u00e8ques de la nature, sa r\u00e9sistance, son irr\u00e9gularit\u00e9 et son unicit\u00e9. Mati\u00e8re s\u00e9ch\u00e9e au soleil, transform\u00e9e par des agents naturels lui conf\u00e9rant cet aspect v\u00e9cu qui raconte le passage du temps, avec sa charge de souvenirs et de suggestions.\" \/>\n<meta property=\"og:url\" content=\"https:\/\/www.gigacer.it\/fr\/gamme\/gigacer\/terra\/\" \/>\n<meta property=\"og:site_name\" content=\"GIGACER S.p.A.\" \/>\n<meta property=\"article:modified_time\" content=\"2025-03-19T14:34:52+00:00\" \/>\n<meta property=\"og:image\" content=\"https:\/\/www.gigacer.it\/wp-content\/uploads\/Terra-Gigacer-6.jpeg\" \/>\n\t<meta property=\"og:image:width\" content=\"1500\" \/>\n\t<meta property=\"og:image:height\" content=\"1000\" \/>\n\t<meta property=\"og:image:type\" content=\"image\/jpeg\" \/>\n<meta name=\"twitter:card\" content=\"summary_large_image\" \/>\n<meta name=\"twitter:label1\" content=\"Dur\u00e9e de lecture estim\u00e9e\" \/>\n\t<meta name=\"twitter:data1\" content=\"1 minute\" \/>\n<script type=\"application\/ld+json\" class=\"yoast-schema-graph\">{\"@context\":\"https:\/\/schema.org\",\"@graph\":[{\"@type\":\"WebPage\",\"@id\":\"https:\/\/www.gigacer.it\/fr\/gamme\/gigacer\/terra\/\",\"url\":\"https:\/\/www.gigacer.it\/fr\/gamme\/gigacer\/terra\/\",\"name\":\"Terra - GIGACER S.p.A.\",\"isPartOf\":{\"@id\":\"https:\/\/www.gigacer.it\/fr\/#website\"},\"datePublished\":\"2023-03-13T07:45:32+00:00\",\"dateModified\":\"2025-03-19T14:34:52+00:00\",\"breadcrumb\":{\"@id\":\"https:\/\/www.gigacer.it\/fr\/gamme\/gigacer\/terra\/#breadcrumb\"},\"inLanguage\":\"fr-FR\",\"potentialAction\":[{\"@type\":\"ReadAction\",\"target\":[\"https:\/\/www.gigacer.it\/fr\/gamme\/gigacer\/terra\/\"]}]},{\"@type\":\"BreadcrumbList\",\"@id\":\"https:\/\/www.gigacer.it\/fr\/gamme\/gigacer\/terra\/#breadcrumb\",\"itemListElement\":[{\"@type\":\"ListItem\",\"position\":1,\"name\":\"Home\",\"item\":\"https:\/\/www.gigacer.it\/fr\/\"},{\"@type\":\"ListItem\",\"position\":2,\"name\":\"Pleine gamme\",\"item\":\"https:\/\/www.gigacer.it\/gamma-completa\/\"},{\"@type\":\"ListItem\",\"position\":3,\"name\":\"Terra\"}]},{\"@type\":\"WebSite\",\"@id\":\"https:\/\/www.gigacer.it\/fr\/#website\",\"url\":\"https:\/\/www.gigacer.it\/fr\/\",\"name\":\"GIGACER S.p.A.\",\"description\":\"Lastre in gres porcellanato Made in Italy\",\"potentialAction\":[{\"@type\":\"SearchAction\",\"target\":{\"@type\":\"EntryPoint\",\"urlTemplate\":\"https:\/\/www.gigacer.it\/fr\/?s={search_term_string}\"},\"query-input\":\"required name=search_term_string\"}],\"inLanguage\":\"fr-FR\"}]}<\/script>\n<!-- \/ Yoast SEO plugin. -->","yoast_head_json":{"title":"Terra - GIGACER S.p.A.","robots":{"index":"index","follow":"follow","max-snippet":"max-snippet:-1","max-image-preview":"max-image-preview:large","max-video-preview":"max-video-preview:-1"},"canonical":"https:\/\/www.gigacer.it\/fr\/gamme\/gigacer\/terra\/","og_locale":"fr_FR","og_type":"article","og_title":"Terra - GIGACER S.p.A.","og_description":"Un produit d\u2019une esth\u00e9tique \u00e9pur\u00e9e, primitive, qui porte en soi les caract\u00e9ristiques intrins\u00e8ques de la nature, sa r\u00e9sistance, son irr\u00e9gularit\u00e9 et son unicit\u00e9. Mati\u00e8re s\u00e9ch\u00e9e au soleil, transform\u00e9e par des agents naturels lui conf\u00e9rant cet aspect v\u00e9cu qui raconte le passage du temps, avec sa charge de souvenirs et de suggestions.","og_url":"https:\/\/www.gigacer.it\/fr\/gamme\/gigacer\/terra\/","og_site_name":"GIGACER S.p.A.","article_modified_time":"2025-03-19T14:34:52+00:00","og_image":[{"width":1500,"height":1000,"url":"https:\/\/www.gigacer.it\/wp-content\/uploads\/Terra-Gigacer-6.jpeg","type":"image\/jpeg"}],"twitter_card":"summary_large_image","twitter_misc":{"Dur\u00e9e de lecture estim\u00e9e":"1 minute"},"schema":{"@context":"https:\/\/schema.org","@graph":[{"@type":"WebPage","@id":"https:\/\/www.gigacer.it\/fr\/gamme\/gigacer\/terra\/","url":"https:\/\/www.gigacer.it\/fr\/gamme\/gigacer\/terra\/","name":"Terra - GIGACER S.p.A.","isPartOf":{"@id":"https:\/\/www.gigacer.it\/fr\/#website"},"datePublished":"2023-03-13T07:45:32+00:00","dateModified":"2025-03-19T14:34:52+00:00","breadcrumb":{"@id":"https:\/\/www.gigacer.it\/fr\/gamme\/gigacer\/terra\/#breadcrumb"},"inLanguage":"fr-FR","potentialAction":[{"@type":"ReadAction","target":["https:\/\/www.gigacer.it\/fr\/gamme\/gigacer\/terra\/"]}]},{"@type":"BreadcrumbList","@id":"https:\/\/www.gigacer.it\/fr\/gamme\/gigacer\/terra\/#breadcrumb","itemListElement":[{"@type":"ListItem","position":1,"name":"Home","item":"https:\/\/www.gigacer.it\/fr\/"},{"@type":"ListItem","position":2,"name":"Pleine gamme","item":"https:\/\/www.gigacer.it\/gamma-completa\/"},{"@type":"ListItem","position":3,"name":"Terra"}]},{"@type":"WebSite","@id":"https:\/\/www.gigacer.it\/fr\/#website","url":"https:\/\/www.gigacer.it\/fr\/","name":"GIGACER S.p.A.","description":"Lastre in gres porcellanato Made in Italy","potentialAction":[{"@type":"SearchAction","target":{"@type":"EntryPoint","urlTemplate":"https:\/\/www.gigacer.it\/fr\/?s={search_term_string}"},"query-input":"required name=search_term_string"}],"inLanguage":"fr-FR"}]}},"_links":{"self":[{"href":"https:\/\/www.gigacer.it\/fr\/wp-json\/wp\/v2\/product\/6188"}],"collection":[{"href":"https:\/\/www.gigacer.it\/fr\/wp-json\/wp\/v2\/product"}],"about":[{"href":"https:\/\/www.gigacer.it\/fr\/wp-json\/wp\/v2\/types\/product"}],"version-history":[{"count":2,"href":"https:\/\/www.gigacer.it\/fr\/wp-json\/wp\/v2\/product\/6188\/revisions"}],"predecessor-version":[{"id":10092,"href":"https:\/\/www.gigacer.it\/fr\/wp-json\/wp\/v2\/product\/6188\/revisions\/10092"}],"wp:featuredmedia":[{"embeddable":true,"href":"https:\/\/www.gigacer.it\/fr\/wp-json\/wp\/v2\/media\/4567"}],"wp:attachment":[{"href":"https:\/\/www.gigacer.it\/fr\/wp-json\/wp\/v2\/media?parent=6188"}],"wp:term":[{"taxonomy":"product_cat","embeddable":true,"href":"https:\/\/www.gigacer.it\/fr\/wp-json\/wp\/v2\/product_cat?post=6188"},{"taxonomy":"product_tag","embeddable":true,"href":"https:\/\/www.gigacer.it\/fr\/wp-json\/wp\/v2\/product_tag?post=6188"}],"curies":[{"name":"wp","href":"https:\/\/api.w.org\/{rel}","templated":true}]}}