{"id":6185,"date":"2023-03-13T08:44:43","date_gmt":"2023-03-13T07:44:43","guid":{"rendered":"http:\/\/www.gigacer.it\/gamma\/non%20class\u00e9\/made-2-0\/"},"modified":"2025-03-19T14:56:16","modified_gmt":"2025-03-19T13:56:16","slug":"made-2-0","status":"publish","type":"product","link":"https:\/\/www.gigacer.it\/fr\/gamme\/gigacer\/made-2-0\/","title":{"rendered":"Made 2.0"},"content":{"rendered":"<p>Made 2.0 en synergie avec la s\u00e9rie Concrete est un syst\u00e8me c\u00e9ramique flexible cr\u00e9e pour dessiner les espaces de vie. C\u2019est la palette la plus compl\u00e8te de combinaisons de couleurs et de surfaces dans des tons naturels et neutres : onze couleurs et quatre finitions diff\u00e9rentes qui s\u2019adaptent aux diff\u00e9rents besoins de votre habitat. La m\u00eame couleur peut \u00eatre utilis\u00e9e \u00e0 l\u2019int\u00e9rieur comme \u00e0 l\u2019ext\u00e9rieur, sol et mur et pour la r\u00e9alisation de plan de travail pour la cuisine et pour des meubles de salle de bains tout en gardant une forte coh\u00e9rence chromatique. Toute la palette chromatique le la collection Made 2.0 trouve sa correspondance dans la s\u00e9rie Concrete (sauf pour la couleur Made 2.0 White Sand qui correspond \u00e0 la Concrete White).<\/p>\n","protected":false},"excerpt":{"rendered":"<p>Made 2.0 en synergie avec la s\u00e9rie Concrete est un syst\u00e8me c\u00e9ramique flexible cr\u00e9e pour dessiner les espaces de vie. C\u2019est la palette la plus compl\u00e8te de combinaisons de couleurs et de surfaces dans des tons naturels et neutres : onze couleurs et quatre finitions diff\u00e9rentes qui s\u2019adaptent aux diff\u00e9rents besoins de votre habitat. La [&hellip;]<\/p>\n","protected":false},"featured_media":4459,"template":"","meta":{"_relevanssi_hide_post":"","_relevanssi_hide_content":"","_relevanssi_pin_for_all":"","_relevanssi_pin_keywords":"","_relevanssi_unpin_keywords":"","_relevanssi_related_keywords":"","_relevanssi_related_include_ids":"","_relevanssi_related_exclude_ids":"","_relevanssi_related_no_append":"","_relevanssi_related_not_related":"","_relevanssi_related_posts":"","_relevanssi_noindex_reason":""},"product_cat":[161],"product_tag":[],"acf":[],"yoast_head":"<!-- This site is optimized with the Yoast SEO plugin v20.10 - https:\/\/yoast.com\/wordpress\/plugins\/seo\/ -->\n<title>Made 2.0 - GIGACER S.p.A.<\/title>\n<meta name=\"robots\" content=\"index, follow, max-snippet:-1, max-image-preview:large, max-video-preview:-1\" \/>\n<link rel=\"canonical\" href=\"https:\/\/www.gigacer.it\/fr\/gamme\/gigacer\/made-2-0\/\" \/>\n<meta property=\"og:locale\" content=\"fr_FR\" \/>\n<meta property=\"og:type\" content=\"article\" \/>\n<meta property=\"og:title\" content=\"Made 2.0 - GIGACER S.p.A.\" \/>\n<meta property=\"og:description\" content=\"Made 2.0 en synergie avec la s\u00e9rie Concrete est un syst\u00e8me c\u00e9ramique flexible cr\u00e9e pour dessiner les espaces de vie. C\u2019est la palette la plus compl\u00e8te de combinaisons de couleurs et de surfaces dans des tons naturels et neutres : onze couleurs et quatre finitions diff\u00e9rentes qui s\u2019adaptent aux diff\u00e9rents besoins de votre habitat. La [&hellip;]\" \/>\n<meta property=\"og:url\" content=\"https:\/\/www.gigacer.it\/fr\/gamme\/gigacer\/made-2-0\/\" \/>\n<meta property=\"og:site_name\" content=\"GIGACER S.p.A.\" \/>\n<meta property=\"article:modified_time\" content=\"2025-03-19T13:56:16+00:00\" \/>\n<meta property=\"og:image\" content=\"https:\/\/www.gigacer.it\/wp-content\/uploads\/Made-2.0-Gigacer-4.jpeg\" \/>\n\t<meta property=\"og:image:width\" content=\"1000\" \/>\n\t<meta property=\"og:image:height\" content=\"1500\" \/>\n\t<meta property=\"og:image:type\" content=\"image\/jpeg\" \/>\n<meta name=\"twitter:card\" content=\"summary_large_image\" \/>\n<meta name=\"twitter:label1\" content=\"Dur\u00e9e de lecture estim\u00e9e\" \/>\n\t<meta name=\"twitter:data1\" content=\"1 minute\" \/>\n<script type=\"application\/ld+json\" class=\"yoast-schema-graph\">{\"@context\":\"https:\/\/schema.org\",\"@graph\":[{\"@type\":\"WebPage\",\"@id\":\"https:\/\/www.gigacer.it\/fr\/gamme\/gigacer\/made-2-0\/\",\"url\":\"https:\/\/www.gigacer.it\/fr\/gamme\/gigacer\/made-2-0\/\",\"name\":\"Made 2.0 - GIGACER S.p.A.\",\"isPartOf\":{\"@id\":\"https:\/\/www.gigacer.it\/fr\/#website\"},\"datePublished\":\"2023-03-13T07:44:43+00:00\",\"dateModified\":\"2025-03-19T13:56:16+00:00\",\"breadcrumb\":{\"@id\":\"https:\/\/www.gigacer.it\/fr\/gamme\/gigacer\/made-2-0\/#breadcrumb\"},\"inLanguage\":\"fr-FR\",\"potentialAction\":[{\"@type\":\"ReadAction\",\"target\":[\"https:\/\/www.gigacer.it\/fr\/gamme\/gigacer\/made-2-0\/\"]}]},{\"@type\":\"BreadcrumbList\",\"@id\":\"https:\/\/www.gigacer.it\/fr\/gamme\/gigacer\/made-2-0\/#breadcrumb\",\"itemListElement\":[{\"@type\":\"ListItem\",\"position\":1,\"name\":\"Home\",\"item\":\"https:\/\/www.gigacer.it\/fr\/\"},{\"@type\":\"ListItem\",\"position\":2,\"name\":\"Pleine gamme\",\"item\":\"https:\/\/www.gigacer.it\/gamma-completa\/\"},{\"@type\":\"ListItem\",\"position\":3,\"name\":\"Made 2.0\"}]},{\"@type\":\"WebSite\",\"@id\":\"https:\/\/www.gigacer.it\/fr\/#website\",\"url\":\"https:\/\/www.gigacer.it\/fr\/\",\"name\":\"GIGACER S.p.A.\",\"description\":\"Lastre in gres porcellanato Made in Italy\",\"potentialAction\":[{\"@type\":\"SearchAction\",\"target\":{\"@type\":\"EntryPoint\",\"urlTemplate\":\"https:\/\/www.gigacer.it\/fr\/?s={search_term_string}\"},\"query-input\":\"required name=search_term_string\"}],\"inLanguage\":\"fr-FR\"}]}<\/script>\n<!-- \/ Yoast SEO plugin. -->","yoast_head_json":{"title":"Made 2.0 - GIGACER S.p.A.","robots":{"index":"index","follow":"follow","max-snippet":"max-snippet:-1","max-image-preview":"max-image-preview:large","max-video-preview":"max-video-preview:-1"},"canonical":"https:\/\/www.gigacer.it\/fr\/gamme\/gigacer\/made-2-0\/","og_locale":"fr_FR","og_type":"article","og_title":"Made 2.0 - GIGACER S.p.A.","og_description":"Made 2.0 en synergie avec la s\u00e9rie Concrete est un syst\u00e8me c\u00e9ramique flexible cr\u00e9e pour dessiner les espaces de vie. C\u2019est la palette la plus compl\u00e8te de combinaisons de couleurs et de surfaces dans des tons naturels et neutres : onze couleurs et quatre finitions diff\u00e9rentes qui s\u2019adaptent aux diff\u00e9rents besoins de votre habitat. La [&hellip;]","og_url":"https:\/\/www.gigacer.it\/fr\/gamme\/gigacer\/made-2-0\/","og_site_name":"GIGACER S.p.A.","article_modified_time":"2025-03-19T13:56:16+00:00","og_image":[{"width":1000,"height":1500,"url":"https:\/\/www.gigacer.it\/wp-content\/uploads\/Made-2.0-Gigacer-4.jpeg","type":"image\/jpeg"}],"twitter_card":"summary_large_image","twitter_misc":{"Dur\u00e9e de lecture estim\u00e9e":"1 minute"},"schema":{"@context":"https:\/\/schema.org","@graph":[{"@type":"WebPage","@id":"https:\/\/www.gigacer.it\/fr\/gamme\/gigacer\/made-2-0\/","url":"https:\/\/www.gigacer.it\/fr\/gamme\/gigacer\/made-2-0\/","name":"Made 2.0 - GIGACER S.p.A.","isPartOf":{"@id":"https:\/\/www.gigacer.it\/fr\/#website"},"datePublished":"2023-03-13T07:44:43+00:00","dateModified":"2025-03-19T13:56:16+00:00","breadcrumb":{"@id":"https:\/\/www.gigacer.it\/fr\/gamme\/gigacer\/made-2-0\/#breadcrumb"},"inLanguage":"fr-FR","potentialAction":[{"@type":"ReadAction","target":["https:\/\/www.gigacer.it\/fr\/gamme\/gigacer\/made-2-0\/"]}]},{"@type":"BreadcrumbList","@id":"https:\/\/www.gigacer.it\/fr\/gamme\/gigacer\/made-2-0\/#breadcrumb","itemListElement":[{"@type":"ListItem","position":1,"name":"Home","item":"https:\/\/www.gigacer.it\/fr\/"},{"@type":"ListItem","position":2,"name":"Pleine gamme","item":"https:\/\/www.gigacer.it\/gamma-completa\/"},{"@type":"ListItem","position":3,"name":"Made 2.0"}]},{"@type":"WebSite","@id":"https:\/\/www.gigacer.it\/fr\/#website","url":"https:\/\/www.gigacer.it\/fr\/","name":"GIGACER S.p.A.","description":"Lastre in gres porcellanato Made in Italy","potentialAction":[{"@type":"SearchAction","target":{"@type":"EntryPoint","urlTemplate":"https:\/\/www.gigacer.it\/fr\/?s={search_term_string}"},"query-input":"required name=search_term_string"}],"inLanguage":"fr-FR"}]}},"_links":{"self":[{"href":"https:\/\/www.gigacer.it\/fr\/wp-json\/wp\/v2\/product\/6185"}],"collection":[{"href":"https:\/\/www.gigacer.it\/fr\/wp-json\/wp\/v2\/product"}],"about":[{"href":"https:\/\/www.gigacer.it\/fr\/wp-json\/wp\/v2\/types\/product"}],"version-history":[{"count":2,"href":"https:\/\/www.gigacer.it\/fr\/wp-json\/wp\/v2\/product\/6185\/revisions"}],"predecessor-version":[{"id":10068,"href":"https:\/\/www.gigacer.it\/fr\/wp-json\/wp\/v2\/product\/6185\/revisions\/10068"}],"wp:featuredmedia":[{"embeddable":true,"href":"https:\/\/www.gigacer.it\/fr\/wp-json\/wp\/v2\/media\/4459"}],"wp:attachment":[{"href":"https:\/\/www.gigacer.it\/fr\/wp-json\/wp\/v2\/media?parent=6185"}],"wp:term":[{"taxonomy":"product_cat","embeddable":true,"href":"https:\/\/www.gigacer.it\/fr\/wp-json\/wp\/v2\/product_cat?post=6185"},{"taxonomy":"product_tag","embeddable":true,"href":"https:\/\/www.gigacer.it\/fr\/wp-json\/wp\/v2\/product_tag?post=6185"}],"curies":[{"name":"wp","href":"https:\/\/api.w.org\/{rel}","templated":true}]}}