{"id":6183,"date":"2023-03-13T08:43:42","date_gmt":"2023-03-13T07:43:42","guid":{"rendered":"http:\/\/www.gigacer.it\/gamma\/non%20class\u00e9\/krea\/"},"modified":"2025-03-18T15:41:10","modified_gmt":"2025-03-18T14:41:10","slug":"krea","status":"publish","type":"product","link":"https:\/\/www.gigacer.it\/fr\/gamme\/gigacer\/krea\/","title":{"rendered":"Krea"},"content":{"rendered":"<p>Huit couleurs qui interpr\u00e8tent dans une cl\u00e9 moderne les ciments et les r\u00e9sines color\u00e9es. La s\u00e9rie Krea permet d\u2019utiliser des couleurs vives et des nuances fortes, non seulement pour du r\u00e9sidentiel, mais aussi dans les projets publics, gr\u00e2ce aux caract\u00e9ristiques techniques \u00e9lev\u00e9es du gr\u00e8s c\u00e9rame non \u00e9maill\u00e9. Une solution \u00e0 fort caract\u00e8re, adapt\u00e9e \u00e0 la vie contemporaine.<\/p>\n","protected":false},"excerpt":{"rendered":"<p>Huit couleurs qui interpr\u00e8tent dans une cl\u00e9 moderne les ciments et les r\u00e9sines color\u00e9es. La s\u00e9rie Krea permet d\u2019utiliser des couleurs vives et des nuances fortes, non seulement pour du r\u00e9sidentiel, mais aussi dans les projets publics, gr\u00e2ce aux caract\u00e9ristiques techniques \u00e9lev\u00e9es du gr\u00e8s c\u00e9rame non \u00e9maill\u00e9. Une solution \u00e0 fort caract\u00e8re, adapt\u00e9e \u00e0 la [&hellip;]<\/p>\n","protected":false},"featured_media":4385,"template":"","meta":{"_relevanssi_hide_post":"","_relevanssi_hide_content":"","_relevanssi_pin_for_all":"","_relevanssi_pin_keywords":"","_relevanssi_unpin_keywords":"","_relevanssi_related_keywords":"","_relevanssi_related_include_ids":"","_relevanssi_related_exclude_ids":"","_relevanssi_related_no_append":"","_relevanssi_related_not_related":"","_relevanssi_related_posts":"","_relevanssi_noindex_reason":""},"product_cat":[161],"product_tag":[],"acf":[],"yoast_head":"<!-- This site is optimized with the Yoast SEO plugin v20.10 - https:\/\/yoast.com\/wordpress\/plugins\/seo\/ -->\n<title>Krea - GIGACER S.p.A.<\/title>\n<meta name=\"robots\" content=\"index, follow, max-snippet:-1, max-image-preview:large, max-video-preview:-1\" \/>\n<link rel=\"canonical\" href=\"https:\/\/www.gigacer.it\/fr\/gamme\/gigacer\/krea\/\" \/>\n<meta property=\"og:locale\" content=\"fr_FR\" \/>\n<meta property=\"og:type\" content=\"article\" \/>\n<meta property=\"og:title\" content=\"Krea - GIGACER S.p.A.\" \/>\n<meta property=\"og:description\" content=\"Huit couleurs qui interpr\u00e8tent dans une cl\u00e9 moderne les ciments et les r\u00e9sines color\u00e9es. La s\u00e9rie Krea permet d\u2019utiliser des couleurs vives et des nuances fortes, non seulement pour du r\u00e9sidentiel, mais aussi dans les projets publics, gr\u00e2ce aux caract\u00e9ristiques techniques \u00e9lev\u00e9es du gr\u00e8s c\u00e9rame non \u00e9maill\u00e9. Une solution \u00e0 fort caract\u00e8re, adapt\u00e9e \u00e0 la [&hellip;]\" \/>\n<meta property=\"og:url\" content=\"https:\/\/www.gigacer.it\/fr\/gamme\/gigacer\/krea\/\" \/>\n<meta property=\"og:site_name\" content=\"GIGACER S.p.A.\" \/>\n<meta property=\"article:modified_time\" content=\"2025-03-18T14:41:10+00:00\" \/>\n<meta property=\"og:image\" content=\"https:\/\/www.gigacer.it\/wp-content\/uploads\/Krea-Gigacer-5.jpeg\" \/>\n\t<meta property=\"og:image:width\" content=\"1000\" \/>\n\t<meta property=\"og:image:height\" content=\"1500\" \/>\n\t<meta property=\"og:image:type\" content=\"image\/jpeg\" \/>\n<meta name=\"twitter:card\" content=\"summary_large_image\" \/>\n<meta name=\"twitter:label1\" content=\"Dur\u00e9e de lecture estim\u00e9e\" \/>\n\t<meta name=\"twitter:data1\" content=\"1 minute\" \/>\n<script type=\"application\/ld+json\" class=\"yoast-schema-graph\">{\"@context\":\"https:\/\/schema.org\",\"@graph\":[{\"@type\":\"WebPage\",\"@id\":\"https:\/\/www.gigacer.it\/fr\/gamme\/gigacer\/krea\/\",\"url\":\"https:\/\/www.gigacer.it\/fr\/gamme\/gigacer\/krea\/\",\"name\":\"Krea - GIGACER S.p.A.\",\"isPartOf\":{\"@id\":\"https:\/\/www.gigacer.it\/fr\/#website\"},\"datePublished\":\"2023-03-13T07:43:42+00:00\",\"dateModified\":\"2025-03-18T14:41:10+00:00\",\"breadcrumb\":{\"@id\":\"https:\/\/www.gigacer.it\/fr\/gamme\/gigacer\/krea\/#breadcrumb\"},\"inLanguage\":\"fr-FR\",\"potentialAction\":[{\"@type\":\"ReadAction\",\"target\":[\"https:\/\/www.gigacer.it\/fr\/gamme\/gigacer\/krea\/\"]}]},{\"@type\":\"BreadcrumbList\",\"@id\":\"https:\/\/www.gigacer.it\/fr\/gamme\/gigacer\/krea\/#breadcrumb\",\"itemListElement\":[{\"@type\":\"ListItem\",\"position\":1,\"name\":\"Home\",\"item\":\"https:\/\/www.gigacer.it\/fr\/\"},{\"@type\":\"ListItem\",\"position\":2,\"name\":\"Pleine gamme\",\"item\":\"https:\/\/www.gigacer.it\/gamma-completa\/\"},{\"@type\":\"ListItem\",\"position\":3,\"name\":\"Krea\"}]},{\"@type\":\"WebSite\",\"@id\":\"https:\/\/www.gigacer.it\/fr\/#website\",\"url\":\"https:\/\/www.gigacer.it\/fr\/\",\"name\":\"GIGACER S.p.A.\",\"description\":\"Lastre in gres porcellanato Made in Italy\",\"potentialAction\":[{\"@type\":\"SearchAction\",\"target\":{\"@type\":\"EntryPoint\",\"urlTemplate\":\"https:\/\/www.gigacer.it\/fr\/?s={search_term_string}\"},\"query-input\":\"required name=search_term_string\"}],\"inLanguage\":\"fr-FR\"}]}<\/script>\n<!-- \/ Yoast SEO plugin. -->","yoast_head_json":{"title":"Krea - GIGACER S.p.A.","robots":{"index":"index","follow":"follow","max-snippet":"max-snippet:-1","max-image-preview":"max-image-preview:large","max-video-preview":"max-video-preview:-1"},"canonical":"https:\/\/www.gigacer.it\/fr\/gamme\/gigacer\/krea\/","og_locale":"fr_FR","og_type":"article","og_title":"Krea - GIGACER S.p.A.","og_description":"Huit couleurs qui interpr\u00e8tent dans une cl\u00e9 moderne les ciments et les r\u00e9sines color\u00e9es. La s\u00e9rie Krea permet d\u2019utiliser des couleurs vives et des nuances fortes, non seulement pour du r\u00e9sidentiel, mais aussi dans les projets publics, gr\u00e2ce aux caract\u00e9ristiques techniques \u00e9lev\u00e9es du gr\u00e8s c\u00e9rame non \u00e9maill\u00e9. Une solution \u00e0 fort caract\u00e8re, adapt\u00e9e \u00e0 la [&hellip;]","og_url":"https:\/\/www.gigacer.it\/fr\/gamme\/gigacer\/krea\/","og_site_name":"GIGACER S.p.A.","article_modified_time":"2025-03-18T14:41:10+00:00","og_image":[{"width":1000,"height":1500,"url":"https:\/\/www.gigacer.it\/wp-content\/uploads\/Krea-Gigacer-5.jpeg","type":"image\/jpeg"}],"twitter_card":"summary_large_image","twitter_misc":{"Dur\u00e9e de lecture estim\u00e9e":"1 minute"},"schema":{"@context":"https:\/\/schema.org","@graph":[{"@type":"WebPage","@id":"https:\/\/www.gigacer.it\/fr\/gamme\/gigacer\/krea\/","url":"https:\/\/www.gigacer.it\/fr\/gamme\/gigacer\/krea\/","name":"Krea - GIGACER S.p.A.","isPartOf":{"@id":"https:\/\/www.gigacer.it\/fr\/#website"},"datePublished":"2023-03-13T07:43:42+00:00","dateModified":"2025-03-18T14:41:10+00:00","breadcrumb":{"@id":"https:\/\/www.gigacer.it\/fr\/gamme\/gigacer\/krea\/#breadcrumb"},"inLanguage":"fr-FR","potentialAction":[{"@type":"ReadAction","target":["https:\/\/www.gigacer.it\/fr\/gamme\/gigacer\/krea\/"]}]},{"@type":"BreadcrumbList","@id":"https:\/\/www.gigacer.it\/fr\/gamme\/gigacer\/krea\/#breadcrumb","itemListElement":[{"@type":"ListItem","position":1,"name":"Home","item":"https:\/\/www.gigacer.it\/fr\/"},{"@type":"ListItem","position":2,"name":"Pleine gamme","item":"https:\/\/www.gigacer.it\/gamma-completa\/"},{"@type":"ListItem","position":3,"name":"Krea"}]},{"@type":"WebSite","@id":"https:\/\/www.gigacer.it\/fr\/#website","url":"https:\/\/www.gigacer.it\/fr\/","name":"GIGACER S.p.A.","description":"Lastre in gres porcellanato Made in Italy","potentialAction":[{"@type":"SearchAction","target":{"@type":"EntryPoint","urlTemplate":"https:\/\/www.gigacer.it\/fr\/?s={search_term_string}"},"query-input":"required name=search_term_string"}],"inLanguage":"fr-FR"}]}},"_links":{"self":[{"href":"https:\/\/www.gigacer.it\/fr\/wp-json\/wp\/v2\/product\/6183"}],"collection":[{"href":"https:\/\/www.gigacer.it\/fr\/wp-json\/wp\/v2\/product"}],"about":[{"href":"https:\/\/www.gigacer.it\/fr\/wp-json\/wp\/v2\/types\/product"}],"version-history":[{"count":2,"href":"https:\/\/www.gigacer.it\/fr\/wp-json\/wp\/v2\/product\/6183\/revisions"}],"predecessor-version":[{"id":10036,"href":"https:\/\/www.gigacer.it\/fr\/wp-json\/wp\/v2\/product\/6183\/revisions\/10036"}],"wp:featuredmedia":[{"embeddable":true,"href":"https:\/\/www.gigacer.it\/fr\/wp-json\/wp\/v2\/media\/4385"}],"wp:attachment":[{"href":"https:\/\/www.gigacer.it\/fr\/wp-json\/wp\/v2\/media?parent=6183"}],"wp:term":[{"taxonomy":"product_cat","embeddable":true,"href":"https:\/\/www.gigacer.it\/fr\/wp-json\/wp\/v2\/product_cat?post=6183"},{"taxonomy":"product_tag","embeddable":true,"href":"https:\/\/www.gigacer.it\/fr\/wp-json\/wp\/v2\/product_tag?post=6183"}],"curies":[{"name":"wp","href":"https:\/\/api.w.org\/{rel}","templated":true}]}}