{"id":6178,"date":"2023-03-13T08:41:29","date_gmt":"2023-03-13T07:41:29","guid":{"rendered":"http:\/\/www.gigacer.it\/gamma\/non%20class\u00e9\/concrete\/"},"modified":"2025-03-18T12:16:31","modified_gmt":"2025-03-18T11:16:31","slug":"concrete","status":"publish","type":"product","link":"https:\/\/www.gigacer.it\/fr\/gamme\/gigacer\/concrete\/","title":{"rendered":"Concrete"},"content":{"rendered":"<p>Concrete, en synergie avec le Made 2.0, est un syst\u00e8me c\u00e9ramique flexible cr\u00e9e pour dessiner vos espaces de vie. C\u2019est la palette la plus compl\u00e8te de combinaisons de couleurs et de surfaces dans des tons naturels et neutres: treize couleurs et quatre finitions diff\u00e9rentes qui s\u2019adaptent aux diff\u00e9rents besoins de votre habitat. La m\u00eame couleur peut \u00eatre utilis\u00e9e \u00e0 l\u2019int\u00e9rieur comme \u00e0 l\u2019ext\u00e9rieur, sol et mur et pour la r\u00e9alisation de plan de travail pour la cuisine et pour des meubles de salle de bains tout en gardant une importante coh\u00e9rence chromatique. Toute la palette chromatique de la collection Concrete trouve son correspondant dans la s\u00e9rie Made 2.0 (sauf pour la couleur Concrete White qui correspond \u00e0 la Made 2.0 White Sand).<\/p>\n","protected":false},"excerpt":{"rendered":"<p>Concrete, en synergie avec le Made 2.0, est un syst\u00e8me c\u00e9ramique flexible cr\u00e9e pour dessiner vos espaces de vie. C\u2019est la palette la plus compl\u00e8te de combinaisons de couleurs et de surfaces dans des tons naturels et neutres: treize couleurs et quatre finitions diff\u00e9rentes qui s\u2019adaptent aux diff\u00e9rents besoins de votre habitat. La m\u00eame couleur [&hellip;]<\/p>\n","protected":false},"featured_media":4149,"template":"","meta":{"_relevanssi_hide_post":"","_relevanssi_hide_content":"","_relevanssi_pin_for_all":"","_relevanssi_pin_keywords":"","_relevanssi_unpin_keywords":"","_relevanssi_related_keywords":"","_relevanssi_related_include_ids":"","_relevanssi_related_exclude_ids":"","_relevanssi_related_no_append":"","_relevanssi_related_not_related":"","_relevanssi_related_posts":"","_relevanssi_noindex_reason":""},"product_cat":[161],"product_tag":[],"acf":[],"yoast_head":"<!-- This site is optimized with the Yoast SEO plugin v20.10 - https:\/\/yoast.com\/wordpress\/plugins\/seo\/ -->\n<title>Concrete - GIGACER S.p.A.<\/title>\n<meta name=\"robots\" content=\"index, follow, max-snippet:-1, max-image-preview:large, max-video-preview:-1\" \/>\n<link rel=\"canonical\" href=\"https:\/\/www.gigacer.it\/fr\/gamme\/gigacer\/concrete\/\" \/>\n<meta property=\"og:locale\" content=\"fr_FR\" \/>\n<meta property=\"og:type\" content=\"article\" \/>\n<meta property=\"og:title\" content=\"Concrete - GIGACER S.p.A.\" \/>\n<meta property=\"og:description\" content=\"Concrete, en synergie avec le Made 2.0, est un syst\u00e8me c\u00e9ramique flexible cr\u00e9e pour dessiner vos espaces de vie. C\u2019est la palette la plus compl\u00e8te de combinaisons de couleurs et de surfaces dans des tons naturels et neutres: treize couleurs et quatre finitions diff\u00e9rentes qui s\u2019adaptent aux diff\u00e9rents besoins de votre habitat. La m\u00eame couleur [&hellip;]\" \/>\n<meta property=\"og:url\" content=\"https:\/\/www.gigacer.it\/fr\/gamme\/gigacer\/concrete\/\" \/>\n<meta property=\"og:site_name\" content=\"GIGACER S.p.A.\" \/>\n<meta property=\"article:modified_time\" content=\"2025-03-18T11:16:31+00:00\" \/>\n<meta property=\"og:image\" content=\"https:\/\/www.gigacer.it\/wp-content\/uploads\/Concrete-Gigacer-8.jpg\" \/>\n\t<meta property=\"og:image:width\" content=\"1280\" \/>\n\t<meta property=\"og:image:height\" content=\"1920\" \/>\n\t<meta property=\"og:image:type\" content=\"image\/jpeg\" \/>\n<meta name=\"twitter:card\" content=\"summary_large_image\" \/>\n<meta name=\"twitter:label1\" content=\"Dur\u00e9e de lecture estim\u00e9e\" \/>\n\t<meta name=\"twitter:data1\" content=\"1 minute\" \/>\n<script type=\"application\/ld+json\" class=\"yoast-schema-graph\">{\"@context\":\"https:\/\/schema.org\",\"@graph\":[{\"@type\":\"WebPage\",\"@id\":\"https:\/\/www.gigacer.it\/fr\/gamme\/gigacer\/concrete\/\",\"url\":\"https:\/\/www.gigacer.it\/fr\/gamme\/gigacer\/concrete\/\",\"name\":\"Concrete - GIGACER S.p.A.\",\"isPartOf\":{\"@id\":\"https:\/\/www.gigacer.it\/fr\/#website\"},\"datePublished\":\"2023-03-13T07:41:29+00:00\",\"dateModified\":\"2025-03-18T11:16:31+00:00\",\"breadcrumb\":{\"@id\":\"https:\/\/www.gigacer.it\/fr\/gamme\/gigacer\/concrete\/#breadcrumb\"},\"inLanguage\":\"fr-FR\",\"potentialAction\":[{\"@type\":\"ReadAction\",\"target\":[\"https:\/\/www.gigacer.it\/fr\/gamme\/gigacer\/concrete\/\"]}]},{\"@type\":\"BreadcrumbList\",\"@id\":\"https:\/\/www.gigacer.it\/fr\/gamme\/gigacer\/concrete\/#breadcrumb\",\"itemListElement\":[{\"@type\":\"ListItem\",\"position\":1,\"name\":\"Home\",\"item\":\"https:\/\/www.gigacer.it\/fr\/\"},{\"@type\":\"ListItem\",\"position\":2,\"name\":\"Pleine gamme\",\"item\":\"https:\/\/www.gigacer.it\/gamma-completa\/\"},{\"@type\":\"ListItem\",\"position\":3,\"name\":\"Concrete\"}]},{\"@type\":\"WebSite\",\"@id\":\"https:\/\/www.gigacer.it\/fr\/#website\",\"url\":\"https:\/\/www.gigacer.it\/fr\/\",\"name\":\"GIGACER S.p.A.\",\"description\":\"Lastre in gres porcellanato Made in Italy\",\"potentialAction\":[{\"@type\":\"SearchAction\",\"target\":{\"@type\":\"EntryPoint\",\"urlTemplate\":\"https:\/\/www.gigacer.it\/fr\/?s={search_term_string}\"},\"query-input\":\"required name=search_term_string\"}],\"inLanguage\":\"fr-FR\"}]}<\/script>\n<!-- \/ Yoast SEO plugin. -->","yoast_head_json":{"title":"Concrete - GIGACER S.p.A.","robots":{"index":"index","follow":"follow","max-snippet":"max-snippet:-1","max-image-preview":"max-image-preview:large","max-video-preview":"max-video-preview:-1"},"canonical":"https:\/\/www.gigacer.it\/fr\/gamme\/gigacer\/concrete\/","og_locale":"fr_FR","og_type":"article","og_title":"Concrete - GIGACER S.p.A.","og_description":"Concrete, en synergie avec le Made 2.0, est un syst\u00e8me c\u00e9ramique flexible cr\u00e9e pour dessiner vos espaces de vie. C\u2019est la palette la plus compl\u00e8te de combinaisons de couleurs et de surfaces dans des tons naturels et neutres: treize couleurs et quatre finitions diff\u00e9rentes qui s\u2019adaptent aux diff\u00e9rents besoins de votre habitat. La m\u00eame couleur [&hellip;]","og_url":"https:\/\/www.gigacer.it\/fr\/gamme\/gigacer\/concrete\/","og_site_name":"GIGACER S.p.A.","article_modified_time":"2025-03-18T11:16:31+00:00","og_image":[{"width":1280,"height":1920,"url":"https:\/\/www.gigacer.it\/wp-content\/uploads\/Concrete-Gigacer-8.jpg","type":"image\/jpeg"}],"twitter_card":"summary_large_image","twitter_misc":{"Dur\u00e9e de lecture estim\u00e9e":"1 minute"},"schema":{"@context":"https:\/\/schema.org","@graph":[{"@type":"WebPage","@id":"https:\/\/www.gigacer.it\/fr\/gamme\/gigacer\/concrete\/","url":"https:\/\/www.gigacer.it\/fr\/gamme\/gigacer\/concrete\/","name":"Concrete - GIGACER S.p.A.","isPartOf":{"@id":"https:\/\/www.gigacer.it\/fr\/#website"},"datePublished":"2023-03-13T07:41:29+00:00","dateModified":"2025-03-18T11:16:31+00:00","breadcrumb":{"@id":"https:\/\/www.gigacer.it\/fr\/gamme\/gigacer\/concrete\/#breadcrumb"},"inLanguage":"fr-FR","potentialAction":[{"@type":"ReadAction","target":["https:\/\/www.gigacer.it\/fr\/gamme\/gigacer\/concrete\/"]}]},{"@type":"BreadcrumbList","@id":"https:\/\/www.gigacer.it\/fr\/gamme\/gigacer\/concrete\/#breadcrumb","itemListElement":[{"@type":"ListItem","position":1,"name":"Home","item":"https:\/\/www.gigacer.it\/fr\/"},{"@type":"ListItem","position":2,"name":"Pleine gamme","item":"https:\/\/www.gigacer.it\/gamma-completa\/"},{"@type":"ListItem","position":3,"name":"Concrete"}]},{"@type":"WebSite","@id":"https:\/\/www.gigacer.it\/fr\/#website","url":"https:\/\/www.gigacer.it\/fr\/","name":"GIGACER S.p.A.","description":"Lastre in gres porcellanato Made in Italy","potentialAction":[{"@type":"SearchAction","target":{"@type":"EntryPoint","urlTemplate":"https:\/\/www.gigacer.it\/fr\/?s={search_term_string}"},"query-input":"required name=search_term_string"}],"inLanguage":"fr-FR"}]}},"_links":{"self":[{"href":"https:\/\/www.gigacer.it\/fr\/wp-json\/wp\/v2\/product\/6178"}],"collection":[{"href":"https:\/\/www.gigacer.it\/fr\/wp-json\/wp\/v2\/product"}],"about":[{"href":"https:\/\/www.gigacer.it\/fr\/wp-json\/wp\/v2\/types\/product"}],"version-history":[{"count":2,"href":"https:\/\/www.gigacer.it\/fr\/wp-json\/wp\/v2\/product\/6178\/revisions"}],"predecessor-version":[{"id":9983,"href":"https:\/\/www.gigacer.it\/fr\/wp-json\/wp\/v2\/product\/6178\/revisions\/9983"}],"wp:featuredmedia":[{"embeddable":true,"href":"https:\/\/www.gigacer.it\/fr\/wp-json\/wp\/v2\/media\/4149"}],"wp:attachment":[{"href":"https:\/\/www.gigacer.it\/fr\/wp-json\/wp\/v2\/media?parent=6178"}],"wp:term":[{"taxonomy":"product_cat","embeddable":true,"href":"https:\/\/www.gigacer.it\/fr\/wp-json\/wp\/v2\/product_cat?post=6178"},{"taxonomy":"product_tag","embeddable":true,"href":"https:\/\/www.gigacer.it\/fr\/wp-json\/wp\/v2\/product_tag?post=6178"}],"curies":[{"name":"wp","href":"https:\/\/api.w.org\/{rel}","templated":true}]}}