{"id":11464,"date":"2026-04-15T12:05:01","date_gmt":"2026-04-15T10:05:01","guid":{"rendered":"https:\/\/www.gigacer.it\/?post_type=product&#038;p=11464"},"modified":"2026-04-15T16:06:42","modified_gmt":"2026-04-15T14:06:42","slug":"dune","status":"publish","type":"product","link":"https:\/\/www.gigacer.it\/fr\/gamme\/gigacer\/dune\/","title":{"rendered":"Dune"},"content":{"rendered":"<p>Fid\u00e8les \u00e0 la philosophie \u00ab Only clays, no glaze \u00bb, nous utilisons uniquement des argiles naturelles pour obtenir des couleurs et des effets de texture. Nous pouvons accompagner le d\u00e9p\u00f4t et la superposition des terres color\u00e9es, \u00e0 l&rsquo;image du vent qui agit sur le sable : il les d\u00e9place, les amalgame, les transforme en Dune. Dune \u00e9voque les formes cr\u00e9\u00e9es par le sable lorsque le vent le d\u00e9place, modelant ces silhouettes sinueuses qui nous rappellent les reliefs des d\u00e9serts et des plages. La technologie nous permet une succession quasi infinie de courbes et de cr\u00eates, rendant chaque dalle unique et irrempla\u00e7able. Dune forme un paysage en constante \u00e9volution, r\u00e9alis\u00e9 avec de la mati\u00e8re pure.<\/p>\n","protected":false},"excerpt":{"rendered":"<p>Fid\u00e8les \u00e0 la philosophie \u00ab Only clays, no glaze \u00bb, nous utilisons uniquement des argiles naturelles pour obtenir des couleurs et des effets de texture. Nous pouvons accompagner le d\u00e9p\u00f4t et la superposition des terres color\u00e9es, \u00e0 l&rsquo;image du vent qui agit sur le sable : il les d\u00e9place, les amalgame, les transforme en Dune. [&hellip;]<\/p>\n","protected":false},"featured_media":11467,"template":"","meta":{"_relevanssi_hide_post":"","_relevanssi_hide_content":"","_relevanssi_pin_for_all":"","_relevanssi_pin_keywords":"","_relevanssi_unpin_keywords":"","_relevanssi_related_keywords":"","_relevanssi_related_include_ids":"","_relevanssi_related_exclude_ids":"","_relevanssi_related_no_append":"","_relevanssi_related_not_related":"","_relevanssi_related_posts":"","_relevanssi_noindex_reason":""},"product_cat":[161],"product_tag":[],"acf":[],"yoast_head":"<!-- This site is optimized with the Yoast SEO plugin v20.10 - https:\/\/yoast.com\/wordpress\/plugins\/seo\/ -->\n<title>Dune - GIGACER S.p.A.<\/title>\n<meta name=\"robots\" content=\"index, follow, max-snippet:-1, max-image-preview:large, max-video-preview:-1\" \/>\n<link rel=\"canonical\" href=\"https:\/\/www.gigacer.it\/fr\/gamme\/gigacer\/dune\/\" \/>\n<meta property=\"og:locale\" content=\"fr_FR\" \/>\n<meta property=\"og:type\" content=\"article\" \/>\n<meta property=\"og:title\" content=\"Dune - GIGACER S.p.A.\" \/>\n<meta property=\"og:description\" content=\"Fid\u00e8les \u00e0 la philosophie \u00ab Only clays, no glaze \u00bb, nous utilisons uniquement des argiles naturelles pour obtenir des couleurs et des effets de texture. Nous pouvons accompagner le d\u00e9p\u00f4t et la superposition des terres color\u00e9es, \u00e0 l&rsquo;image du vent qui agit sur le sable : il les d\u00e9place, les amalgame, les transforme en Dune. [&hellip;]\" \/>\n<meta property=\"og:url\" content=\"https:\/\/www.gigacer.it\/fr\/gamme\/gigacer\/dune\/\" \/>\n<meta property=\"og:site_name\" content=\"GIGACER S.p.A.\" \/>\n<meta property=\"article:modified_time\" content=\"2026-04-15T14:06:42+00:00\" \/>\n<meta property=\"og:image\" content=\"https:\/\/www.gigacer.it\/wp-content\/uploads\/dune-gigacer.webp\" \/>\n\t<meta property=\"og:image:width\" content=\"1600\" \/>\n\t<meta property=\"og:image:height\" content=\"2400\" \/>\n\t<meta property=\"og:image:type\" content=\"image\/webp\" \/>\n<meta name=\"twitter:card\" content=\"summary_large_image\" \/>\n<meta name=\"twitter:label1\" content=\"Dur\u00e9e de lecture estim\u00e9e\" \/>\n\t<meta name=\"twitter:data1\" content=\"1 minute\" \/>\n<script type=\"application\/ld+json\" class=\"yoast-schema-graph\">{\"@context\":\"https:\/\/schema.org\",\"@graph\":[{\"@type\":\"WebPage\",\"@id\":\"https:\/\/www.gigacer.it\/fr\/gamme\/gigacer\/dune\/\",\"url\":\"https:\/\/www.gigacer.it\/fr\/gamme\/gigacer\/dune\/\",\"name\":\"Dune - GIGACER S.p.A.\",\"isPartOf\":{\"@id\":\"https:\/\/www.gigacer.it\/fr\/#website\"},\"datePublished\":\"2026-04-15T10:05:01+00:00\",\"dateModified\":\"2026-04-15T14:06:42+00:00\",\"breadcrumb\":{\"@id\":\"https:\/\/www.gigacer.it\/fr\/gamme\/gigacer\/dune\/#breadcrumb\"},\"inLanguage\":\"fr-FR\",\"potentialAction\":[{\"@type\":\"ReadAction\",\"target\":[\"https:\/\/www.gigacer.it\/fr\/gamme\/gigacer\/dune\/\"]}]},{\"@type\":\"BreadcrumbList\",\"@id\":\"https:\/\/www.gigacer.it\/fr\/gamme\/gigacer\/dune\/#breadcrumb\",\"itemListElement\":[{\"@type\":\"ListItem\",\"position\":1,\"name\":\"Home\",\"item\":\"https:\/\/www.gigacer.it\/fr\/\"},{\"@type\":\"ListItem\",\"position\":2,\"name\":\"Pleine gamme\",\"item\":\"https:\/\/www.gigacer.it\/gamma-completa\/\"},{\"@type\":\"ListItem\",\"position\":3,\"name\":\"Dune\"}]},{\"@type\":\"WebSite\",\"@id\":\"https:\/\/www.gigacer.it\/fr\/#website\",\"url\":\"https:\/\/www.gigacer.it\/fr\/\",\"name\":\"GIGACER S.p.A.\",\"description\":\"Lastre in gres porcellanato Made in Italy\",\"potentialAction\":[{\"@type\":\"SearchAction\",\"target\":{\"@type\":\"EntryPoint\",\"urlTemplate\":\"https:\/\/www.gigacer.it\/fr\/?s={search_term_string}\"},\"query-input\":\"required name=search_term_string\"}],\"inLanguage\":\"fr-FR\"}]}<\/script>\n<!-- \/ Yoast SEO plugin. -->","yoast_head_json":{"title":"Dune - GIGACER S.p.A.","robots":{"index":"index","follow":"follow","max-snippet":"max-snippet:-1","max-image-preview":"max-image-preview:large","max-video-preview":"max-video-preview:-1"},"canonical":"https:\/\/www.gigacer.it\/fr\/gamme\/gigacer\/dune\/","og_locale":"fr_FR","og_type":"article","og_title":"Dune - GIGACER S.p.A.","og_description":"Fid\u00e8les \u00e0 la philosophie \u00ab Only clays, no glaze \u00bb, nous utilisons uniquement des argiles naturelles pour obtenir des couleurs et des effets de texture. Nous pouvons accompagner le d\u00e9p\u00f4t et la superposition des terres color\u00e9es, \u00e0 l&rsquo;image du vent qui agit sur le sable : il les d\u00e9place, les amalgame, les transforme en Dune. [&hellip;]","og_url":"https:\/\/www.gigacer.it\/fr\/gamme\/gigacer\/dune\/","og_site_name":"GIGACER S.p.A.","article_modified_time":"2026-04-15T14:06:42+00:00","og_image":[{"width":1600,"height":2400,"url":"https:\/\/www.gigacer.it\/wp-content\/uploads\/dune-gigacer.webp","type":"image\/webp"}],"twitter_card":"summary_large_image","twitter_misc":{"Dur\u00e9e de lecture estim\u00e9e":"1 minute"},"schema":{"@context":"https:\/\/schema.org","@graph":[{"@type":"WebPage","@id":"https:\/\/www.gigacer.it\/fr\/gamme\/gigacer\/dune\/","url":"https:\/\/www.gigacer.it\/fr\/gamme\/gigacer\/dune\/","name":"Dune - GIGACER S.p.A.","isPartOf":{"@id":"https:\/\/www.gigacer.it\/fr\/#website"},"datePublished":"2026-04-15T10:05:01+00:00","dateModified":"2026-04-15T14:06:42+00:00","breadcrumb":{"@id":"https:\/\/www.gigacer.it\/fr\/gamme\/gigacer\/dune\/#breadcrumb"},"inLanguage":"fr-FR","potentialAction":[{"@type":"ReadAction","target":["https:\/\/www.gigacer.it\/fr\/gamme\/gigacer\/dune\/"]}]},{"@type":"BreadcrumbList","@id":"https:\/\/www.gigacer.it\/fr\/gamme\/gigacer\/dune\/#breadcrumb","itemListElement":[{"@type":"ListItem","position":1,"name":"Home","item":"https:\/\/www.gigacer.it\/fr\/"},{"@type":"ListItem","position":2,"name":"Pleine gamme","item":"https:\/\/www.gigacer.it\/gamma-completa\/"},{"@type":"ListItem","position":3,"name":"Dune"}]},{"@type":"WebSite","@id":"https:\/\/www.gigacer.it\/fr\/#website","url":"https:\/\/www.gigacer.it\/fr\/","name":"GIGACER S.p.A.","description":"Lastre in gres porcellanato Made in Italy","potentialAction":[{"@type":"SearchAction","target":{"@type":"EntryPoint","urlTemplate":"https:\/\/www.gigacer.it\/fr\/?s={search_term_string}"},"query-input":"required name=search_term_string"}],"inLanguage":"fr-FR"}]}},"_links":{"self":[{"href":"https:\/\/www.gigacer.it\/fr\/wp-json\/wp\/v2\/product\/11464"}],"collection":[{"href":"https:\/\/www.gigacer.it\/fr\/wp-json\/wp\/v2\/product"}],"about":[{"href":"https:\/\/www.gigacer.it\/fr\/wp-json\/wp\/v2\/types\/product"}],"version-history":[{"count":3,"href":"https:\/\/www.gigacer.it\/fr\/wp-json\/wp\/v2\/product\/11464\/revisions"}],"predecessor-version":[{"id":11601,"href":"https:\/\/www.gigacer.it\/fr\/wp-json\/wp\/v2\/product\/11464\/revisions\/11601"}],"wp:featuredmedia":[{"embeddable":true,"href":"https:\/\/www.gigacer.it\/fr\/wp-json\/wp\/v2\/media\/11467"}],"wp:attachment":[{"href":"https:\/\/www.gigacer.it\/fr\/wp-json\/wp\/v2\/media?parent=11464"}],"wp:term":[{"taxonomy":"product_cat","embeddable":true,"href":"https:\/\/www.gigacer.it\/fr\/wp-json\/wp\/v2\/product_cat?post=11464"},{"taxonomy":"product_tag","embeddable":true,"href":"https:\/\/www.gigacer.it\/fr\/wp-json\/wp\/v2\/product_tag?post=11464"}],"curies":[{"name":"wp","href":"https:\/\/api.w.org\/{rel}","templated":true}]}}