{"id":10883,"date":"2025-09-16T14:57:11","date_gmt":"2025-09-16T12:57:11","guid":{"rendered":"https:\/\/www.gigacer.it\/?post_type=product&#038;p=10883"},"modified":"2025-12-10T17:12:43","modified_gmt":"2025-12-10T16:12:43","slug":"habitat-g","status":"publish","type":"product","link":"https:\/\/www.gigacer.it\/fr\/gamme\/gigacer\/habitat-g\/","title":{"rendered":"Habitat G"},"content":{"rendered":"<p>Habitat G allie l&rsquo;\u00e9l\u00e9gance du b\u00e9ton \u00e0 la praticit\u00e9 du gr\u00e8s c\u00e9rame de 6 mm d&rsquo;\u00e9paisseur. La gamme se distingue par son look contemporain, qui \u00e9voque la beaut\u00e9 et l&rsquo;authenticit\u00e9 du b\u00e9ton industriel. Les tons disponibles rappellent les \u00e9l\u00e9ments typiques de l&rsquo;environnement industriel qui int\u00e8gre des \u00e9l\u00e9ments essentiels et \u00e9pur\u00e9s caract\u00e9ristiques du minimalisme. Le d\u00e9tail distinctif de la collection est le motif Macram\u00e8 ton sur ton, qui ajoute une touche de raffinement et d&rsquo;int\u00e9r\u00eat visuel sans compromettre la simplicit\u00e9 du design.<\/p>\n","protected":false},"excerpt":{"rendered":"<p>Habitat G allie l&rsquo;\u00e9l\u00e9gance du b\u00e9ton \u00e0 la praticit\u00e9 du gr\u00e8s c\u00e9rame de 6 mm d&rsquo;\u00e9paisseur. La gamme se distingue par son look contemporain, qui \u00e9voque la beaut\u00e9 et l&rsquo;authenticit\u00e9 du b\u00e9ton industriel. Les tons disponibles rappellent les \u00e9l\u00e9ments typiques de l&rsquo;environnement industriel qui int\u00e8gre des \u00e9l\u00e9ments essentiels et \u00e9pur\u00e9s caract\u00e9ristiques du minimalisme. Le d\u00e9tail [&hellip;]<\/p>\n","protected":false},"featured_media":10865,"template":"","meta":{"_relevanssi_hide_post":"","_relevanssi_hide_content":"","_relevanssi_pin_for_all":"","_relevanssi_pin_keywords":"","_relevanssi_unpin_keywords":"","_relevanssi_related_keywords":"","_relevanssi_related_include_ids":"","_relevanssi_related_exclude_ids":"","_relevanssi_related_no_append":"","_relevanssi_related_not_related":"","_relevanssi_related_posts":"","_relevanssi_noindex_reason":""},"product_cat":[161],"product_tag":[],"acf":[],"yoast_head":"<!-- This site is optimized with the Yoast SEO plugin v20.10 - https:\/\/yoast.com\/wordpress\/plugins\/seo\/ -->\n<title>Habitat G - GIGACER S.p.A.<\/title>\n<meta name=\"robots\" content=\"index, follow, max-snippet:-1, max-image-preview:large, max-video-preview:-1\" \/>\n<link rel=\"canonical\" href=\"https:\/\/www.gigacer.it\/fr\/gamme\/gigacer\/habitat-g\/\" \/>\n<meta property=\"og:locale\" content=\"fr_FR\" \/>\n<meta property=\"og:type\" content=\"article\" \/>\n<meta property=\"og:title\" content=\"Habitat G - GIGACER S.p.A.\" \/>\n<meta property=\"og:description\" content=\"Habitat G allie l&rsquo;\u00e9l\u00e9gance du b\u00e9ton \u00e0 la praticit\u00e9 du gr\u00e8s c\u00e9rame de 6 mm d&rsquo;\u00e9paisseur. La gamme se distingue par son look contemporain, qui \u00e9voque la beaut\u00e9 et l&rsquo;authenticit\u00e9 du b\u00e9ton industriel. Les tons disponibles rappellent les \u00e9l\u00e9ments typiques de l&rsquo;environnement industriel qui int\u00e8gre des \u00e9l\u00e9ments essentiels et \u00e9pur\u00e9s caract\u00e9ristiques du minimalisme. Le d\u00e9tail [&hellip;]\" \/>\n<meta property=\"og:url\" content=\"https:\/\/www.gigacer.it\/fr\/gamme\/gigacer\/habitat-g\/\" \/>\n<meta property=\"og:site_name\" content=\"GIGACER S.p.A.\" \/>\n<meta property=\"article:modified_time\" content=\"2025-12-10T16:12:43+00:00\" \/>\n<meta property=\"og:image\" content=\"https:\/\/www.gigacer.it\/wp-content\/uploads\/Habitat-G-01.webp\" \/>\n\t<meta property=\"og:image:width\" content=\"1600\" \/>\n\t<meta property=\"og:image:height\" content=\"2400\" \/>\n\t<meta property=\"og:image:type\" content=\"image\/webp\" \/>\n<meta name=\"twitter:card\" content=\"summary_large_image\" \/>\n<meta name=\"twitter:label1\" content=\"Dur\u00e9e de lecture estim\u00e9e\" \/>\n\t<meta name=\"twitter:data1\" content=\"1 minute\" \/>\n<script type=\"application\/ld+json\" class=\"yoast-schema-graph\">{\"@context\":\"https:\/\/schema.org\",\"@graph\":[{\"@type\":\"WebPage\",\"@id\":\"https:\/\/www.gigacer.it\/fr\/gamme\/gigacer\/habitat-g\/\",\"url\":\"https:\/\/www.gigacer.it\/fr\/gamme\/gigacer\/habitat-g\/\",\"name\":\"Habitat G - GIGACER S.p.A.\",\"isPartOf\":{\"@id\":\"https:\/\/www.gigacer.it\/fr\/#website\"},\"datePublished\":\"2025-09-16T12:57:11+00:00\",\"dateModified\":\"2025-12-10T16:12:43+00:00\",\"breadcrumb\":{\"@id\":\"https:\/\/www.gigacer.it\/fr\/gamme\/gigacer\/habitat-g\/#breadcrumb\"},\"inLanguage\":\"fr-FR\",\"potentialAction\":[{\"@type\":\"ReadAction\",\"target\":[\"https:\/\/www.gigacer.it\/fr\/gamme\/gigacer\/habitat-g\/\"]}]},{\"@type\":\"BreadcrumbList\",\"@id\":\"https:\/\/www.gigacer.it\/fr\/gamme\/gigacer\/habitat-g\/#breadcrumb\",\"itemListElement\":[{\"@type\":\"ListItem\",\"position\":1,\"name\":\"Home\",\"item\":\"https:\/\/www.gigacer.it\/fr\/\"},{\"@type\":\"ListItem\",\"position\":2,\"name\":\"Pleine gamme\",\"item\":\"https:\/\/www.gigacer.it\/gamma-completa\/\"},{\"@type\":\"ListItem\",\"position\":3,\"name\":\"Habitat G\"}]},{\"@type\":\"WebSite\",\"@id\":\"https:\/\/www.gigacer.it\/fr\/#website\",\"url\":\"https:\/\/www.gigacer.it\/fr\/\",\"name\":\"GIGACER S.p.A.\",\"description\":\"Lastre in gres porcellanato Made in Italy\",\"potentialAction\":[{\"@type\":\"SearchAction\",\"target\":{\"@type\":\"EntryPoint\",\"urlTemplate\":\"https:\/\/www.gigacer.it\/fr\/?s={search_term_string}\"},\"query-input\":\"required name=search_term_string\"}],\"inLanguage\":\"fr-FR\"}]}<\/script>\n<!-- \/ Yoast SEO plugin. -->","yoast_head_json":{"title":"Habitat G - GIGACER S.p.A.","robots":{"index":"index","follow":"follow","max-snippet":"max-snippet:-1","max-image-preview":"max-image-preview:large","max-video-preview":"max-video-preview:-1"},"canonical":"https:\/\/www.gigacer.it\/fr\/gamme\/gigacer\/habitat-g\/","og_locale":"fr_FR","og_type":"article","og_title":"Habitat G - GIGACER S.p.A.","og_description":"Habitat G allie l&rsquo;\u00e9l\u00e9gance du b\u00e9ton \u00e0 la praticit\u00e9 du gr\u00e8s c\u00e9rame de 6 mm d&rsquo;\u00e9paisseur. La gamme se distingue par son look contemporain, qui \u00e9voque la beaut\u00e9 et l&rsquo;authenticit\u00e9 du b\u00e9ton industriel. Les tons disponibles rappellent les \u00e9l\u00e9ments typiques de l&rsquo;environnement industriel qui int\u00e8gre des \u00e9l\u00e9ments essentiels et \u00e9pur\u00e9s caract\u00e9ristiques du minimalisme. Le d\u00e9tail [&hellip;]","og_url":"https:\/\/www.gigacer.it\/fr\/gamme\/gigacer\/habitat-g\/","og_site_name":"GIGACER S.p.A.","article_modified_time":"2025-12-10T16:12:43+00:00","og_image":[{"width":1600,"height":2400,"url":"https:\/\/www.gigacer.it\/wp-content\/uploads\/Habitat-G-01.webp","type":"image\/webp"}],"twitter_card":"summary_large_image","twitter_misc":{"Dur\u00e9e de lecture estim\u00e9e":"1 minute"},"schema":{"@context":"https:\/\/schema.org","@graph":[{"@type":"WebPage","@id":"https:\/\/www.gigacer.it\/fr\/gamme\/gigacer\/habitat-g\/","url":"https:\/\/www.gigacer.it\/fr\/gamme\/gigacer\/habitat-g\/","name":"Habitat G - GIGACER S.p.A.","isPartOf":{"@id":"https:\/\/www.gigacer.it\/fr\/#website"},"datePublished":"2025-09-16T12:57:11+00:00","dateModified":"2025-12-10T16:12:43+00:00","breadcrumb":{"@id":"https:\/\/www.gigacer.it\/fr\/gamme\/gigacer\/habitat-g\/#breadcrumb"},"inLanguage":"fr-FR","potentialAction":[{"@type":"ReadAction","target":["https:\/\/www.gigacer.it\/fr\/gamme\/gigacer\/habitat-g\/"]}]},{"@type":"BreadcrumbList","@id":"https:\/\/www.gigacer.it\/fr\/gamme\/gigacer\/habitat-g\/#breadcrumb","itemListElement":[{"@type":"ListItem","position":1,"name":"Home","item":"https:\/\/www.gigacer.it\/fr\/"},{"@type":"ListItem","position":2,"name":"Pleine gamme","item":"https:\/\/www.gigacer.it\/gamma-completa\/"},{"@type":"ListItem","position":3,"name":"Habitat G"}]},{"@type":"WebSite","@id":"https:\/\/www.gigacer.it\/fr\/#website","url":"https:\/\/www.gigacer.it\/fr\/","name":"GIGACER S.p.A.","description":"Lastre in gres porcellanato Made in Italy","potentialAction":[{"@type":"SearchAction","target":{"@type":"EntryPoint","urlTemplate":"https:\/\/www.gigacer.it\/fr\/?s={search_term_string}"},"query-input":"required name=search_term_string"}],"inLanguage":"fr-FR"}]}},"_links":{"self":[{"href":"https:\/\/www.gigacer.it\/fr\/wp-json\/wp\/v2\/product\/10883"}],"collection":[{"href":"https:\/\/www.gigacer.it\/fr\/wp-json\/wp\/v2\/product"}],"about":[{"href":"https:\/\/www.gigacer.it\/fr\/wp-json\/wp\/v2\/types\/product"}],"version-history":[{"count":2,"href":"https:\/\/www.gigacer.it\/fr\/wp-json\/wp\/v2\/product\/10883\/revisions"}],"predecessor-version":[{"id":11032,"href":"https:\/\/www.gigacer.it\/fr\/wp-json\/wp\/v2\/product\/10883\/revisions\/11032"}],"wp:featuredmedia":[{"embeddable":true,"href":"https:\/\/www.gigacer.it\/fr\/wp-json\/wp\/v2\/media\/10865"}],"wp:attachment":[{"href":"https:\/\/www.gigacer.it\/fr\/wp-json\/wp\/v2\/media?parent=10883"}],"wp:term":[{"taxonomy":"product_cat","embeddable":true,"href":"https:\/\/www.gigacer.it\/fr\/wp-json\/wp\/v2\/product_cat?post=10883"},{"taxonomy":"product_tag","embeddable":true,"href":"https:\/\/www.gigacer.it\/fr\/wp-json\/wp\/v2\/product_tag?post=10883"}],"curies":[{"name":"wp","href":"https:\/\/api.w.org\/{rel}","templated":true}]}}