{"id":10673,"date":"2025-08-18T11:08:23","date_gmt":"2025-08-18T09:08:23","guid":{"rendered":"https:\/\/www.gigacer.it\/gamma\/non%20class\u00e9\/criostone\/"},"modified":"2025-08-18T11:16:24","modified_gmt":"2025-08-18T09:16:24","slug":"criostone","status":"publish","type":"product","link":"https:\/\/www.gigacer.it\/fr\/gamme\/gigacer\/criostone\/","title":{"rendered":"Criostone"},"content":{"rendered":"<p>L&rsquo;effet fluide immortalis\u00e9 sur une surface solide et r\u00e9sistante donne vie \u00e0 un design dynamique et intrigant, qui combine l&rsquo;\u00e9l\u00e9ment naturel du mouvement avec la robustesse des mat\u00e9riaux c\u00e9ramiques. Inspir\u00e9 des pierres de r\u00e9cup\u00e9ration des r\u00e9sidences de Bourgogne, Criostone d\u00e9veloppe une esth\u00e9tique de synth\u00e8se innovante et originale, g\u00e9n\u00e9r\u00e9e \u00e0 partir de l&rsquo;id\u00e9e de formations glaciaires solides sur le point de fondre. Criostone est disponible en quatre teintes \u00e9l\u00e9gantes et trois finitions : mat, silk et soft.<\/p>\n","protected":false},"excerpt":{"rendered":"<p>L&rsquo;effet fluide immortalis\u00e9 sur une surface solide et r\u00e9sistante donne vie \u00e0 un design dynamique et intrigant, qui combine l&rsquo;\u00e9l\u00e9ment naturel du mouvement avec la robustesse des mat\u00e9riaux c\u00e9ramiques. Inspir\u00e9 des pierres de r\u00e9cup\u00e9ration des r\u00e9sidences de Bourgogne, Criostone d\u00e9veloppe une esth\u00e9tique de synth\u00e8se innovante et originale, g\u00e9n\u00e9r\u00e9e \u00e0 partir de l&rsquo;id\u00e9e de formations glaciaires [&hellip;]<\/p>\n","protected":false},"featured_media":10612,"template":"","meta":{"_relevanssi_hide_post":"","_relevanssi_hide_content":"","_relevanssi_pin_for_all":"","_relevanssi_pin_keywords":"","_relevanssi_unpin_keywords":"","_relevanssi_related_keywords":"","_relevanssi_related_include_ids":"","_relevanssi_related_exclude_ids":"","_relevanssi_related_no_append":"","_relevanssi_related_not_related":"","_relevanssi_related_posts":"","_relevanssi_noindex_reason":""},"product_cat":[161],"product_tag":[],"acf":[],"yoast_head":"<!-- This site is optimized with the Yoast SEO plugin v20.10 - https:\/\/yoast.com\/wordpress\/plugins\/seo\/ -->\n<title>Criostone - GIGACER S.p.A.<\/title>\n<meta name=\"robots\" content=\"index, follow, max-snippet:-1, max-image-preview:large, max-video-preview:-1\" \/>\n<link rel=\"canonical\" href=\"https:\/\/www.gigacer.it\/fr\/gamme\/gigacer\/criostone\/\" \/>\n<meta property=\"og:locale\" content=\"fr_FR\" \/>\n<meta property=\"og:type\" content=\"article\" \/>\n<meta property=\"og:title\" content=\"Criostone - GIGACER S.p.A.\" \/>\n<meta property=\"og:description\" content=\"L&rsquo;effet fluide immortalis\u00e9 sur une surface solide et r\u00e9sistante donne vie \u00e0 un design dynamique et intrigant, qui combine l&rsquo;\u00e9l\u00e9ment naturel du mouvement avec la robustesse des mat\u00e9riaux c\u00e9ramiques. Inspir\u00e9 des pierres de r\u00e9cup\u00e9ration des r\u00e9sidences de Bourgogne, Criostone d\u00e9veloppe une esth\u00e9tique de synth\u00e8se innovante et originale, g\u00e9n\u00e9r\u00e9e \u00e0 partir de l&rsquo;id\u00e9e de formations glaciaires [&hellip;]\" \/>\n<meta property=\"og:url\" content=\"https:\/\/www.gigacer.it\/fr\/gamme\/gigacer\/criostone\/\" \/>\n<meta property=\"og:site_name\" content=\"GIGACER S.p.A.\" \/>\n<meta property=\"article:modified_time\" content=\"2025-08-18T09:16:24+00:00\" \/>\n<meta property=\"og:image\" content=\"https:\/\/www.gigacer.it\/wp-content\/uploads\/DSC00439.webp\" \/>\n\t<meta property=\"og:image:width\" content=\"1600\" \/>\n\t<meta property=\"og:image:height\" content=\"2400\" \/>\n\t<meta property=\"og:image:type\" content=\"image\/webp\" \/>\n<meta name=\"twitter:card\" content=\"summary_large_image\" \/>\n<meta name=\"twitter:label1\" content=\"Dur\u00e9e de lecture estim\u00e9e\" \/>\n\t<meta name=\"twitter:data1\" content=\"1 minute\" \/>\n<script type=\"application\/ld+json\" class=\"yoast-schema-graph\">{\"@context\":\"https:\/\/schema.org\",\"@graph\":[{\"@type\":\"WebPage\",\"@id\":\"https:\/\/www.gigacer.it\/fr\/gamme\/gigacer\/criostone\/\",\"url\":\"https:\/\/www.gigacer.it\/fr\/gamme\/gigacer\/criostone\/\",\"name\":\"Criostone - GIGACER S.p.A.\",\"isPartOf\":{\"@id\":\"https:\/\/www.gigacer.it\/fr\/#website\"},\"datePublished\":\"2025-08-18T09:08:23+00:00\",\"dateModified\":\"2025-08-18T09:16:24+00:00\",\"breadcrumb\":{\"@id\":\"https:\/\/www.gigacer.it\/fr\/gamme\/gigacer\/criostone\/#breadcrumb\"},\"inLanguage\":\"fr-FR\",\"potentialAction\":[{\"@type\":\"ReadAction\",\"target\":[\"https:\/\/www.gigacer.it\/fr\/gamme\/gigacer\/criostone\/\"]}]},{\"@type\":\"BreadcrumbList\",\"@id\":\"https:\/\/www.gigacer.it\/fr\/gamme\/gigacer\/criostone\/#breadcrumb\",\"itemListElement\":[{\"@type\":\"ListItem\",\"position\":1,\"name\":\"Home\",\"item\":\"https:\/\/www.gigacer.it\/fr\/\"},{\"@type\":\"ListItem\",\"position\":2,\"name\":\"Pleine gamme\",\"item\":\"https:\/\/www.gigacer.it\/gamma-completa\/\"},{\"@type\":\"ListItem\",\"position\":3,\"name\":\"Criostone\"}]},{\"@type\":\"WebSite\",\"@id\":\"https:\/\/www.gigacer.it\/fr\/#website\",\"url\":\"https:\/\/www.gigacer.it\/fr\/\",\"name\":\"GIGACER S.p.A.\",\"description\":\"Lastre in gres porcellanato Made in Italy\",\"potentialAction\":[{\"@type\":\"SearchAction\",\"target\":{\"@type\":\"EntryPoint\",\"urlTemplate\":\"https:\/\/www.gigacer.it\/fr\/?s={search_term_string}\"},\"query-input\":\"required name=search_term_string\"}],\"inLanguage\":\"fr-FR\"}]}<\/script>\n<!-- \/ Yoast SEO plugin. -->","yoast_head_json":{"title":"Criostone - GIGACER S.p.A.","robots":{"index":"index","follow":"follow","max-snippet":"max-snippet:-1","max-image-preview":"max-image-preview:large","max-video-preview":"max-video-preview:-1"},"canonical":"https:\/\/www.gigacer.it\/fr\/gamme\/gigacer\/criostone\/","og_locale":"fr_FR","og_type":"article","og_title":"Criostone - GIGACER S.p.A.","og_description":"L&rsquo;effet fluide immortalis\u00e9 sur une surface solide et r\u00e9sistante donne vie \u00e0 un design dynamique et intrigant, qui combine l&rsquo;\u00e9l\u00e9ment naturel du mouvement avec la robustesse des mat\u00e9riaux c\u00e9ramiques. Inspir\u00e9 des pierres de r\u00e9cup\u00e9ration des r\u00e9sidences de Bourgogne, Criostone d\u00e9veloppe une esth\u00e9tique de synth\u00e8se innovante et originale, g\u00e9n\u00e9r\u00e9e \u00e0 partir de l&rsquo;id\u00e9e de formations glaciaires [&hellip;]","og_url":"https:\/\/www.gigacer.it\/fr\/gamme\/gigacer\/criostone\/","og_site_name":"GIGACER S.p.A.","article_modified_time":"2025-08-18T09:16:24+00:00","og_image":[{"width":1600,"height":2400,"url":"https:\/\/www.gigacer.it\/wp-content\/uploads\/DSC00439.webp","type":"image\/webp"}],"twitter_card":"summary_large_image","twitter_misc":{"Dur\u00e9e de lecture estim\u00e9e":"1 minute"},"schema":{"@context":"https:\/\/schema.org","@graph":[{"@type":"WebPage","@id":"https:\/\/www.gigacer.it\/fr\/gamme\/gigacer\/criostone\/","url":"https:\/\/www.gigacer.it\/fr\/gamme\/gigacer\/criostone\/","name":"Criostone - GIGACER S.p.A.","isPartOf":{"@id":"https:\/\/www.gigacer.it\/fr\/#website"},"datePublished":"2025-08-18T09:08:23+00:00","dateModified":"2025-08-18T09:16:24+00:00","breadcrumb":{"@id":"https:\/\/www.gigacer.it\/fr\/gamme\/gigacer\/criostone\/#breadcrumb"},"inLanguage":"fr-FR","potentialAction":[{"@type":"ReadAction","target":["https:\/\/www.gigacer.it\/fr\/gamme\/gigacer\/criostone\/"]}]},{"@type":"BreadcrumbList","@id":"https:\/\/www.gigacer.it\/fr\/gamme\/gigacer\/criostone\/#breadcrumb","itemListElement":[{"@type":"ListItem","position":1,"name":"Home","item":"https:\/\/www.gigacer.it\/fr\/"},{"@type":"ListItem","position":2,"name":"Pleine gamme","item":"https:\/\/www.gigacer.it\/gamma-completa\/"},{"@type":"ListItem","position":3,"name":"Criostone"}]},{"@type":"WebSite","@id":"https:\/\/www.gigacer.it\/fr\/#website","url":"https:\/\/www.gigacer.it\/fr\/","name":"GIGACER S.p.A.","description":"Lastre in gres porcellanato Made in Italy","potentialAction":[{"@type":"SearchAction","target":{"@type":"EntryPoint","urlTemplate":"https:\/\/www.gigacer.it\/fr\/?s={search_term_string}"},"query-input":"required name=search_term_string"}],"inLanguage":"fr-FR"}]}},"_links":{"self":[{"href":"https:\/\/www.gigacer.it\/fr\/wp-json\/wp\/v2\/product\/10673"}],"collection":[{"href":"https:\/\/www.gigacer.it\/fr\/wp-json\/wp\/v2\/product"}],"about":[{"href":"https:\/\/www.gigacer.it\/fr\/wp-json\/wp\/v2\/types\/product"}],"version-history":[{"count":1,"href":"https:\/\/www.gigacer.it\/fr\/wp-json\/wp\/v2\/product\/10673\/revisions"}],"predecessor-version":[{"id":10675,"href":"https:\/\/www.gigacer.it\/fr\/wp-json\/wp\/v2\/product\/10673\/revisions\/10675"}],"wp:featuredmedia":[{"embeddable":true,"href":"https:\/\/www.gigacer.it\/fr\/wp-json\/wp\/v2\/media\/10612"}],"wp:attachment":[{"href":"https:\/\/www.gigacer.it\/fr\/wp-json\/wp\/v2\/media?parent=10673"}],"wp:term":[{"taxonomy":"product_cat","embeddable":true,"href":"https:\/\/www.gigacer.it\/fr\/wp-json\/wp\/v2\/product_cat?post=10673"},{"taxonomy":"product_tag","embeddable":true,"href":"https:\/\/www.gigacer.it\/fr\/wp-json\/wp\/v2\/product_tag?post=10673"}],"curies":[{"name":"wp","href":"https:\/\/api.w.org\/{rel}","templated":true}]}}