{"id":6234,"date":"2023-06-05T06:35:20","date_gmt":"2023-06-05T04:35:20","guid":{"rendered":"http:\/\/www.gigacer.it\/durabilite\/"},"modified":"2023-06-28T10:26:18","modified_gmt":"2023-06-28T08:26:18","slug":"durabilite","status":"publish","type":"page","link":"https:\/\/www.gigacer.it\/fr\/durabilite\/","title":{"rendered":"Durabilit\u00e9"},"content":{"rendered":"\t\t<div data-elementor-type=\"wp-page\" data-elementor-id=\"6234\" class=\"elementor elementor-6234 elementor-1485\" data-elementor-post-type=\"page\">\n\t\t\t\t\t\t\t\t\t<section class=\"elementor-section elementor-top-section elementor-element elementor-element-73b9a58 elementor-section-full_width elementor-section-stretched elementor-section-height-default elementor-section-height-default\" data-id=\"73b9a58\" data-element_type=\"section\" data-settings=\"{&quot;stretch_section&quot;:&quot;section-stretched&quot;,&quot;background_background&quot;:&quot;classic&quot;}\">\n\t\t\t\t\t\t<div class=\"elementor-container elementor-column-gap-default\">\n\t\t\t\t\t<div class=\"elementor-column elementor-col-50 elementor-top-column elementor-element elementor-element-84c4c2a\" data-id=\"84c4c2a\" data-element_type=\"column\">\n\t\t\t<div class=\"elementor-widget-wrap elementor-element-populated\">\n\t\t\t\t\t\t\t\t<div class=\"elementor-element elementor-element-2321dda dce_masking-none elementor-widget elementor-widget-image\" data-id=\"2321dda\" data-element_type=\"widget\" data-widget_type=\"image.default\">\n\t\t\t\t<div class=\"elementor-widget-container\">\n\t\t\t<style>\/*! elementor - v3.14.0 - 26-06-2023 *\/\n.elementor-widget-image{text-align:center}.elementor-widget-image a{display:inline-block}.elementor-widget-image a img[src$=\".svg\"]{width:48px}.elementor-widget-image img{vertical-align:middle;display:inline-block}<\/style>\t\t\t\t\t\t\t\t\t\t\t\t<img decoding=\"async\" width=\"1920\" height=\"1280\" src=\"https:\/\/www.gigacer.it\/wp-content\/uploads\/sostenibilita.jpg\" class=\"attachment-full size-full wp-image-4767\" alt=\"\" loading=\"lazy\" srcset=\"https:\/\/www.gigacer.it\/wp-content\/uploads\/sostenibilita.jpg 1920w, https:\/\/www.gigacer.it\/wp-content\/uploads\/sostenibilita-300x200.jpg 300w, https:\/\/www.gigacer.it\/wp-content\/uploads\/sostenibilita-1024x683.jpg 1024w, https:\/\/www.gigacer.it\/wp-content\/uploads\/sostenibilita-768x512.jpg 768w, https:\/\/www.gigacer.it\/wp-content\/uploads\/sostenibilita-1536x1024.jpg 1536w, https:\/\/www.gigacer.it\/wp-content\/uploads\/sostenibilita-600x400.jpg 600w\" sizes=\"(max-width: 1920px) 100vw, 1920px\" \/>\t\t\t\t\t\t\t\t\t\t\t\t\t\t\t<\/div>\n\t\t\t\t<\/div>\n\t\t\t\t\t<\/div>\n\t\t<\/div>\n\t\t\t\t<div class=\"elementor-column elementor-col-50 elementor-top-column elementor-element elementor-element-493fe5d elementor-invisible\" data-id=\"493fe5d\" data-element_type=\"column\" data-settings=\"{&quot;animation&quot;:&quot;fadeInUp&quot;}\">\n\t\t\t<div class=\"elementor-widget-wrap elementor-element-populated\">\n\t\t\t\t\t\t\t\t<div class=\"elementor-element elementor-element-e1d60c7 elementor-widget elementor-widget-heading\" data-id=\"e1d60c7\" data-element_type=\"widget\" data-widget_type=\"heading.default\">\n\t\t\t\t<div class=\"elementor-widget-container\">\n\t\t\t<style>\/*! elementor - v3.14.0 - 26-06-2023 *\/\n.elementor-heading-title{padding:0;margin:0;line-height:1}.elementor-widget-heading .elementor-heading-title[class*=elementor-size-]>a{color:inherit;font-size:inherit;line-height:inherit}.elementor-widget-heading .elementor-heading-title.elementor-size-small{font-size:15px}.elementor-widget-heading .elementor-heading-title.elementor-size-medium{font-size:19px}.elementor-widget-heading .elementor-heading-title.elementor-size-large{font-size:29px}.elementor-widget-heading .elementor-heading-title.elementor-size-xl{font-size:39px}.elementor-widget-heading .elementor-heading-title.elementor-size-xxl{font-size:59px}<\/style><h2 class=\"elementor-heading-title elementor-size-default\">Nous travaillons \u00e0 rendre votre vie plus belle tout en respectant l'environnement.<\/h2>\t\t<\/div>\n\t\t\t\t<\/div>\n\t\t\t\t<div class=\"elementor-element elementor-element-265486a elementor-widget elementor-widget-text-editor\" data-id=\"265486a\" data-element_type=\"widget\" data-widget_type=\"text-editor.default\">\n\t\t\t\t<div class=\"elementor-widget-container\">\n\t\t\t<style>\/*! elementor - v3.14.0 - 26-06-2023 *\/\n.elementor-widget-text-editor.elementor-drop-cap-view-stacked .elementor-drop-cap{background-color:#69727d;color:#fff}.elementor-widget-text-editor.elementor-drop-cap-view-framed .elementor-drop-cap{color:#69727d;border:3px solid;background-color:transparent}.elementor-widget-text-editor:not(.elementor-drop-cap-view-default) .elementor-drop-cap{margin-top:8px}.elementor-widget-text-editor:not(.elementor-drop-cap-view-default) .elementor-drop-cap-letter{width:1em;height:1em}.elementor-widget-text-editor .elementor-drop-cap{float:left;text-align:center;line-height:1;font-size:50px}.elementor-widget-text-editor .elementor-drop-cap-letter{display:inline-block}<\/style>\t\t\t\t<p>Nous y apportons un soin particulier :<\/p>\n<ul>\n<li>la s\u00e9curit\u00e9 et le confort du personnel de production ;<\/li>\n<li>le respect de l&rsquo;environnement dans lequel l&rsquo;usine est implant\u00e9e ;<\/li>\n<li>la s\u00e9curit\u00e9 du personnel sur le chantier, garantie par un emballage con\u00e7u pour une manipulation ais\u00e9e et enti\u00e8rement recyclable.\n<p>Nous produisons des dalles c\u00e9ramiques gr\u00e2ce \u00e0 l&rsquo;application d&rsquo;une technologie de pointe, dans le respect des r\u00e9glementations environnementales europ\u00e9ennes en vigueur et souvent avec des param\u00e8tres bien meilleurs que ceux-ci.<br \/>C&rsquo;est pourquoi les machines sont install\u00e9es dans des salles insonoris\u00e9es, l&rsquo;\u00e9clairage de la ligne de production est faible, il y a un contr\u00f4le environnemental en temps r\u00e9el, le syst\u00e8me d&#8217;emballage &#8211; sidepack &#8211; implique l&rsquo;utilisation de quantit\u00e9s minimales de carton et, dans tous les cas, les mat\u00e9riaux d&#8217;emballage sont enti\u00e8rement recyclables et sans colle.<\/p>\n<p>La dalle mince est l&rsquo;horizon de l&rsquo;\u00e9conomie d&rsquo;\u00e9nergie dans la c\u00e9ramique : elle offre la possibilit\u00e9 de produire du gr\u00e8s c\u00e9rame de la plus haute qualit\u00e9 tout en r\u00e9alisant des \u00e9conomies d&rsquo;\u00e9nergie consid\u00e9rables lors de la cuisson et du transport.<\/li>\n<\/ul>\n\t\t\t\t\t\t<\/div>\n\t\t\t\t<\/div>\n\t\t\t\t\t<\/div>\n\t\t<\/div>\n\t\t\t\t\t\t\t<\/div>\n\t\t<\/section>\n\t\t\t\t<section class=\"elementor-section elementor-top-section elementor-element elementor-element-494534a elementor-section-full_width elementor-section-stretched elementor-section-height-default elementor-section-height-default\" data-id=\"494534a\" data-element_type=\"section\" data-settings=\"{&quot;stretch_section&quot;:&quot;section-stretched&quot;,&quot;background_background&quot;:&quot;classic&quot;}\">\n\t\t\t\t\t\t<div class=\"elementor-container elementor-column-gap-default\">\n\t\t\t\t\t<div class=\"elementor-column elementor-col-100 elementor-top-column elementor-element elementor-element-265df95\" data-id=\"265df95\" data-element_type=\"column\">\n\t\t\t<div class=\"elementor-widget-wrap elementor-element-populated\">\n\t\t\t\t\t\t\t\t<div class=\"elementor-element elementor-element-89e21ec dce_masking-none elementor-widget elementor-widget-image\" data-id=\"89e21ec\" data-element_type=\"widget\" data-widget_type=\"image.default\">\n\t\t\t\t<div class=\"elementor-widget-container\">\n\t\t\t\t\t\t\t\t\t\t\t\t\t\t\t<img decoding=\"async\" width=\"1920\" height=\"901\" src=\"https:\/\/www.gigacer.it\/wp-content\/uploads\/lastre-orizzontali.jpg\" class=\"attachment-full size-full wp-image-1490\" alt=\"\" loading=\"lazy\" srcset=\"https:\/\/www.gigacer.it\/wp-content\/uploads\/lastre-orizzontali.jpg 1920w, https:\/\/www.gigacer.it\/wp-content\/uploads\/lastre-orizzontali-300x141.jpg 300w, https:\/\/www.gigacer.it\/wp-content\/uploads\/lastre-orizzontali-1024x481.jpg 1024w, https:\/\/www.gigacer.it\/wp-content\/uploads\/lastre-orizzontali-768x360.jpg 768w, https:\/\/www.gigacer.it\/wp-content\/uploads\/lastre-orizzontali-1536x721.jpg 1536w, https:\/\/www.gigacer.it\/wp-content\/uploads\/lastre-orizzontali-600x282.jpg 600w\" sizes=\"(max-width: 1920px) 100vw, 1920px\" \/>\t\t\t\t\t\t\t\t\t\t\t\t\t\t\t<\/div>\n\t\t\t\t<\/div>\n\t\t\t\t\t<\/div>\n\t\t<\/div>\n\t\t\t\t\t\t\t<\/div>\n\t\t<\/section>\n\t\t\t\t\t\t\t<\/div>\n\t\t","protected":false},"excerpt":{"rendered":"<p>Nous travaillons \u00e0 rendre votre vie plus belle tout en respectant l&rsquo;environnement. Nous y apportons un soin particulier : la s\u00e9curit\u00e9 et le confort du personnel de production ; le respect de l&rsquo;environnement dans lequel l&rsquo;usine est implant\u00e9e ; la s\u00e9curit\u00e9 du personnel sur le chantier, garantie par un emballage con\u00e7u pour une manipulation ais\u00e9e [&hellip;]<\/p>\n","protected":false},"author":1,"featured_media":4767,"parent":0,"menu_order":0,"comment_status":"closed","ping_status":"closed","template":"","meta":{"_relevanssi_hide_post":"","_relevanssi_hide_content":"","_relevanssi_pin_for_all":"","_relevanssi_pin_keywords":"","_relevanssi_unpin_keywords":"","_relevanssi_related_keywords":"","_relevanssi_related_include_ids":"","_relevanssi_related_exclude_ids":"","_relevanssi_related_no_append":"","_relevanssi_related_not_related":"","_relevanssi_related_posts":"","_relevanssi_noindex_reason":""},"acf":[],"yoast_head":"<!-- This site is optimized with the Yoast SEO plugin v20.10 - https:\/\/yoast.com\/wordpress\/plugins\/seo\/ -->\n<title>Durabilit\u00e9 - GIGACER S.p.A.<\/title>\n<meta name=\"robots\" content=\"index, follow, max-snippet:-1, max-image-preview:large, max-video-preview:-1\" \/>\n<link rel=\"canonical\" href=\"https:\/\/www.gigacer.it\/fr\/durabilite\/\" \/>\n<meta property=\"og:locale\" content=\"fr_FR\" \/>\n<meta property=\"og:type\" content=\"article\" \/>\n<meta property=\"og:title\" content=\"Durabilit\u00e9 - GIGACER S.p.A.\" \/>\n<meta property=\"og:description\" content=\"Nous travaillons \u00e0 rendre votre vie plus belle tout en respectant l&rsquo;environnement. Nous y apportons un soin particulier : la s\u00e9curit\u00e9 et le confort du personnel de production ; le respect de l&rsquo;environnement dans lequel l&rsquo;usine est implant\u00e9e ; la s\u00e9curit\u00e9 du personnel sur le chantier, garantie par un emballage con\u00e7u pour une manipulation ais\u00e9e [&hellip;]\" \/>\n<meta property=\"og:url\" content=\"https:\/\/www.gigacer.it\/fr\/durabilite\/\" \/>\n<meta property=\"og:site_name\" content=\"GIGACER S.p.A.\" \/>\n<meta property=\"article:modified_time\" content=\"2023-06-28T08:26:18+00:00\" \/>\n<meta property=\"og:image\" content=\"https:\/\/www.gigacer.it\/wp-content\/uploads\/sostenibilita.jpg\" \/>\n\t<meta property=\"og:image:width\" content=\"1920\" \/>\n\t<meta property=\"og:image:height\" content=\"1280\" \/>\n\t<meta property=\"og:image:type\" content=\"image\/jpeg\" \/>\n<meta name=\"twitter:card\" content=\"summary_large_image\" \/>\n<meta name=\"twitter:label1\" content=\"Dur\u00e9e de lecture estim\u00e9e\" \/>\n\t<meta name=\"twitter:data1\" content=\"1 minute\" \/>\n<script type=\"application\/ld+json\" class=\"yoast-schema-graph\">{\"@context\":\"https:\/\/schema.org\",\"@graph\":[{\"@type\":\"WebPage\",\"@id\":\"https:\/\/www.gigacer.it\/fr\/durabilite\/\",\"url\":\"https:\/\/www.gigacer.it\/fr\/durabilite\/\",\"name\":\"Durabilit\u00e9 - GIGACER S.p.A.\",\"isPartOf\":{\"@id\":\"https:\/\/www.gigacer.it\/fr\/#website\"},\"datePublished\":\"2023-06-05T04:35:20+00:00\",\"dateModified\":\"2023-06-28T08:26:18+00:00\",\"breadcrumb\":{\"@id\":\"https:\/\/www.gigacer.it\/fr\/durabilite\/#breadcrumb\"},\"inLanguage\":\"fr-FR\",\"potentialAction\":[{\"@type\":\"ReadAction\",\"target\":[\"https:\/\/www.gigacer.it\/fr\/durabilite\/\"]}]},{\"@type\":\"BreadcrumbList\",\"@id\":\"https:\/\/www.gigacer.it\/fr\/durabilite\/#breadcrumb\",\"itemListElement\":[{\"@type\":\"ListItem\",\"position\":1,\"name\":\"Home\",\"item\":\"https:\/\/www.gigacer.it\/fr\/\"},{\"@type\":\"ListItem\",\"position\":2,\"name\":\"Durabilit\u00e9\"}]},{\"@type\":\"WebSite\",\"@id\":\"https:\/\/www.gigacer.it\/fr\/#website\",\"url\":\"https:\/\/www.gigacer.it\/fr\/\",\"name\":\"GIGACER S.p.A.\",\"description\":\"Lastre in gres porcellanato Made in Italy\",\"potentialAction\":[{\"@type\":\"SearchAction\",\"target\":{\"@type\":\"EntryPoint\",\"urlTemplate\":\"https:\/\/www.gigacer.it\/fr\/?s={search_term_string}\"},\"query-input\":\"required name=search_term_string\"}],\"inLanguage\":\"fr-FR\"}]}<\/script>\n<!-- \/ Yoast SEO plugin. -->","yoast_head_json":{"title":"Durabilit\u00e9 - GIGACER S.p.A.","robots":{"index":"index","follow":"follow","max-snippet":"max-snippet:-1","max-image-preview":"max-image-preview:large","max-video-preview":"max-video-preview:-1"},"canonical":"https:\/\/www.gigacer.it\/fr\/durabilite\/","og_locale":"fr_FR","og_type":"article","og_title":"Durabilit\u00e9 - GIGACER S.p.A.","og_description":"Nous travaillons \u00e0 rendre votre vie plus belle tout en respectant l&rsquo;environnement. Nous y apportons un soin particulier : la s\u00e9curit\u00e9 et le confort du personnel de production ; le respect de l&rsquo;environnement dans lequel l&rsquo;usine est implant\u00e9e ; la s\u00e9curit\u00e9 du personnel sur le chantier, garantie par un emballage con\u00e7u pour une manipulation ais\u00e9e [&hellip;]","og_url":"https:\/\/www.gigacer.it\/fr\/durabilite\/","og_site_name":"GIGACER S.p.A.","article_modified_time":"2023-06-28T08:26:18+00:00","og_image":[{"width":1920,"height":1280,"url":"https:\/\/www.gigacer.it\/wp-content\/uploads\/sostenibilita.jpg","type":"image\/jpeg"}],"twitter_card":"summary_large_image","twitter_misc":{"Dur\u00e9e de lecture estim\u00e9e":"1 minute"},"schema":{"@context":"https:\/\/schema.org","@graph":[{"@type":"WebPage","@id":"https:\/\/www.gigacer.it\/fr\/durabilite\/","url":"https:\/\/www.gigacer.it\/fr\/durabilite\/","name":"Durabilit\u00e9 - GIGACER S.p.A.","isPartOf":{"@id":"https:\/\/www.gigacer.it\/fr\/#website"},"datePublished":"2023-06-05T04:35:20+00:00","dateModified":"2023-06-28T08:26:18+00:00","breadcrumb":{"@id":"https:\/\/www.gigacer.it\/fr\/durabilite\/#breadcrumb"},"inLanguage":"fr-FR","potentialAction":[{"@type":"ReadAction","target":["https:\/\/www.gigacer.it\/fr\/durabilite\/"]}]},{"@type":"BreadcrumbList","@id":"https:\/\/www.gigacer.it\/fr\/durabilite\/#breadcrumb","itemListElement":[{"@type":"ListItem","position":1,"name":"Home","item":"https:\/\/www.gigacer.it\/fr\/"},{"@type":"ListItem","position":2,"name":"Durabilit\u00e9"}]},{"@type":"WebSite","@id":"https:\/\/www.gigacer.it\/fr\/#website","url":"https:\/\/www.gigacer.it\/fr\/","name":"GIGACER S.p.A.","description":"Lastre in gres porcellanato Made in Italy","potentialAction":[{"@type":"SearchAction","target":{"@type":"EntryPoint","urlTemplate":"https:\/\/www.gigacer.it\/fr\/?s={search_term_string}"},"query-input":"required name=search_term_string"}],"inLanguage":"fr-FR"}]}},"_links":{"self":[{"href":"https:\/\/www.gigacer.it\/fr\/wp-json\/wp\/v2\/pages\/6234"}],"collection":[{"href":"https:\/\/www.gigacer.it\/fr\/wp-json\/wp\/v2\/pages"}],"about":[{"href":"https:\/\/www.gigacer.it\/fr\/wp-json\/wp\/v2\/types\/page"}],"author":[{"embeddable":true,"href":"https:\/\/www.gigacer.it\/fr\/wp-json\/wp\/v2\/users\/1"}],"replies":[{"embeddable":true,"href":"https:\/\/www.gigacer.it\/fr\/wp-json\/wp\/v2\/comments?post=6234"}],"version-history":[{"count":1,"href":"https:\/\/www.gigacer.it\/fr\/wp-json\/wp\/v2\/pages\/6234\/revisions"}],"predecessor-version":[{"id":6235,"href":"https:\/\/www.gigacer.it\/fr\/wp-json\/wp\/v2\/pages\/6234\/revisions\/6235"}],"wp:featuredmedia":[{"embeddable":true,"href":"https:\/\/www.gigacer.it\/fr\/wp-json\/wp\/v2\/media\/4767"}],"wp:attachment":[{"href":"https:\/\/www.gigacer.it\/fr\/wp-json\/wp\/v2\/media?parent=6234"}],"curies":[{"name":"wp","href":"https:\/\/api.w.org\/{rel}","templated":true}]}}