{"id":6229,"date":"2023-06-05T06:34:36","date_gmt":"2023-06-05T04:34:36","guid":{"rendered":"http:\/\/www.gigacer.it\/production\/"},"modified":"2023-06-28T10:23:50","modified_gmt":"2023-06-28T08:23:50","slug":"production","status":"publish","type":"page","link":"https:\/\/www.gigacer.it\/fr\/production\/","title":{"rendered":"Production"},"content":{"rendered":"\t\t<div data-elementor-type=\"wp-page\" data-elementor-id=\"6229\" class=\"elementor elementor-6229 elementor-1483\" data-elementor-post-type=\"page\">\n\t\t\t\t\t\t\t\t\t<section class=\"elementor-section elementor-top-section elementor-element elementor-element-73b9a58 elementor-section-full_width elementor-section-stretched elementor-section-height-default elementor-section-height-default\" data-id=\"73b9a58\" data-element_type=\"section\" data-settings=\"{&quot;stretch_section&quot;:&quot;section-stretched&quot;,&quot;background_background&quot;:&quot;classic&quot;}\">\n\t\t\t\t\t\t<div class=\"elementor-container elementor-column-gap-default\">\n\t\t\t\t\t<div class=\"elementor-column elementor-col-50 elementor-top-column elementor-element elementor-element-84c4c2a\" data-id=\"84c4c2a\" data-element_type=\"column\">\n\t\t\t<div class=\"elementor-widget-wrap elementor-element-populated\">\n\t\t\t\t\t\t\t\t<div class=\"elementor-element elementor-element-2321dda dce_masking-none elementor-widget elementor-widget-image\" data-id=\"2321dda\" data-element_type=\"widget\" data-widget_type=\"image.default\">\n\t\t\t\t<div class=\"elementor-widget-container\">\n\t\t\t<style>\/*! elementor - v3.14.0 - 26-06-2023 *\/\n.elementor-widget-image{text-align:center}.elementor-widget-image a{display:inline-block}.elementor-widget-image a img[src$=\".svg\"]{width:48px}.elementor-widget-image img{vertical-align:middle;display:inline-block}<\/style>\t\t\t\t\t\t\t\t\t\t\t\t<img decoding=\"async\" width=\"1948\" height=\"1516\" src=\"https:\/\/www.gigacer.it\/wp-content\/uploads\/gigacer-produzione.jpg\" class=\"attachment-full size-full wp-image-4777\" alt=\"\" loading=\"lazy\" srcset=\"https:\/\/www.gigacer.it\/wp-content\/uploads\/gigacer-produzione.jpg 1948w, https:\/\/www.gigacer.it\/wp-content\/uploads\/gigacer-produzione-300x233.jpg 300w, https:\/\/www.gigacer.it\/wp-content\/uploads\/gigacer-produzione-1024x797.jpg 1024w, https:\/\/www.gigacer.it\/wp-content\/uploads\/gigacer-produzione-768x598.jpg 768w, https:\/\/www.gigacer.it\/wp-content\/uploads\/gigacer-produzione-1536x1195.jpg 1536w, https:\/\/www.gigacer.it\/wp-content\/uploads\/gigacer-produzione-600x467.jpg 600w\" sizes=\"(max-width: 1948px) 100vw, 1948px\" \/>\t\t\t\t\t\t\t\t\t\t\t\t\t\t\t<\/div>\n\t\t\t\t<\/div>\n\t\t\t\t\t<\/div>\n\t\t<\/div>\n\t\t\t\t<div class=\"elementor-column elementor-col-50 elementor-top-column elementor-element elementor-element-493fe5d elementor-invisible\" data-id=\"493fe5d\" data-element_type=\"column\" data-settings=\"{&quot;animation&quot;:&quot;fadeInUp&quot;}\">\n\t\t\t<div class=\"elementor-widget-wrap elementor-element-populated\">\n\t\t\t\t\t\t\t\t<div class=\"elementor-element elementor-element-e1d60c7 elementor-widget elementor-widget-heading\" data-id=\"e1d60c7\" data-element_type=\"widget\" data-widget_type=\"heading.default\">\n\t\t\t\t<div class=\"elementor-widget-container\">\n\t\t\t<style>\/*! elementor - v3.14.0 - 26-06-2023 *\/\n.elementor-heading-title{padding:0;margin:0;line-height:1}.elementor-widget-heading .elementor-heading-title[class*=elementor-size-]>a{color:inherit;font-size:inherit;line-height:inherit}.elementor-widget-heading .elementor-heading-title.elementor-size-small{font-size:15px}.elementor-widget-heading .elementor-heading-title.elementor-size-medium{font-size:19px}.elementor-widget-heading .elementor-heading-title.elementor-size-large{font-size:29px}.elementor-widget-heading .elementor-heading-title.elementor-size-xl{font-size:39px}.elementor-widget-heading .elementor-heading-title.elementor-size-xxl{font-size:59px}<\/style><h2 class=\"elementor-heading-title elementor-size-default\">Vanguard et \u00e9lasticit\u00e9<\/h2>\t\t<\/div>\n\t\t\t\t<\/div>\n\t\t\t\t<div class=\"elementor-element elementor-element-265486a elementor-widget elementor-widget-text-editor\" data-id=\"265486a\" data-element_type=\"widget\" data-widget_type=\"text-editor.default\">\n\t\t\t\t<div class=\"elementor-widget-container\">\n\t\t\t<style>\/*! elementor - v3.14.0 - 26-06-2023 *\/\n.elementor-widget-text-editor.elementor-drop-cap-view-stacked .elementor-drop-cap{background-color:#69727d;color:#fff}.elementor-widget-text-editor.elementor-drop-cap-view-framed .elementor-drop-cap{color:#69727d;border:3px solid;background-color:transparent}.elementor-widget-text-editor:not(.elementor-drop-cap-view-default) .elementor-drop-cap{margin-top:8px}.elementor-widget-text-editor:not(.elementor-drop-cap-view-default) .elementor-drop-cap-letter{width:1em;height:1em}.elementor-widget-text-editor .elementor-drop-cap{float:left;text-align:center;line-height:1;font-size:50px}.elementor-widget-text-editor .elementor-drop-cap-letter{display:inline-block}<\/style>\t\t\t\t<p>L&rsquo;usine a \u00e9t\u00e9 con\u00e7ue en 2006 sp\u00e9cifiquement pour la production de grands formats et utilise la technologie Continua de Sacmi sur deux lignes : une presse de 7200 tonnes et une Continua Plus pour les grandes dalles.<br \/>La ligne \u00ab\u00a0Continua PH 7200\u00a0\u00bb comprend, avant le pressage, une phase de pr\u00e9compactage \u00ab\u00a0continu\u00a0\u00bb de la feuille multicouche ou de la feuille pleine. <br \/>La \u00ab\u00a0Continua Plus\u00a0\u00bb, quant \u00e0 elle, peut produire des dalles jusqu&rsquo;\u00e0 120\u00d7250 cm sans utiliser de moule et offre donc de grandes possibilit\u00e9s d&rsquo;adaptation aux formats requis par les concepteurs.<br \/>Les effets d\u00e9coratifs sp\u00e9ciaux caract\u00e9ris\u00e9s par une v\u00e9ritable profondeur sont obtenus sans l&rsquo;utilisation d&rsquo;\u00e9maux, mais uniquement par la distribution de m\u00e9langes de porcelaine color\u00e9s dans la masse.<br \/>Le processus de production de GIGACER pr\u00e9voit la pr\u00e9paration pr\u00e9liminaire de produits semi-finis sous forme de grandes plaques de gr\u00e8s c\u00e9rame de 120\u00d7120 ou 120\u00d7250 cm, multicouches ou pleine masse, qui peuvent ensuite \u00eatre d\u00e9coup\u00e9es et fa\u00e7onn\u00e9es \u00e0 froid dans une vari\u00e9t\u00e9 d&rsquo;autres formats et surfaces.<br \/>Cette s\u00e9rie de dalles, caract\u00e9ris\u00e9e par des aspects mat\u00e9riels et des pr\u00e9rogatives techniques sup\u00e9rieures, est produite avec des m\u00e9langes exclusivement formul\u00e9s avec des mati\u00e8res premi\u00e8res naturelles, en utilisant la technologie \u00ab\u00a0Continua\u00a0\u00bb depuis 2007.<br \/>Le fait de disposer de deux lignes \u00ab\u00a0continues\u00a0\u00bb, dont la seule diff\u00e9rence est le pressage, permet \u00e0 l&rsquo;entreprise d&rsquo;offrir une grande flexibilit\u00e9 au march\u00e9 : alors que les plaques semi-finies sont toujours en stock, des formats individuels peuvent \u00eatre produits \u00e0 la demande. <br \/>Les d\u00e9lais de livraison sont ainsi garantis, de m\u00eame que la possibilit\u00e9 d&rsquo;avoir diff\u00e9rents formats dans la m\u00eame nuance de couleur, pr\u00e9cis\u00e9ment parce qu&rsquo;ils sont obtenus \u00e0 partir d&rsquo;un seul produit semi-fini.<\/p>\n\t\t\t\t\t\t<\/div>\n\t\t\t\t<\/div>\n\t\t\t\t\t<\/div>\n\t\t<\/div>\n\t\t\t\t\t\t\t<\/div>\n\t\t<\/section>\n\t\t\t\t<section class=\"elementor-section elementor-top-section elementor-element elementor-element-494534a elementor-section-full_width elementor-section-stretched elementor-section-height-default elementor-section-height-default\" data-id=\"494534a\" data-element_type=\"section\" data-settings=\"{&quot;stretch_section&quot;:&quot;section-stretched&quot;,&quot;background_background&quot;:&quot;classic&quot;}\">\n\t\t\t\t\t\t<div class=\"elementor-container elementor-column-gap-default\">\n\t\t\t\t\t<div class=\"elementor-column elementor-col-100 elementor-top-column elementor-element elementor-element-265df95\" data-id=\"265df95\" data-element_type=\"column\">\n\t\t\t<div class=\"elementor-widget-wrap elementor-element-populated\">\n\t\t\t\t\t\t\t\t<div class=\"elementor-element elementor-element-7520db9 elementor-aspect-ratio-169 elementor-widget elementor-widget-pp-video\" data-id=\"7520db9\" data-element_type=\"widget\" data-settings=\"{&quot;aspect_ratio&quot;:&quot;169&quot;}\" data-widget_type=\"pp-video.default\">\n\t\t\t\t<div class=\"elementor-widget-container\">\n\t\t\t\t\t<div class=\"pp-video-wrap\">\n\t\t\t<div class=\"pp-video pp-video-type-youtube\" data-settings=\"{&quot;post_id&quot;:6229,&quot;widget_id&quot;:&quot;7520db9&quot;}\">\n\t\t\t\t\t\t<div class=\"pp-video-container elementor-fit-aspect-ratio\">\n\t\t\t<div class=\"pp-video-play\" data-autoplay=\"0\">\n\t\t\t\t<div class=\"pp-media-overlay pp-video-gallery-overlay\"><\/div>\t\t\t\t<div class=\"pp-video-player\" data-src=\"https:\/\/www.youtube.com\/embed\/e3qTyVh-mgo?feature=oembed&amp;autoplay=1&amp;wmode=opaque&amp;start=0&amp;end=0&amp;loop=0&amp;mute=0&amp;controls=1&amp;modestbranding=1&amp;rel=0\">\n\t\t\t\t\t\t\t\t\t\t\t\t\t<img decoding=\"async\" class=\"pp-video-thumb\" src=\"http:\/\/www.gigacer.it\/wp-content\/uploads\/produzione.jpg\" alt=\"\">\n\t\t\t\t\t\t\t\t\t\t\t<span class=\"pp-video-play-icon pp-icon\">\n\t\t\t\t<i aria-hidden=\"true\" class=\"fas fa-play-circle\"><\/i>\t\t\t<\/span>\n\t\t\t\t\t\t\t<\/div>\n\t\t\t<\/div>\n\t\t<\/div>\n\t\t\t\t\t<\/div>\n\t\t<\/div>\n\t\t\t\t<\/div>\n\t\t\t\t<\/div>\n\t\t\t\t\t<\/div>\n\t\t<\/div>\n\t\t\t\t\t\t\t<\/div>\n\t\t<\/section>\n\t\t\t\t\t\t\t<\/div>\n\t\t","protected":false},"excerpt":{"rendered":"<p>Vanguard et \u00e9lasticit\u00e9 L&rsquo;usine a \u00e9t\u00e9 con\u00e7ue en 2006 sp\u00e9cifiquement pour la production de grands formats et utilise la technologie Continua de Sacmi sur deux lignes : une presse de 7200 tonnes et une Continua Plus pour les grandes dalles.La ligne \u00ab\u00a0Continua PH 7200\u00a0\u00bb comprend, avant le pressage, une phase de pr\u00e9compactage \u00ab\u00a0continu\u00a0\u00bb de la [&hellip;]<\/p>\n","protected":false},"author":1,"featured_media":4777,"parent":0,"menu_order":0,"comment_status":"closed","ping_status":"closed","template":"","meta":{"_relevanssi_hide_post":"","_relevanssi_hide_content":"","_relevanssi_pin_for_all":"","_relevanssi_pin_keywords":"","_relevanssi_unpin_keywords":"","_relevanssi_related_keywords":"","_relevanssi_related_include_ids":"","_relevanssi_related_exclude_ids":"","_relevanssi_related_no_append":"","_relevanssi_related_not_related":"","_relevanssi_related_posts":"","_relevanssi_noindex_reason":""},"acf":[],"yoast_head":"<!-- This site is optimized with the Yoast SEO plugin v20.10 - https:\/\/yoast.com\/wordpress\/plugins\/seo\/ -->\n<title>Production - GIGACER S.p.A.<\/title>\n<meta name=\"robots\" content=\"index, follow, max-snippet:-1, max-image-preview:large, max-video-preview:-1\" \/>\n<link rel=\"canonical\" href=\"https:\/\/www.gigacer.it\/fr\/production\/\" \/>\n<meta property=\"og:locale\" content=\"fr_FR\" \/>\n<meta property=\"og:type\" content=\"article\" \/>\n<meta property=\"og:title\" content=\"Production - GIGACER S.p.A.\" \/>\n<meta property=\"og:description\" content=\"Vanguard et \u00e9lasticit\u00e9 L&rsquo;usine a \u00e9t\u00e9 con\u00e7ue en 2006 sp\u00e9cifiquement pour la production de grands formats et utilise la technologie Continua de Sacmi sur deux lignes : une presse de 7200 tonnes et une Continua Plus pour les grandes dalles.La ligne \u00ab\u00a0Continua PH 7200\u00a0\u00bb comprend, avant le pressage, une phase de pr\u00e9compactage \u00ab\u00a0continu\u00a0\u00bb de la [&hellip;]\" \/>\n<meta property=\"og:url\" content=\"https:\/\/www.gigacer.it\/fr\/production\/\" \/>\n<meta property=\"og:site_name\" content=\"GIGACER S.p.A.\" \/>\n<meta property=\"article:modified_time\" content=\"2023-06-28T08:23:50+00:00\" \/>\n<meta property=\"og:image\" content=\"https:\/\/www.gigacer.it\/wp-content\/uploads\/gigacer-produzione.jpg\" \/>\n\t<meta property=\"og:image:width\" content=\"1948\" \/>\n\t<meta property=\"og:image:height\" content=\"1516\" \/>\n\t<meta property=\"og:image:type\" content=\"image\/jpeg\" \/>\n<meta name=\"twitter:card\" content=\"summary_large_image\" \/>\n<meta name=\"twitter:label1\" content=\"Dur\u00e9e de lecture estim\u00e9e\" \/>\n\t<meta name=\"twitter:data1\" content=\"2 minutes\" \/>\n<script type=\"application\/ld+json\" class=\"yoast-schema-graph\">{\"@context\":\"https:\/\/schema.org\",\"@graph\":[{\"@type\":\"WebPage\",\"@id\":\"https:\/\/www.gigacer.it\/fr\/production\/\",\"url\":\"https:\/\/www.gigacer.it\/fr\/production\/\",\"name\":\"Production - GIGACER S.p.A.\",\"isPartOf\":{\"@id\":\"https:\/\/www.gigacer.it\/fr\/#website\"},\"datePublished\":\"2023-06-05T04:34:36+00:00\",\"dateModified\":\"2023-06-28T08:23:50+00:00\",\"breadcrumb\":{\"@id\":\"https:\/\/www.gigacer.it\/fr\/production\/#breadcrumb\"},\"inLanguage\":\"fr-FR\",\"potentialAction\":[{\"@type\":\"ReadAction\",\"target\":[\"https:\/\/www.gigacer.it\/fr\/production\/\"]}]},{\"@type\":\"BreadcrumbList\",\"@id\":\"https:\/\/www.gigacer.it\/fr\/production\/#breadcrumb\",\"itemListElement\":[{\"@type\":\"ListItem\",\"position\":1,\"name\":\"Home\",\"item\":\"https:\/\/www.gigacer.it\/fr\/\"},{\"@type\":\"ListItem\",\"position\":2,\"name\":\"Production\"}]},{\"@type\":\"WebSite\",\"@id\":\"https:\/\/www.gigacer.it\/fr\/#website\",\"url\":\"https:\/\/www.gigacer.it\/fr\/\",\"name\":\"GIGACER S.p.A.\",\"description\":\"Lastre in gres porcellanato Made in Italy\",\"potentialAction\":[{\"@type\":\"SearchAction\",\"target\":{\"@type\":\"EntryPoint\",\"urlTemplate\":\"https:\/\/www.gigacer.it\/fr\/?s={search_term_string}\"},\"query-input\":\"required name=search_term_string\"}],\"inLanguage\":\"fr-FR\"}]}<\/script>\n<!-- \/ Yoast SEO plugin. -->","yoast_head_json":{"title":"Production - GIGACER S.p.A.","robots":{"index":"index","follow":"follow","max-snippet":"max-snippet:-1","max-image-preview":"max-image-preview:large","max-video-preview":"max-video-preview:-1"},"canonical":"https:\/\/www.gigacer.it\/fr\/production\/","og_locale":"fr_FR","og_type":"article","og_title":"Production - GIGACER S.p.A.","og_description":"Vanguard et \u00e9lasticit\u00e9 L&rsquo;usine a \u00e9t\u00e9 con\u00e7ue en 2006 sp\u00e9cifiquement pour la production de grands formats et utilise la technologie Continua de Sacmi sur deux lignes : une presse de 7200 tonnes et une Continua Plus pour les grandes dalles.La ligne \u00ab\u00a0Continua PH 7200\u00a0\u00bb comprend, avant le pressage, une phase de pr\u00e9compactage \u00ab\u00a0continu\u00a0\u00bb de la [&hellip;]","og_url":"https:\/\/www.gigacer.it\/fr\/production\/","og_site_name":"GIGACER S.p.A.","article_modified_time":"2023-06-28T08:23:50+00:00","og_image":[{"width":1948,"height":1516,"url":"https:\/\/www.gigacer.it\/wp-content\/uploads\/gigacer-produzione.jpg","type":"image\/jpeg"}],"twitter_card":"summary_large_image","twitter_misc":{"Dur\u00e9e de lecture estim\u00e9e":"2 minutes"},"schema":{"@context":"https:\/\/schema.org","@graph":[{"@type":"WebPage","@id":"https:\/\/www.gigacer.it\/fr\/production\/","url":"https:\/\/www.gigacer.it\/fr\/production\/","name":"Production - GIGACER S.p.A.","isPartOf":{"@id":"https:\/\/www.gigacer.it\/fr\/#website"},"datePublished":"2023-06-05T04:34:36+00:00","dateModified":"2023-06-28T08:23:50+00:00","breadcrumb":{"@id":"https:\/\/www.gigacer.it\/fr\/production\/#breadcrumb"},"inLanguage":"fr-FR","potentialAction":[{"@type":"ReadAction","target":["https:\/\/www.gigacer.it\/fr\/production\/"]}]},{"@type":"BreadcrumbList","@id":"https:\/\/www.gigacer.it\/fr\/production\/#breadcrumb","itemListElement":[{"@type":"ListItem","position":1,"name":"Home","item":"https:\/\/www.gigacer.it\/fr\/"},{"@type":"ListItem","position":2,"name":"Production"}]},{"@type":"WebSite","@id":"https:\/\/www.gigacer.it\/fr\/#website","url":"https:\/\/www.gigacer.it\/fr\/","name":"GIGACER S.p.A.","description":"Lastre in gres porcellanato Made in Italy","potentialAction":[{"@type":"SearchAction","target":{"@type":"EntryPoint","urlTemplate":"https:\/\/www.gigacer.it\/fr\/?s={search_term_string}"},"query-input":"required name=search_term_string"}],"inLanguage":"fr-FR"}]}},"_links":{"self":[{"href":"https:\/\/www.gigacer.it\/fr\/wp-json\/wp\/v2\/pages\/6229"}],"collection":[{"href":"https:\/\/www.gigacer.it\/fr\/wp-json\/wp\/v2\/pages"}],"about":[{"href":"https:\/\/www.gigacer.it\/fr\/wp-json\/wp\/v2\/types\/page"}],"author":[{"embeddable":true,"href":"https:\/\/www.gigacer.it\/fr\/wp-json\/wp\/v2\/users\/1"}],"replies":[{"embeddable":true,"href":"https:\/\/www.gigacer.it\/fr\/wp-json\/wp\/v2\/comments?post=6229"}],"version-history":[{"count":1,"href":"https:\/\/www.gigacer.it\/fr\/wp-json\/wp\/v2\/pages\/6229\/revisions"}],"predecessor-version":[{"id":6230,"href":"https:\/\/www.gigacer.it\/fr\/wp-json\/wp\/v2\/pages\/6229\/revisions\/6230"}],"wp:featuredmedia":[{"embeddable":true,"href":"https:\/\/www.gigacer.it\/fr\/wp-json\/wp\/v2\/media\/4777"}],"wp:attachment":[{"href":"https:\/\/www.gigacer.it\/fr\/wp-json\/wp\/v2\/media?parent=6229"}],"curies":[{"name":"wp","href":"https:\/\/api.w.org\/{rel}","templated":true}]}}