{"id":8470,"date":"2023-09-22T17:23:22","date_gmt":"2023-09-22T15:23:22","guid":{"rendered":"https:\/\/www.gigacer.it\/gamma\/unkategorisiert\/bamboo\/"},"modified":"2025-09-19T17:03:43","modified_gmt":"2025-09-19T15:03:43","slug":"bamboo","status":"publish","type":"product","link":"https:\/\/www.gigacer.it\/de\/sortiment\/gigacer\/bamboo\/","title":{"rendered":"Bamboo"},"content":{"rendered":"<p>W\u00e4hrend das Material an die Tradition verweist, erinnern die Formen spielerisch an nat\u00fcrliche Bewegungen und die Farben verwickeln die Oberfl\u00e4chen in ein dekoratives Spiel aus gewachsten, seidigen und lackierten Effekten. Mit Bamboo, das zwischen Design und Handwerkskunst entsteht, k\u00f6nnen wir unsere Made in Faenza-Seele unterstreichen Um unsere kulturellen und territorialen Wurzeln in Erinnerung zu rufen, haben wir bei Gigacer beschlossen, eine handgefertigte Kollektion vorzuschlagen, die die Keramik von Faenza widerspiegelt, eine Serie aus der Wiege der Keramik weltweit. Die Keramik ist zeitlos und kann in all seinen Entwicklungen zeitgem\u00e4\u00df interpretiert werden und l\u00e4sst sich leicht mit den Stilen von Wohnungen und \u00f6ffentlichen R\u00e4umen kombinieren. Aus diesem Grund dachten wir, dass der minimale und neutrale Stil des Feinsteinzeugs von Gigacer gut mit einem handgefertigten und raffinierten keramischen Produkt wie der glasierten Terrakotta Bamboo kombiniert werden kann. Die Kollektion glasierter, dreidimensionaler Terrakottafliesen im Format 15&#215;15 cm wird in 20 Farben angeboten. Zarte T\u00f6ne wechseln sich mit intensiveren ab. Vier verschiedene Feinbearbeitungen: LACCATO, SILK, CERATO und CRAQUEL\u00e8. Eine breite Palette f\u00fcr unterschiedliche Designanforderungen. Monochromie und Dreidimensionalit\u00e4t in Kombination mit diesen Oberfl\u00e4chen schaffen angenehme Lichtspiele, die den Raum mit Pers\u00f6nlichkeit bereichern. Die St\u00e4rke von 1 cm unterstreicht die skulpturale und dekorative Wirkung und kann mit einem einfachen und eleganten Profil versehen werden, das in allen Farben der Palette erh\u00e4ltlich ist. Bamboo ist ideal f\u00fcr Wandverkleidungen und M\u00f6bel.<\/p>\n","protected":false},"excerpt":{"rendered":"<p>W\u00e4hrend das Material an die Tradition verweist, erinnern die Formen spielerisch an nat\u00fcrliche Bewegungen und die Farben verwickeln die Oberfl\u00e4chen in ein dekoratives Spiel aus gewachsten, seidigen und lackierten Effekten. Mit Bamboo, das zwischen Design und Handwerkskunst entsteht, k\u00f6nnen wir unsere Made in Faenza-Seele unterstreichen Um unsere kulturellen und territorialen Wurzeln in Erinnerung zu rufen, [&hellip;]<\/p>\n","protected":false},"featured_media":8442,"template":"","meta":{"_relevanssi_hide_post":"","_relevanssi_hide_content":"","_relevanssi_pin_for_all":"","_relevanssi_pin_keywords":"","_relevanssi_unpin_keywords":"","_relevanssi_related_keywords":"","_relevanssi_related_include_ids":"","_relevanssi_related_exclude_ids":"","_relevanssi_related_no_append":"","_relevanssi_related_not_related":"","_relevanssi_related_posts":"","_relevanssi_noindex_reason":""},"product_cat":[211],"product_tag":[],"acf":[],"yoast_head":"<!-- This site is optimized with the Yoast SEO plugin v20.10 - https:\/\/yoast.com\/wordpress\/plugins\/seo\/ -->\n<title>Bamboo - GIGACER S.p.A.<\/title>\n<meta name=\"robots\" content=\"index, follow, max-snippet:-1, max-image-preview:large, max-video-preview:-1\" \/>\n<link rel=\"canonical\" href=\"https:\/\/www.gigacer.it\/de\/sortiment\/gigacer\/bamboo\/\" \/>\n<meta property=\"og:locale\" content=\"de_DE\" \/>\n<meta property=\"og:type\" content=\"article\" \/>\n<meta property=\"og:title\" content=\"Bamboo - GIGACER S.p.A.\" \/>\n<meta property=\"og:description\" content=\"W\u00e4hrend das Material an die Tradition verweist, erinnern die Formen spielerisch an nat\u00fcrliche Bewegungen und die Farben verwickeln die Oberfl\u00e4chen in ein dekoratives Spiel aus gewachsten, seidigen und lackierten Effekten. Mit Bamboo, das zwischen Design und Handwerkskunst entsteht, k\u00f6nnen wir unsere Made in Faenza-Seele unterstreichen Um unsere kulturellen und territorialen Wurzeln in Erinnerung zu rufen, [&hellip;]\" \/>\n<meta property=\"og:url\" content=\"https:\/\/www.gigacer.it\/de\/sortiment\/gigacer\/bamboo\/\" \/>\n<meta property=\"og:site_name\" content=\"GIGACER S.p.A.\" \/>\n<meta property=\"article:modified_time\" content=\"2025-09-19T15:03:43+00:00\" \/>\n<meta property=\"og:image\" content=\"https:\/\/www.gigacer.it\/wp-content\/uploads\/Bamboo-Copertina.jpg\" \/>\n\t<meta property=\"og:image:width\" content=\"1869\" \/>\n\t<meta property=\"og:image:height\" content=\"1920\" \/>\n\t<meta property=\"og:image:type\" content=\"image\/jpeg\" \/>\n<meta name=\"twitter:card\" content=\"summary_large_image\" \/>\n<meta name=\"twitter:label1\" content=\"Gesch\u00e4tzte Lesezeit\" \/>\n\t<meta name=\"twitter:data1\" content=\"2 Minuten\" \/>\n<script type=\"application\/ld+json\" class=\"yoast-schema-graph\">{\"@context\":\"https:\/\/schema.org\",\"@graph\":[{\"@type\":\"WebPage\",\"@id\":\"https:\/\/www.gigacer.it\/de\/sortiment\/gigacer\/bamboo\/\",\"url\":\"https:\/\/www.gigacer.it\/de\/sortiment\/gigacer\/bamboo\/\",\"name\":\"Bamboo - GIGACER S.p.A.\",\"isPartOf\":{\"@id\":\"https:\/\/www.gigacer.it\/de\/#website\"},\"datePublished\":\"2023-09-22T15:23:22+00:00\",\"dateModified\":\"2025-09-19T15:03:43+00:00\",\"breadcrumb\":{\"@id\":\"https:\/\/www.gigacer.it\/de\/sortiment\/gigacer\/bamboo\/#breadcrumb\"},\"inLanguage\":\"de-DE\",\"potentialAction\":[{\"@type\":\"ReadAction\",\"target\":[\"https:\/\/www.gigacer.it\/de\/sortiment\/gigacer\/bamboo\/\"]}]},{\"@type\":\"BreadcrumbList\",\"@id\":\"https:\/\/www.gigacer.it\/de\/sortiment\/gigacer\/bamboo\/#breadcrumb\",\"itemListElement\":[{\"@type\":\"ListItem\",\"position\":1,\"name\":\"Home\",\"item\":\"https:\/\/www.gigacer.it\/de\/\"},{\"@type\":\"ListItem\",\"position\":2,\"name\":\"Sortiment\",\"item\":\"https:\/\/www.gigacer.it\/gamma-completa\/\"},{\"@type\":\"ListItem\",\"position\":3,\"name\":\"Bamboo\"}]},{\"@type\":\"WebSite\",\"@id\":\"https:\/\/www.gigacer.it\/de\/#website\",\"url\":\"https:\/\/www.gigacer.it\/de\/\",\"name\":\"GIGACER S.p.A.\",\"description\":\"Lastre in gres porcellanato Made in Italy\",\"potentialAction\":[{\"@type\":\"SearchAction\",\"target\":{\"@type\":\"EntryPoint\",\"urlTemplate\":\"https:\/\/www.gigacer.it\/de\/?s={search_term_string}\"},\"query-input\":\"required name=search_term_string\"}],\"inLanguage\":\"de-DE\"}]}<\/script>\n<!-- \/ Yoast SEO plugin. -->","yoast_head_json":{"title":"Bamboo - GIGACER S.p.A.","robots":{"index":"index","follow":"follow","max-snippet":"max-snippet:-1","max-image-preview":"max-image-preview:large","max-video-preview":"max-video-preview:-1"},"canonical":"https:\/\/www.gigacer.it\/de\/sortiment\/gigacer\/bamboo\/","og_locale":"de_DE","og_type":"article","og_title":"Bamboo - GIGACER S.p.A.","og_description":"W\u00e4hrend das Material an die Tradition verweist, erinnern die Formen spielerisch an nat\u00fcrliche Bewegungen und die Farben verwickeln die Oberfl\u00e4chen in ein dekoratives Spiel aus gewachsten, seidigen und lackierten Effekten. Mit Bamboo, das zwischen Design und Handwerkskunst entsteht, k\u00f6nnen wir unsere Made in Faenza-Seele unterstreichen Um unsere kulturellen und territorialen Wurzeln in Erinnerung zu rufen, [&hellip;]","og_url":"https:\/\/www.gigacer.it\/de\/sortiment\/gigacer\/bamboo\/","og_site_name":"GIGACER S.p.A.","article_modified_time":"2025-09-19T15:03:43+00:00","og_image":[{"width":1869,"height":1920,"url":"https:\/\/www.gigacer.it\/wp-content\/uploads\/Bamboo-Copertina.jpg","type":"image\/jpeg"}],"twitter_card":"summary_large_image","twitter_misc":{"Gesch\u00e4tzte Lesezeit":"2 Minuten"},"schema":{"@context":"https:\/\/schema.org","@graph":[{"@type":"WebPage","@id":"https:\/\/www.gigacer.it\/de\/sortiment\/gigacer\/bamboo\/","url":"https:\/\/www.gigacer.it\/de\/sortiment\/gigacer\/bamboo\/","name":"Bamboo - GIGACER S.p.A.","isPartOf":{"@id":"https:\/\/www.gigacer.it\/de\/#website"},"datePublished":"2023-09-22T15:23:22+00:00","dateModified":"2025-09-19T15:03:43+00:00","breadcrumb":{"@id":"https:\/\/www.gigacer.it\/de\/sortiment\/gigacer\/bamboo\/#breadcrumb"},"inLanguage":"de-DE","potentialAction":[{"@type":"ReadAction","target":["https:\/\/www.gigacer.it\/de\/sortiment\/gigacer\/bamboo\/"]}]},{"@type":"BreadcrumbList","@id":"https:\/\/www.gigacer.it\/de\/sortiment\/gigacer\/bamboo\/#breadcrumb","itemListElement":[{"@type":"ListItem","position":1,"name":"Home","item":"https:\/\/www.gigacer.it\/de\/"},{"@type":"ListItem","position":2,"name":"Sortiment","item":"https:\/\/www.gigacer.it\/gamma-completa\/"},{"@type":"ListItem","position":3,"name":"Bamboo"}]},{"@type":"WebSite","@id":"https:\/\/www.gigacer.it\/de\/#website","url":"https:\/\/www.gigacer.it\/de\/","name":"GIGACER S.p.A.","description":"Lastre in gres porcellanato Made in Italy","potentialAction":[{"@type":"SearchAction","target":{"@type":"EntryPoint","urlTemplate":"https:\/\/www.gigacer.it\/de\/?s={search_term_string}"},"query-input":"required name=search_term_string"}],"inLanguage":"de-DE"}]}},"_links":{"self":[{"href":"https:\/\/www.gigacer.it\/de\/wp-json\/wp\/v2\/product\/8470"}],"collection":[{"href":"https:\/\/www.gigacer.it\/de\/wp-json\/wp\/v2\/product"}],"about":[{"href":"https:\/\/www.gigacer.it\/de\/wp-json\/wp\/v2\/types\/product"}],"version-history":[{"count":9,"href":"https:\/\/www.gigacer.it\/de\/wp-json\/wp\/v2\/product\/8470\/revisions"}],"predecessor-version":[{"id":10892,"href":"https:\/\/www.gigacer.it\/de\/wp-json\/wp\/v2\/product\/8470\/revisions\/10892"}],"wp:featuredmedia":[{"embeddable":true,"href":"https:\/\/www.gigacer.it\/de\/wp-json\/wp\/v2\/media\/8442"}],"wp:attachment":[{"href":"https:\/\/www.gigacer.it\/de\/wp-json\/wp\/v2\/media?parent=8470"}],"wp:term":[{"taxonomy":"product_cat","embeddable":true,"href":"https:\/\/www.gigacer.it\/de\/wp-json\/wp\/v2\/product_cat?post=8470"},{"taxonomy":"product_tag","embeddable":true,"href":"https:\/\/www.gigacer.it\/de\/wp-json\/wp\/v2\/product_tag?post=8470"}],"curies":[{"name":"wp","href":"https:\/\/api.w.org\/{rel}","templated":true}]}}