{"id":6333,"date":"2023-03-13T08:44:23","date_gmt":"2023-03-13T07:44:23","guid":{"rendered":"http:\/\/www.gigacer.it\/gamma\/unkategorisiert\/light\/"},"modified":"2025-05-05T09:40:00","modified_gmt":"2025-05-05T07:40:00","slug":"light","status":"publish","type":"product","link":"https:\/\/www.gigacer.it\/de\/sortiment\/gigacer\/light\/","title":{"rendered":"Light"},"content":{"rendered":"<p>Ein innovatives System aus Feinsteinzeug, das mit Licht und Materie spielt: Light. Es ist das Licht, das die Materialstruktur der f\u00fcnf Oberfl\u00e4chen hervorhebt und ihre ausdrucksstarke plastische Vielfalt verst\u00e4rkt. Das Light entsteht daher aus den Reflexionen des streifenden Lichts auf dem Material selbst, und das Spiel der verschiedenen Strukturen gibt der Substanz Form<\/p>\n","protected":false},"excerpt":{"rendered":"<p>Ein innovatives System aus Feinsteinzeug, das mit Licht und Materie spielt: Light. Es ist das Licht, das die Materialstruktur der f\u00fcnf Oberfl\u00e4chen hervorhebt und ihre ausdrucksstarke plastische Vielfalt verst\u00e4rkt. Das Light entsteht daher aus den Reflexionen des streifenden Lichts auf dem Material selbst, und das Spiel der verschiedenen Strukturen gibt der Substanz Form<\/p>\n","protected":false},"featured_media":4420,"template":"","meta":{"_relevanssi_hide_post":"","_relevanssi_hide_content":"","_relevanssi_pin_for_all":"","_relevanssi_pin_keywords":"","_relevanssi_unpin_keywords":"","_relevanssi_related_keywords":"","_relevanssi_related_include_ids":"","_relevanssi_related_exclude_ids":"","_relevanssi_related_no_append":"","_relevanssi_related_not_related":"","_relevanssi_related_posts":"","_relevanssi_noindex_reason":""},"product_cat":[211],"product_tag":[],"acf":[],"yoast_head":"<!-- This site is optimized with the Yoast SEO plugin v20.10 - https:\/\/yoast.com\/wordpress\/plugins\/seo\/ -->\n<title>Light - GIGACER S.p.A.<\/title>\n<meta name=\"robots\" content=\"index, follow, max-snippet:-1, max-image-preview:large, max-video-preview:-1\" \/>\n<link rel=\"canonical\" href=\"https:\/\/www.gigacer.it\/de\/sortiment\/gigacer\/light\/\" \/>\n<meta property=\"og:locale\" content=\"de_DE\" \/>\n<meta property=\"og:type\" content=\"article\" \/>\n<meta property=\"og:title\" content=\"Light - GIGACER S.p.A.\" \/>\n<meta property=\"og:description\" content=\"Ein innovatives System aus Feinsteinzeug, das mit Licht und Materie spielt: Light. Es ist das Licht, das die Materialstruktur der f\u00fcnf Oberfl\u00e4chen hervorhebt und ihre ausdrucksstarke plastische Vielfalt verst\u00e4rkt. Das Light entsteht daher aus den Reflexionen des streifenden Lichts auf dem Material selbst, und das Spiel der verschiedenen Strukturen gibt der Substanz Form\" \/>\n<meta property=\"og:url\" content=\"https:\/\/www.gigacer.it\/de\/sortiment\/gigacer\/light\/\" \/>\n<meta property=\"og:site_name\" content=\"GIGACER S.p.A.\" \/>\n<meta property=\"article:modified_time\" content=\"2025-05-05T07:40:00+00:00\" \/>\n<meta property=\"og:image\" content=\"https:\/\/www.gigacer.it\/wp-content\/uploads\/Light-Gigacer-4.jpeg\" \/>\n\t<meta property=\"og:image:width\" content=\"1000\" \/>\n\t<meta property=\"og:image:height\" content=\"1500\" \/>\n\t<meta property=\"og:image:type\" content=\"image\/jpeg\" \/>\n<meta name=\"twitter:card\" content=\"summary_large_image\" \/>\n<meta name=\"twitter:label1\" content=\"Gesch\u00e4tzte Lesezeit\" \/>\n\t<meta name=\"twitter:data1\" content=\"1 Minute\" \/>\n<script type=\"application\/ld+json\" class=\"yoast-schema-graph\">{\"@context\":\"https:\/\/schema.org\",\"@graph\":[{\"@type\":\"WebPage\",\"@id\":\"https:\/\/www.gigacer.it\/de\/sortiment\/gigacer\/light\/\",\"url\":\"https:\/\/www.gigacer.it\/de\/sortiment\/gigacer\/light\/\",\"name\":\"Light - GIGACER S.p.A.\",\"isPartOf\":{\"@id\":\"https:\/\/www.gigacer.it\/de\/#website\"},\"datePublished\":\"2023-03-13T07:44:23+00:00\",\"dateModified\":\"2025-05-05T07:40:00+00:00\",\"breadcrumb\":{\"@id\":\"https:\/\/www.gigacer.it\/de\/sortiment\/gigacer\/light\/#breadcrumb\"},\"inLanguage\":\"de-DE\",\"potentialAction\":[{\"@type\":\"ReadAction\",\"target\":[\"https:\/\/www.gigacer.it\/de\/sortiment\/gigacer\/light\/\"]}]},{\"@type\":\"BreadcrumbList\",\"@id\":\"https:\/\/www.gigacer.it\/de\/sortiment\/gigacer\/light\/#breadcrumb\",\"itemListElement\":[{\"@type\":\"ListItem\",\"position\":1,\"name\":\"Home\",\"item\":\"https:\/\/www.gigacer.it\/de\/\"},{\"@type\":\"ListItem\",\"position\":2,\"name\":\"Sortiment\",\"item\":\"https:\/\/www.gigacer.it\/gamma-completa\/\"},{\"@type\":\"ListItem\",\"position\":3,\"name\":\"Light\"}]},{\"@type\":\"WebSite\",\"@id\":\"https:\/\/www.gigacer.it\/de\/#website\",\"url\":\"https:\/\/www.gigacer.it\/de\/\",\"name\":\"GIGACER S.p.A.\",\"description\":\"Lastre in gres porcellanato Made in Italy\",\"potentialAction\":[{\"@type\":\"SearchAction\",\"target\":{\"@type\":\"EntryPoint\",\"urlTemplate\":\"https:\/\/www.gigacer.it\/de\/?s={search_term_string}\"},\"query-input\":\"required name=search_term_string\"}],\"inLanguage\":\"de-DE\"}]}<\/script>\n<!-- \/ Yoast SEO plugin. -->","yoast_head_json":{"title":"Light - GIGACER S.p.A.","robots":{"index":"index","follow":"follow","max-snippet":"max-snippet:-1","max-image-preview":"max-image-preview:large","max-video-preview":"max-video-preview:-1"},"canonical":"https:\/\/www.gigacer.it\/de\/sortiment\/gigacer\/light\/","og_locale":"de_DE","og_type":"article","og_title":"Light - GIGACER S.p.A.","og_description":"Ein innovatives System aus Feinsteinzeug, das mit Licht und Materie spielt: Light. Es ist das Licht, das die Materialstruktur der f\u00fcnf Oberfl\u00e4chen hervorhebt und ihre ausdrucksstarke plastische Vielfalt verst\u00e4rkt. Das Light entsteht daher aus den Reflexionen des streifenden Lichts auf dem Material selbst, und das Spiel der verschiedenen Strukturen gibt der Substanz Form","og_url":"https:\/\/www.gigacer.it\/de\/sortiment\/gigacer\/light\/","og_site_name":"GIGACER S.p.A.","article_modified_time":"2025-05-05T07:40:00+00:00","og_image":[{"width":1000,"height":1500,"url":"https:\/\/www.gigacer.it\/wp-content\/uploads\/Light-Gigacer-4.jpeg","type":"image\/jpeg"}],"twitter_card":"summary_large_image","twitter_misc":{"Gesch\u00e4tzte Lesezeit":"1 Minute"},"schema":{"@context":"https:\/\/schema.org","@graph":[{"@type":"WebPage","@id":"https:\/\/www.gigacer.it\/de\/sortiment\/gigacer\/light\/","url":"https:\/\/www.gigacer.it\/de\/sortiment\/gigacer\/light\/","name":"Light - GIGACER S.p.A.","isPartOf":{"@id":"https:\/\/www.gigacer.it\/de\/#website"},"datePublished":"2023-03-13T07:44:23+00:00","dateModified":"2025-05-05T07:40:00+00:00","breadcrumb":{"@id":"https:\/\/www.gigacer.it\/de\/sortiment\/gigacer\/light\/#breadcrumb"},"inLanguage":"de-DE","potentialAction":[{"@type":"ReadAction","target":["https:\/\/www.gigacer.it\/de\/sortiment\/gigacer\/light\/"]}]},{"@type":"BreadcrumbList","@id":"https:\/\/www.gigacer.it\/de\/sortiment\/gigacer\/light\/#breadcrumb","itemListElement":[{"@type":"ListItem","position":1,"name":"Home","item":"https:\/\/www.gigacer.it\/de\/"},{"@type":"ListItem","position":2,"name":"Sortiment","item":"https:\/\/www.gigacer.it\/gamma-completa\/"},{"@type":"ListItem","position":3,"name":"Light"}]},{"@type":"WebSite","@id":"https:\/\/www.gigacer.it\/de\/#website","url":"https:\/\/www.gigacer.it\/de\/","name":"GIGACER S.p.A.","description":"Lastre in gres porcellanato Made in Italy","potentialAction":[{"@type":"SearchAction","target":{"@type":"EntryPoint","urlTemplate":"https:\/\/www.gigacer.it\/de\/?s={search_term_string}"},"query-input":"required name=search_term_string"}],"inLanguage":"de-DE"}]}},"_links":{"self":[{"href":"https:\/\/www.gigacer.it\/de\/wp-json\/wp\/v2\/product\/6333"}],"collection":[{"href":"https:\/\/www.gigacer.it\/de\/wp-json\/wp\/v2\/product"}],"about":[{"href":"https:\/\/www.gigacer.it\/de\/wp-json\/wp\/v2\/types\/product"}],"version-history":[{"count":5,"href":"https:\/\/www.gigacer.it\/de\/wp-json\/wp\/v2\/product\/6333\/revisions"}],"predecessor-version":[{"id":10340,"href":"https:\/\/www.gigacer.it\/de\/wp-json\/wp\/v2\/product\/6333\/revisions\/10340"}],"wp:featuredmedia":[{"embeddable":true,"href":"https:\/\/www.gigacer.it\/de\/wp-json\/wp\/v2\/media\/4420"}],"wp:attachment":[{"href":"https:\/\/www.gigacer.it\/de\/wp-json\/wp\/v2\/media?parent=6333"}],"wp:term":[{"taxonomy":"product_cat","embeddable":true,"href":"https:\/\/www.gigacer.it\/de\/wp-json\/wp\/v2\/product_cat?post=6333"},{"taxonomy":"product_tag","embeddable":true,"href":"https:\/\/www.gigacer.it\/de\/wp-json\/wp\/v2\/product_tag?post=6333"}],"curies":[{"name":"wp","href":"https:\/\/api.w.org\/{rel}","templated":true}]}}