{"id":10884,"date":"2025-09-16T14:57:11","date_gmt":"2025-09-16T12:57:11","guid":{"rendered":"https:\/\/www.gigacer.it\/?post_type=product&#038;p=10884"},"modified":"2025-12-10T17:13:14","modified_gmt":"2025-12-10T16:13:14","slug":"habitat-g","status":"publish","type":"product","link":"https:\/\/www.gigacer.it\/de\/sortiment\/gigacer\/habitat-g\/","title":{"rendered":"Habitat G"},"content":{"rendered":"<p>Habitat G verbindet die Eleganz von Beton mit der Funktionalit\u00e4t von 6 mm starkem Feinsteinzeug. Die Serie zeichnet sich durch ihren zeitgem\u00e4\u00dfen Look aus, der an die Sch\u00f6nheit und Authentizit\u00e4t von Industriebeton erinnert. Die verf\u00fcgbaren Farbt\u00f6ne erinnern an typische Elemente der industriellen Umgebung, die wesentliche und puristische Elemente des Minimalismus integrieren. Das charakteristische Detail der Kollektion ist das Ton-in-Ton-Muster Macram\u00e8, das einen Hauch von Raffinesse und visueller Spannung verleiht, ohne die Schlichtheit des Designs zu beeintr\u00e4chtigen.<\/p>\n","protected":false},"excerpt":{"rendered":"<p>Habitat G verbindet die Eleganz von Beton mit der Funktionalit\u00e4t von 6 mm starkem Feinsteinzeug. Die Serie zeichnet sich durch ihren zeitgem\u00e4\u00dfen Look aus, der an die Sch\u00f6nheit und Authentizit\u00e4t von Industriebeton erinnert. Die verf\u00fcgbaren Farbt\u00f6ne erinnern an typische Elemente der industriellen Umgebung, die wesentliche und puristische Elemente des Minimalismus integrieren. Das charakteristische Detail der [&hellip;]<\/p>\n","protected":false},"featured_media":10866,"template":"","meta":{"_relevanssi_hide_post":"","_relevanssi_hide_content":"","_relevanssi_pin_for_all":"","_relevanssi_pin_keywords":"","_relevanssi_unpin_keywords":"","_relevanssi_related_keywords":"","_relevanssi_related_include_ids":"","_relevanssi_related_exclude_ids":"","_relevanssi_related_no_append":"","_relevanssi_related_not_related":"","_relevanssi_related_posts":"","_relevanssi_noindex_reason":""},"product_cat":[211],"product_tag":[],"acf":[],"yoast_head":"<!-- This site is optimized with the Yoast SEO plugin v20.10 - https:\/\/yoast.com\/wordpress\/plugins\/seo\/ -->\n<title>Habitat G - GIGACER S.p.A.<\/title>\n<meta name=\"robots\" content=\"index, follow, max-snippet:-1, max-image-preview:large, max-video-preview:-1\" \/>\n<link rel=\"canonical\" href=\"https:\/\/www.gigacer.it\/de\/sortiment\/gigacer\/habitat-g\/\" \/>\n<meta property=\"og:locale\" content=\"de_DE\" \/>\n<meta property=\"og:type\" content=\"article\" \/>\n<meta property=\"og:title\" content=\"Habitat G - GIGACER S.p.A.\" \/>\n<meta property=\"og:description\" content=\"Habitat G verbindet die Eleganz von Beton mit der Funktionalit\u00e4t von 6 mm starkem Feinsteinzeug. Die Serie zeichnet sich durch ihren zeitgem\u00e4\u00dfen Look aus, der an die Sch\u00f6nheit und Authentizit\u00e4t von Industriebeton erinnert. Die verf\u00fcgbaren Farbt\u00f6ne erinnern an typische Elemente der industriellen Umgebung, die wesentliche und puristische Elemente des Minimalismus integrieren. Das charakteristische Detail der [&hellip;]\" \/>\n<meta property=\"og:url\" content=\"https:\/\/www.gigacer.it\/de\/sortiment\/gigacer\/habitat-g\/\" \/>\n<meta property=\"og:site_name\" content=\"GIGACER S.p.A.\" \/>\n<meta property=\"article:modified_time\" content=\"2025-12-10T16:13:14+00:00\" \/>\n<meta property=\"og:image\" content=\"https:\/\/www.gigacer.it\/wp-content\/uploads\/Habitat-G-01.webp\" \/>\n\t<meta property=\"og:image:width\" content=\"1600\" \/>\n\t<meta property=\"og:image:height\" content=\"2400\" \/>\n\t<meta property=\"og:image:type\" content=\"image\/webp\" \/>\n<meta name=\"twitter:card\" content=\"summary_large_image\" \/>\n<meta name=\"twitter:label1\" content=\"Gesch\u00e4tzte Lesezeit\" \/>\n\t<meta name=\"twitter:data1\" content=\"1 Minute\" \/>\n<script type=\"application\/ld+json\" class=\"yoast-schema-graph\">{\"@context\":\"https:\/\/schema.org\",\"@graph\":[{\"@type\":\"WebPage\",\"@id\":\"https:\/\/www.gigacer.it\/de\/sortiment\/gigacer\/habitat-g\/\",\"url\":\"https:\/\/www.gigacer.it\/de\/sortiment\/gigacer\/habitat-g\/\",\"name\":\"Habitat G - GIGACER S.p.A.\",\"isPartOf\":{\"@id\":\"https:\/\/www.gigacer.it\/de\/#website\"},\"datePublished\":\"2025-09-16T12:57:11+00:00\",\"dateModified\":\"2025-12-10T16:13:14+00:00\",\"breadcrumb\":{\"@id\":\"https:\/\/www.gigacer.it\/de\/sortiment\/gigacer\/habitat-g\/#breadcrumb\"},\"inLanguage\":\"de-DE\",\"potentialAction\":[{\"@type\":\"ReadAction\",\"target\":[\"https:\/\/www.gigacer.it\/de\/sortiment\/gigacer\/habitat-g\/\"]}]},{\"@type\":\"BreadcrumbList\",\"@id\":\"https:\/\/www.gigacer.it\/de\/sortiment\/gigacer\/habitat-g\/#breadcrumb\",\"itemListElement\":[{\"@type\":\"ListItem\",\"position\":1,\"name\":\"Home\",\"item\":\"https:\/\/www.gigacer.it\/de\/\"},{\"@type\":\"ListItem\",\"position\":2,\"name\":\"Sortiment\",\"item\":\"https:\/\/www.gigacer.it\/gamma-completa\/\"},{\"@type\":\"ListItem\",\"position\":3,\"name\":\"Habitat G\"}]},{\"@type\":\"WebSite\",\"@id\":\"https:\/\/www.gigacer.it\/de\/#website\",\"url\":\"https:\/\/www.gigacer.it\/de\/\",\"name\":\"GIGACER S.p.A.\",\"description\":\"Lastre in gres porcellanato Made in Italy\",\"potentialAction\":[{\"@type\":\"SearchAction\",\"target\":{\"@type\":\"EntryPoint\",\"urlTemplate\":\"https:\/\/www.gigacer.it\/de\/?s={search_term_string}\"},\"query-input\":\"required name=search_term_string\"}],\"inLanguage\":\"de-DE\"}]}<\/script>\n<!-- \/ Yoast SEO plugin. -->","yoast_head_json":{"title":"Habitat G - GIGACER S.p.A.","robots":{"index":"index","follow":"follow","max-snippet":"max-snippet:-1","max-image-preview":"max-image-preview:large","max-video-preview":"max-video-preview:-1"},"canonical":"https:\/\/www.gigacer.it\/de\/sortiment\/gigacer\/habitat-g\/","og_locale":"de_DE","og_type":"article","og_title":"Habitat G - GIGACER S.p.A.","og_description":"Habitat G verbindet die Eleganz von Beton mit der Funktionalit\u00e4t von 6 mm starkem Feinsteinzeug. Die Serie zeichnet sich durch ihren zeitgem\u00e4\u00dfen Look aus, der an die Sch\u00f6nheit und Authentizit\u00e4t von Industriebeton erinnert. Die verf\u00fcgbaren Farbt\u00f6ne erinnern an typische Elemente der industriellen Umgebung, die wesentliche und puristische Elemente des Minimalismus integrieren. Das charakteristische Detail der [&hellip;]","og_url":"https:\/\/www.gigacer.it\/de\/sortiment\/gigacer\/habitat-g\/","og_site_name":"GIGACER S.p.A.","article_modified_time":"2025-12-10T16:13:14+00:00","og_image":[{"width":1600,"height":2400,"url":"https:\/\/www.gigacer.it\/wp-content\/uploads\/Habitat-G-01.webp","type":"image\/webp"}],"twitter_card":"summary_large_image","twitter_misc":{"Gesch\u00e4tzte Lesezeit":"1 Minute"},"schema":{"@context":"https:\/\/schema.org","@graph":[{"@type":"WebPage","@id":"https:\/\/www.gigacer.it\/de\/sortiment\/gigacer\/habitat-g\/","url":"https:\/\/www.gigacer.it\/de\/sortiment\/gigacer\/habitat-g\/","name":"Habitat G - GIGACER S.p.A.","isPartOf":{"@id":"https:\/\/www.gigacer.it\/de\/#website"},"datePublished":"2025-09-16T12:57:11+00:00","dateModified":"2025-12-10T16:13:14+00:00","breadcrumb":{"@id":"https:\/\/www.gigacer.it\/de\/sortiment\/gigacer\/habitat-g\/#breadcrumb"},"inLanguage":"de-DE","potentialAction":[{"@type":"ReadAction","target":["https:\/\/www.gigacer.it\/de\/sortiment\/gigacer\/habitat-g\/"]}]},{"@type":"BreadcrumbList","@id":"https:\/\/www.gigacer.it\/de\/sortiment\/gigacer\/habitat-g\/#breadcrumb","itemListElement":[{"@type":"ListItem","position":1,"name":"Home","item":"https:\/\/www.gigacer.it\/de\/"},{"@type":"ListItem","position":2,"name":"Sortiment","item":"https:\/\/www.gigacer.it\/gamma-completa\/"},{"@type":"ListItem","position":3,"name":"Habitat G"}]},{"@type":"WebSite","@id":"https:\/\/www.gigacer.it\/de\/#website","url":"https:\/\/www.gigacer.it\/de\/","name":"GIGACER S.p.A.","description":"Lastre in gres porcellanato Made in Italy","potentialAction":[{"@type":"SearchAction","target":{"@type":"EntryPoint","urlTemplate":"https:\/\/www.gigacer.it\/de\/?s={search_term_string}"},"query-input":"required name=search_term_string"}],"inLanguage":"de-DE"}]}},"_links":{"self":[{"href":"https:\/\/www.gigacer.it\/de\/wp-json\/wp\/v2\/product\/10884"}],"collection":[{"href":"https:\/\/www.gigacer.it\/de\/wp-json\/wp\/v2\/product"}],"about":[{"href":"https:\/\/www.gigacer.it\/de\/wp-json\/wp\/v2\/types\/product"}],"version-history":[{"count":2,"href":"https:\/\/www.gigacer.it\/de\/wp-json\/wp\/v2\/product\/10884\/revisions"}],"predecessor-version":[{"id":11033,"href":"https:\/\/www.gigacer.it\/de\/wp-json\/wp\/v2\/product\/10884\/revisions\/11033"}],"wp:featuredmedia":[{"embeddable":true,"href":"https:\/\/www.gigacer.it\/de\/wp-json\/wp\/v2\/media\/10866"}],"wp:attachment":[{"href":"https:\/\/www.gigacer.it\/de\/wp-json\/wp\/v2\/media?parent=10884"}],"wp:term":[{"taxonomy":"product_cat","embeddable":true,"href":"https:\/\/www.gigacer.it\/de\/wp-json\/wp\/v2\/product_cat?post=10884"},{"taxonomy":"product_tag","embeddable":true,"href":"https:\/\/www.gigacer.it\/de\/wp-json\/wp\/v2\/product_tag?post=10884"}],"curies":[{"name":"wp","href":"https:\/\/api.w.org\/{rel}","templated":true}]}}