{"id":10801,"date":"2025-09-15T09:53:37","date_gmt":"2025-09-15T07:53:37","guid":{"rendered":"https:\/\/www.gigacer.it\/gamma\/unkategorisiert\/dune\/"},"modified":"2025-09-22T10:35:47","modified_gmt":"2025-09-22T08:35:47","slug":"dune","status":"publish","type":"product","link":"https:\/\/www.gigacer.it\/de\/sortiment\/gigacer\/dune\/","title":{"rendered":"Dune"},"content":{"rendered":"<p>Gem\u00e4\u00df der Philosophie Only clays, no glaze verwenden wir ausschlie\u00dflich nat\u00fcrliche Tone, um die Ablagerung der farbigen Erden zu lenken \u2013 so wie der Wind mit dem Sand: er bewegt sie, \u00fcberlagert sie und verwandelt sie in Dune. Dune erinnert an die geschwungenen Formen, die durch den Sand entstehen, mit immer neuen Kurven und K\u00e4mmen dank der Technologie, wodurch jedes St\u00fcck einzigartig wird. Es ist eine Landschaft in st\u00e4ndiger Ver\u00e4nderung, geschaffen aus reiner Materie, ohne Glasuren oder k\u00fcnstliche Grafiken. Dune ist eine Einladung, barfu\u00df dem Wind zu folgen und dabei vertraute Str\u00e4nde in Erinnerung zu rufen.<\/p>\n","protected":false},"excerpt":{"rendered":"<p>Gem\u00e4\u00df der Philosophie Only clays, no glaze verwenden wir ausschlie\u00dflich nat\u00fcrliche Tone, um die Ablagerung der farbigen Erden zu lenken \u2013 so wie der Wind mit dem Sand: er bewegt sie, \u00fcberlagert sie und verwandelt sie in Dune. Dune erinnert an die geschwungenen Formen, die durch den Sand entstehen, mit immer neuen Kurven und K\u00e4mmen [&hellip;]<\/p>\n","protected":false},"featured_media":10792,"template":"","meta":{"_relevanssi_hide_post":"","_relevanssi_hide_content":"","_relevanssi_pin_for_all":"","_relevanssi_pin_keywords":"","_relevanssi_unpin_keywords":"","_relevanssi_related_keywords":"","_relevanssi_related_include_ids":"","_relevanssi_related_exclude_ids":"","_relevanssi_related_no_append":"","_relevanssi_related_not_related":"","_relevanssi_related_posts":"","_relevanssi_noindex_reason":""},"product_cat":[211],"product_tag":[],"acf":[],"yoast_head":"<!-- This site is optimized with the Yoast SEO plugin v20.10 - https:\/\/yoast.com\/wordpress\/plugins\/seo\/ -->\n<title>Dune - GIGACER S.p.A.<\/title>\n<meta name=\"robots\" content=\"index, follow, max-snippet:-1, max-image-preview:large, max-video-preview:-1\" \/>\n<link rel=\"canonical\" href=\"https:\/\/www.gigacer.it\/de\/sortiment\/gigacer\/dune\/\" \/>\n<meta property=\"og:locale\" content=\"de_DE\" \/>\n<meta property=\"og:type\" content=\"article\" \/>\n<meta property=\"og:title\" content=\"Dune - GIGACER S.p.A.\" \/>\n<meta property=\"og:description\" content=\"Gem\u00e4\u00df der Philosophie Only clays, no glaze verwenden wir ausschlie\u00dflich nat\u00fcrliche Tone, um die Ablagerung der farbigen Erden zu lenken \u2013 so wie der Wind mit dem Sand: er bewegt sie, \u00fcberlagert sie und verwandelt sie in Dune. Dune erinnert an die geschwungenen Formen, die durch den Sand entstehen, mit immer neuen Kurven und K\u00e4mmen [&hellip;]\" \/>\n<meta property=\"og:url\" content=\"https:\/\/www.gigacer.it\/de\/sortiment\/gigacer\/dune\/\" \/>\n<meta property=\"og:site_name\" content=\"GIGACER S.p.A.\" \/>\n<meta property=\"article:modified_time\" content=\"2025-09-22T08:35:47+00:00\" \/>\n<meta property=\"og:image\" content=\"https:\/\/www.gigacer.it\/wp-content\/uploads\/Dune-04.jpg\" \/>\n\t<meta property=\"og:image:width\" content=\"1600\" \/>\n\t<meta property=\"og:image:height\" content=\"2400\" \/>\n\t<meta property=\"og:image:type\" content=\"image\/jpeg\" \/>\n<meta name=\"twitter:card\" content=\"summary_large_image\" \/>\n<meta name=\"twitter:label1\" content=\"Gesch\u00e4tzte Lesezeit\" \/>\n\t<meta name=\"twitter:data1\" content=\"1 Minute\" \/>\n<script type=\"application\/ld+json\" class=\"yoast-schema-graph\">{\"@context\":\"https:\/\/schema.org\",\"@graph\":[{\"@type\":\"WebPage\",\"@id\":\"https:\/\/www.gigacer.it\/de\/sortiment\/gigacer\/dune\/\",\"url\":\"https:\/\/www.gigacer.it\/de\/sortiment\/gigacer\/dune\/\",\"name\":\"Dune - GIGACER S.p.A.\",\"isPartOf\":{\"@id\":\"https:\/\/www.gigacer.it\/de\/#website\"},\"datePublished\":\"2025-09-15T07:53:37+00:00\",\"dateModified\":\"2025-09-22T08:35:47+00:00\",\"breadcrumb\":{\"@id\":\"https:\/\/www.gigacer.it\/de\/sortiment\/gigacer\/dune\/#breadcrumb\"},\"inLanguage\":\"de-DE\",\"potentialAction\":[{\"@type\":\"ReadAction\",\"target\":[\"https:\/\/www.gigacer.it\/de\/sortiment\/gigacer\/dune\/\"]}]},{\"@type\":\"BreadcrumbList\",\"@id\":\"https:\/\/www.gigacer.it\/de\/sortiment\/gigacer\/dune\/#breadcrumb\",\"itemListElement\":[{\"@type\":\"ListItem\",\"position\":1,\"name\":\"Home\",\"item\":\"https:\/\/www.gigacer.it\/de\/\"},{\"@type\":\"ListItem\",\"position\":2,\"name\":\"Sortiment\",\"item\":\"https:\/\/www.gigacer.it\/gamma-completa\/\"},{\"@type\":\"ListItem\",\"position\":3,\"name\":\"Dune\"}]},{\"@type\":\"WebSite\",\"@id\":\"https:\/\/www.gigacer.it\/de\/#website\",\"url\":\"https:\/\/www.gigacer.it\/de\/\",\"name\":\"GIGACER S.p.A.\",\"description\":\"Lastre in gres porcellanato Made in Italy\",\"potentialAction\":[{\"@type\":\"SearchAction\",\"target\":{\"@type\":\"EntryPoint\",\"urlTemplate\":\"https:\/\/www.gigacer.it\/de\/?s={search_term_string}\"},\"query-input\":\"required name=search_term_string\"}],\"inLanguage\":\"de-DE\"}]}<\/script>\n<!-- \/ Yoast SEO plugin. -->","yoast_head_json":{"title":"Dune - GIGACER S.p.A.","robots":{"index":"index","follow":"follow","max-snippet":"max-snippet:-1","max-image-preview":"max-image-preview:large","max-video-preview":"max-video-preview:-1"},"canonical":"https:\/\/www.gigacer.it\/de\/sortiment\/gigacer\/dune\/","og_locale":"de_DE","og_type":"article","og_title":"Dune - GIGACER S.p.A.","og_description":"Gem\u00e4\u00df der Philosophie Only clays, no glaze verwenden wir ausschlie\u00dflich nat\u00fcrliche Tone, um die Ablagerung der farbigen Erden zu lenken \u2013 so wie der Wind mit dem Sand: er bewegt sie, \u00fcberlagert sie und verwandelt sie in Dune. Dune erinnert an die geschwungenen Formen, die durch den Sand entstehen, mit immer neuen Kurven und K\u00e4mmen [&hellip;]","og_url":"https:\/\/www.gigacer.it\/de\/sortiment\/gigacer\/dune\/","og_site_name":"GIGACER S.p.A.","article_modified_time":"2025-09-22T08:35:47+00:00","og_image":[{"width":1600,"height":2400,"url":"https:\/\/www.gigacer.it\/wp-content\/uploads\/Dune-04.jpg","type":"image\/jpeg"}],"twitter_card":"summary_large_image","twitter_misc":{"Gesch\u00e4tzte Lesezeit":"1 Minute"},"schema":{"@context":"https:\/\/schema.org","@graph":[{"@type":"WebPage","@id":"https:\/\/www.gigacer.it\/de\/sortiment\/gigacer\/dune\/","url":"https:\/\/www.gigacer.it\/de\/sortiment\/gigacer\/dune\/","name":"Dune - GIGACER S.p.A.","isPartOf":{"@id":"https:\/\/www.gigacer.it\/de\/#website"},"datePublished":"2025-09-15T07:53:37+00:00","dateModified":"2025-09-22T08:35:47+00:00","breadcrumb":{"@id":"https:\/\/www.gigacer.it\/de\/sortiment\/gigacer\/dune\/#breadcrumb"},"inLanguage":"de-DE","potentialAction":[{"@type":"ReadAction","target":["https:\/\/www.gigacer.it\/de\/sortiment\/gigacer\/dune\/"]}]},{"@type":"BreadcrumbList","@id":"https:\/\/www.gigacer.it\/de\/sortiment\/gigacer\/dune\/#breadcrumb","itemListElement":[{"@type":"ListItem","position":1,"name":"Home","item":"https:\/\/www.gigacer.it\/de\/"},{"@type":"ListItem","position":2,"name":"Sortiment","item":"https:\/\/www.gigacer.it\/gamma-completa\/"},{"@type":"ListItem","position":3,"name":"Dune"}]},{"@type":"WebSite","@id":"https:\/\/www.gigacer.it\/de\/#website","url":"https:\/\/www.gigacer.it\/de\/","name":"GIGACER S.p.A.","description":"Lastre in gres porcellanato Made in Italy","potentialAction":[{"@type":"SearchAction","target":{"@type":"EntryPoint","urlTemplate":"https:\/\/www.gigacer.it\/de\/?s={search_term_string}"},"query-input":"required name=search_term_string"}],"inLanguage":"de-DE"}]}},"_links":{"self":[{"href":"https:\/\/www.gigacer.it\/de\/wp-json\/wp\/v2\/product\/10801"}],"collection":[{"href":"https:\/\/www.gigacer.it\/de\/wp-json\/wp\/v2\/product"}],"about":[{"href":"https:\/\/www.gigacer.it\/de\/wp-json\/wp\/v2\/types\/product"}],"version-history":[{"count":2,"href":"https:\/\/www.gigacer.it\/de\/wp-json\/wp\/v2\/product\/10801\/revisions"}],"predecessor-version":[{"id":10813,"href":"https:\/\/www.gigacer.it\/de\/wp-json\/wp\/v2\/product\/10801\/revisions\/10813"}],"wp:featuredmedia":[{"embeddable":true,"href":"https:\/\/www.gigacer.it\/de\/wp-json\/wp\/v2\/media\/10792"}],"wp:attachment":[{"href":"https:\/\/www.gigacer.it\/de\/wp-json\/wp\/v2\/media?parent=10801"}],"wp:term":[{"taxonomy":"product_cat","embeddable":true,"href":"https:\/\/www.gigacer.it\/de\/wp-json\/wp\/v2\/product_cat?post=10801"},{"taxonomy":"product_tag","embeddable":true,"href":"https:\/\/www.gigacer.it\/de\/wp-json\/wp\/v2\/product_tag?post=10801"}],"curies":[{"name":"wp","href":"https:\/\/api.w.org\/{rel}","templated":true}]}}